{"id":3269,"date":"2026-03-31T00:35:12","date_gmt":"2026-03-31T00:35:12","guid":{"rendered":"https:\/\/www.cmsoledadedeminas.mg.gov.br\/v1\/?page_id=3269"},"modified":"2026-03-31T00:37:52","modified_gmt":"2026-03-31T00:37:52","slug":"leis-sancionadas-1991","status":"publish","type":"page","link":"https:\/\/www.cmsoledadedeminas.mg.gov.br\/v1\/documentos\/leis\/leis-sancionadas\/leis-sancionadas-1991\/","title":{"rendered":"Leis Sancionadas &#8211; 1991"},"content":{"rendered":"\t\t<div data-elementor-type=\"wp-page\" data-elementor-id=\"3269\" class=\"elementor elementor-3269\">\n\t\t\t\t\t\t<section class=\"has-el-gap el-gap-default elementor-section elementor-top-section elementor-element elementor-element-1e1a4198 elementor-section-boxed elementor-section-height-default elementor-section-height-default\" data-id=\"1e1a4198\" data-element_type=\"section\">\n\t\t\t\t\t\t<div class=\"elementor-container elementor-column-gap-no\">\n\t\t\t\t\t<div class=\"elementor-column elementor-col-100 elementor-top-column elementor-element elementor-element-d9fef9e\" data-id=\"d9fef9e\" data-element_type=\"column\">\n\t\t\t<div class=\"elementor-widget-wrap elementor-element-populated\">\n\t\t\t\t\t\t<div class=\"elementor-element elementor-element-74de8c2 elementor-widget elementor-widget-smartmag-breadcrumbs\" data-id=\"74de8c2\" data-element_type=\"widget\" data-widget_type=\"smartmag-breadcrumbs.default\">\n\t\t\t\t<div class=\"elementor-widget-container\">\n\t\t\t\t\t<nav class=\"breadcrumbs ts-contain breadcrumbs-a\" id=\"breadcrumb\"><div class=\"inner ts-contain \"><span class=\"current\">Home<\/span><\/div><\/nav>\t\t\t\t<\/div>\n\t\t\t\t<\/div>\n\t\t\t\t\t<\/div>\n\t\t<\/div>\n\t\t\t\t\t<\/div>\n\t\t<\/section>\n\t\t\t\t<section class=\"has-el-gap el-gap-default elementor-section elementor-top-section elementor-element elementor-element-709477ce elementor-section-boxed elementor-section-height-default elementor-section-height-default\" data-id=\"709477ce\" data-element_type=\"section\">\n\t\t\t\t\t\t<div class=\"elementor-container elementor-column-gap-no\">\n\t\t\t\t\t<div class=\"elementor-column elementor-col-100 elementor-top-column elementor-element elementor-element-32a56377\" data-id=\"32a56377\" data-element_type=\"column\">\n\t\t\t<div class=\"elementor-widget-wrap elementor-element-populated\">\n\t\t\t\t\t\t<div class=\"elementor-element elementor-element-7050f77c elementor-widget elementor-widget-heading\" data-id=\"7050f77c\" data-element_type=\"widget\" data-widget_type=\"heading.default\">\n\t\t\t\t\t<h2 class=\"elementor-heading-title elementor-size-default\">Leis Sancionadas - 1991<\/h2>\t\t\t\t<\/div>\n\t\t\t\t\t<\/div>\n\t\t<\/div>\n\t\t\t\t\t<\/div>\n\t\t<\/section>\n\t\t\t\t<section class=\"has-el-gap el-gap-default elementor-section elementor-top-section elementor-element elementor-element-1074f938 elementor-section-boxed elementor-section-height-default elementor-section-height-default\" data-id=\"1074f938\" data-element_type=\"section\">\n\t\t\t\t\t\t<div class=\"elementor-container elementor-column-gap-no\">\n\t\t\t\t\t<div class=\"elementor-column elementor-col-100 elementor-top-column elementor-element elementor-element-793d06fe\" data-id=\"793d06fe\" data-element_type=\"column\">\n\t\t\t<div class=\"elementor-widget-wrap elementor-element-populated\">\n\t\t\t\t\t\t<div class=\"elementor-element elementor-element-27363dfd elementor-widget elementor-widget-spacer\" data-id=\"27363dfd\" data-element_type=\"widget\" data-widget_type=\"spacer.default\">\n\t\t\t\t\t\t\t<div class=\"elementor-spacer\">\n\t\t\t<div class=\"elementor-spacer-inner\"><\/div>\n\t\t<\/div>\n\t\t\t\t\t\t<\/div>\n\t\t\t\t\t<\/div>\n\t\t<\/div>\n\t\t\t\t\t<\/div>\n\t\t<\/section>\n\t\t\t\t<section class=\"has-el-gap el-gap-default elementor-section elementor-top-section elementor-element elementor-element-1b60b670 elementor-section-boxed elementor-section-height-default elementor-section-height-default\" data-id=\"1b60b670\" data-element_type=\"section\">\n\t\t\t\t\t\t<div class=\"elementor-container elementor-column-gap-no\">\n\t\t\t\t\t<div class=\"elementor-column elementor-col-100 elementor-top-column elementor-element elementor-element-235ba5c8\" data-id=\"235ba5c8\" data-element_type=\"column\">\n\t\t\t<div class=\"elementor-widget-wrap elementor-element-populated\">\n\t\t\t\t\t\t<div class=\"elementor-element elementor-element-4f6df163 elementor-widget elementor-widget-html\" data-id=\"4f6df163\" data-element_type=\"widget\" data-widget_type=\"html.default\">\n\t\t\t\t\t\n<table id=\"tablepress-70\" class=\"tablepress tablepress-id-70\">\n<thead>\n<tr class=\"row-1\">\n\t<th class=\"column-1\">Publica\u00e7\u00e3o<\/th><th class=\"column-2\">Tipo<\/th><th class=\"column-3\">Descri\u00e7\u00e3o<\/th><th class=\"column-4\">Download<\/th>\n<\/tr>\n<\/thead>\n<tbody class=\"row-striping row-hover\">\n<tr class=\"row-2\">\n\t<td class=\"column-1\">23\/12\/1991<\/td><td class=\"column-2\">MUNICIPAL <\/td><td class=\"column-3\"><strong>LEI MUNICIPAL N\u00b0 630\/91<\/strong><br \/>\nDeclara de Utilidace P\u00fablica a Entidade que menciona.<\/td><td class=\"column-4\"><a href=\"https:\/\/www.cmsoledadedeminas.mg.gov.br\/v1\/wp-content\/uploads\/2026\/03\/Lei-Municipal-630.91.pdf\" target=\"_blank\">Download<\/a><\/td>\n<\/tr>\n<tr class=\"row-3\">\n\t<td class=\"column-1\">23\/12\/1991<\/td><td class=\"column-2\">MUNICIPAL <\/td><td class=\"column-3\"><strong>LEI MUNICIPAL N\u00b0 629\/91<\/strong><br \/>\nDisp\u00f5e s\/venementos do pessoal do Municipio.<\/td><td class=\"column-4\"><a href=\"https:\/\/www.cmsoledadedeminas.mg.gov.br\/v1\/wp-content\/uploads\/2026\/03\/Lei-Municipal-629.91.pdf\" target=\"_blank\">Download<\/a><\/td>\n<\/tr>\n<tr class=\"row-4\">\n\t<td class=\"column-1\">28\/11\/1991<\/td><td class=\"column-2\">MUNICIPAL <\/td><td class=\"column-3\"><strong>LEI MUNICIPAL N\u00b0 628\/91<\/strong><br \/>\nDisp\u00f5e sobre concess\u00e3o de Abono Salarial.<\/td><td class=\"column-4\"><a href=\"https:\/\/www.cmsoledadedeminas.mg.gov.br\/v1\/wp-content\/uploads\/2026\/03\/Lei-Municipal-628.91.pdf\" target=\"_blank\">Download<\/a><\/td>\n<\/tr>\n<tr class=\"row-5\">\n\t<td class=\"column-1\">28\/11\/1991<\/td><td class=\"column-2\">MUNICIPAL <\/td><td class=\"column-3\"><strong>LEI MUNICIPAL N\u00b0 627\/91<\/strong><br \/>\nInstitui o Conselho Muni ipal de Saude e da outras providencias.<\/td><td class=\"column-4\"><a href=\"https:\/\/www.cmsoledadedeminas.mg.gov.br\/v1\/wp-content\/uploads\/2026\/03\/Lei-Municipal-627.91.pdf\" target=\"_blank\">Download<\/a><\/td>\n<\/tr>\n<tr class=\"row-6\">\n\t<td class=\"column-1\">25\/11\/1991<\/td><td class=\"column-2\">MUNICIPAL <\/td><td class=\"column-3\"><strong>LEI MUNICIPAL N\u00b0 626\/91<\/strong><br \/>\nDispoe sobre utiliza\u00e7\u00e3o dos recursos de FGTS e contem outras providencias.<\/td><td class=\"column-4\"><a href=\"https:\/\/www.cmsoledadedeminas.mg.gov.br\/v1\/wp-content\/uploads\/2026\/03\/Lei-Municipal-626.91.pdf\" target=\"_blank\">Download<\/a><\/td>\n<\/tr>\n<tr class=\"row-7\">\n\t<td class=\"column-1\">25\/11\/1991<\/td><td class=\"column-2\">MUNICIPAL <\/td><td class=\"column-3\"><strong>LEI MUNICIPAL N\u00b0 625\/91<\/strong><br \/>\nDispoe sobre abertura de credito suplementar contem outras providencias.<br \/>\n<\/td><td class=\"column-4\"><a href=\"https:\/\/www.cmsoledadedeminas.mg.gov.br\/v1\/wp-content\/uploads\/2026\/03\/Lei-Municipal-625.91.pdf\" target=\"_blank\">Download<\/a><\/td>\n<\/tr>\n<tr class=\"row-8\">\n\t<td class=\"column-1\">25\/11\/1991<\/td><td class=\"column-2\">MUNICIPAL <\/td><td class=\"column-3\"><strong>LEI MUNICIPAL N\u00b0 624\/91<\/strong><br \/>\nAutoriza a Prefeitura Municipal a alugar imovelpara funcionamento de Posto Bancario, e contem\/outras providencias.<br \/>\n<\/td><td class=\"column-4\"><a href=\"https:\/\/www.cmsoledadedeminas.mg.gov.br\/v1\/wp-content\/uploads\/2026\/03\/Lei-Municipal-624.91.pdf\" target=\"_blank\">Download<\/a><\/td>\n<\/tr>\n<tr class=\"row-9\">\n\t<td class=\"column-1\">25\/11\/1991<\/td><td class=\"column-2\">MUNICIPAL <\/td><td class=\"column-3\"><strong>LEI MUNICIPAL N\u00b0 623\/91<\/strong><br \/>\nDispoe sobre ahert\u00fata de credito suplementar contem outras providencias.<br \/>\n<\/td><td class=\"column-4\"><a href=\"https:\/\/www.cmsoledadedeminas.mg.gov.br\/v1\/wp-content\/uploads\/2026\/03\/Lei-Municipal-623.91.pdf\" target=\"_blank\">Download<\/a><\/td>\n<\/tr>\n<tr class=\"row-10\">\n\t<td class=\"column-1\">04\/11\/1991<\/td><td class=\"column-2\">MUNICIPAL <\/td><td class=\"column-3\"><strong>LEI MUNICIPAL N\u00b0 622\/91<\/strong><br \/>\nDisp\u00f5e sobre denomina\u00e7\u00e3o de logradouro publico e da outras providencias.<br \/>\n<\/td><td class=\"column-4\"><a href=\"https:\/\/www.cmsoledadedeminas.mg.gov.br\/v1\/wp-content\/uploads\/2026\/03\/Lei-Municipal-622.91.pdf\" target=\"_blank\">Download<\/a><br \/>\n<br \/>\n<\/td>\n<\/tr>\n<tr class=\"row-11\">\n\t<td class=\"column-1\">04\/11\/1991<\/td><td class=\"column-2\">MUNICIPAL <\/td><td class=\"column-3\"><strong>LEI MUNICIPAL N\u00b0 621\/91<\/strong><br \/>\nConcede reajuste de vencimentos.<\/td><td class=\"column-4\"><a href=\"https:\/\/www.cmsoledadedeminas.mg.gov.br\/v1\/wp-content\/uploads\/2026\/03\/Lei-Municipal-621.91.pdf\" target=\"_blank\">Download<\/a><br \/>\n<br \/>\n<\/td>\n<\/tr>\n<tr class=\"row-12\">\n\t<td class=\"column-1\">22\/10\/1991<\/td><td class=\"column-2\">MUNICIPAL <\/td><td class=\"column-3\"><strong>LEI MUNICIPAL N\u00b0 620\/91<\/strong><br \/>\nDispoe sobre altera\u00e7\u00e3o da Legisla\u00e7\u00e3o Municipal.<\/td><td class=\"column-4\"><a href=\"https:\/\/www.cmsoledadedeminas.mg.gov.br\/v1\/wp-content\/uploads\/2026\/03\/Lei-Municipal-620.91.pdf\" target=\"_blank\">Download<\/a><br \/>\n<br \/>\n<\/td>\n<\/tr>\n<tr class=\"row-13\">\n\t<td class=\"column-1\">22\/10\/1991<\/td><td class=\"column-2\">MUNICIPAL <\/td><td class=\"column-3\"><strong>LEI MUNICIPAL N\u00b0 619\/91<\/strong><br \/>\nInstitui o Fundo de Previdencia Social do Municipio de Soledade de Minas\/MG e contem outras\/providencias.<\/td><td class=\"column-4\"><a href=\"https:\/\/www.cmsoledadedeminas.mg.gov.br\/v1\/wp-content\/uploads\/2026\/03\/Lei-Municipal-619.91.pdf\" target=\"_blank\">Download<\/a><br \/>\n<br \/>\n<\/td>\n<\/tr>\n<tr class=\"row-14\">\n\t<td class=\"column-1\">08\/10\/1991<\/td><td class=\"column-2\">MUNICIPAL <\/td><td class=\"column-3\"><strong>LEI MUNICIPAL N\u00b0 618\/91<\/strong><br \/>\nAUTORIZA O EXECUTIVO MUNICIPAL A ASSINAR CONV\u00caNIOS COM A SECRETARIA DE ESTADO DA SA\u00daDE DE MINAS GERAIS.<\/td><td class=\"column-4\"><a href=\"https:\/\/www.cmsoledadedeminas.mg.gov.br\/v1\/wp-content\/uploads\/2026\/03\/Lei-Municipal-618.91.pdf\" target=\"_blank\">Download<\/a><br \/>\n<br \/>\n<\/td>\n<\/tr>\n<tr class=\"row-15\">\n\t<td class=\"column-1\">22\/08\/1991<\/td><td class=\"column-2\">MUNICIPAL <\/td><td class=\"column-3\"><strong>LEI MUNICIPAL N\u00b0 617\/91<\/strong><br \/>\nConcede reajuste de vencimentos.<\/td><td class=\"column-4\"><a href=\"https:\/\/www.cmsoledadedeminas.mg.gov.br\/v1\/wp-content\/uploads\/2026\/03\/Lei-Municipal-617.91.pdf\" target=\"_blank\">Download<\/a><br \/>\n<br \/>\n<\/td>\n<\/tr>\n<tr class=\"row-16\">\n\t<td class=\"column-1\">14\/08\/1991<\/td><td class=\"column-2\">MUNICIPAL <\/td><td class=\"column-3\"><strong>LEI MUNICIPAL N\u00b0 616\/91<\/strong><br \/>\nDispoe sobre altera\u00e7\u00e3o na Legisla\u00e7\u00e3o Municipal.<\/td><td class=\"column-4\"><a href=\"https:\/\/www.cmsoledadedeminas.mg.gov.br\/v1\/wp-content\/uploads\/2026\/03\/Lei-Municipal-616.91.pdf\" target=\"_blank\">Download<\/a><br \/>\n<br \/>\n<\/td>\n<\/tr>\n<tr class=\"row-17\">\n\t<td class=\"column-1\">04\/08\/1991<\/td><td class=\"column-2\">MUNICIPAL <\/td><td class=\"column-3\"><strong>LEI MUNICIPAL N\u00b0 615\/91<\/strong><br \/>\nDispoe sobre abertura de cr\u00e9dito suplementar e contem outras providencias.<\/td><td class=\"column-4\"><a href=\"https:\/\/www.cmsoledadedeminas.mg.gov.br\/v1\/wp-content\/uploads\/2026\/03\/Lei-Municipal-615.91.pdf\" target=\"_blank\">Download<\/a><br \/>\n<br \/>\n<\/td>\n<\/tr>\n<tr class=\"row-18\">\n\t<td class=\"column-1\">30\/07\/1991<\/td><td class=\"column-2\">MUNICIPAL <\/td><td class=\"column-3\"><strong>LEI MUNICIPAL N\u00b0 614\/91<\/strong><br \/>\nDispoe sobre Concess\u00e3o de Pens\u00e3o.<\/td><td class=\"column-4\"><a href=\"https:\/\/www.cmsoledadedeminas.mg.gov.br\/v1\/wp-content\/uploads\/2026\/03\/Lei-Municipal-614.91.pdf\" target=\"_blank\">Download<\/a><br \/>\n<br \/>\n<\/td>\n<\/tr>\n<tr class=\"row-19\">\n\t<td class=\"column-1\">30\/07\/1991<\/td><td class=\"column-2\">MUNICIPAL <\/td><td class=\"column-3\"><strong>LEI MUNICIPAL N\u00b0 613\/91<\/strong><br \/>\nDispoe s\/vencimentos do pessoal do Municipio.<\/td><td class=\"column-4\"><a href=\"https:\/\/www.cmsoledadedeminas.mg.gov.br\/v1\/wp-content\/uploads\/2026\/03\/Lei-Municipal-613.91.pdf\" target=\"_blank\">Download<\/a><br \/>\n<br \/>\n<\/td>\n<\/tr>\n<tr class=\"row-20\">\n\t<td class=\"column-1\">18\/06\/1991<\/td><td class=\"column-2\">MUNICIPAL <\/td><td class=\"column-3\"><strong>LEI MUNICIPAL N\u00b0 612\/91<\/strong><br \/>\nAUTORIZA ASSINATURA DE CONTRATO COM A BATIK COM INTERVENIENCIA DA TELEMIG, PARA IMPLANTA\u00c7\u00c3O DE NOVO SERVI\u00c7O TELEF\u00d4NICO E D\u00c3 OUTRAS PROVID\u00caNCIAS.<\/td><td class=\"column-4\"><a href=\"https:\/\/www.cmsoledadedeminas.mg.gov.br\/v1\/wp-content\/uploads\/2026\/03\/Lei-Municipal-612.91.pdf\" target=\"_blank\">Download<\/a><br \/>\n<br \/>\n<\/td>\n<\/tr>\n<tr class=\"row-21\">\n\t<td class=\"column-1\">18\/06\/1991<\/td><td class=\"column-2\">MUNICIPAL <\/td><td class=\"column-3\"><strong>LEI MUNICIPAL N\u00b0 611\/91<\/strong><br \/>\nDispoe sobre denomina\u00e7\u00e3o de imovel de patrimonio Municipal em homenagem a \"Ex-Prefeito\/deste Municipio\".<\/td><td class=\"column-4\"><a href=\"https:\/\/www.cmsoledadedeminas.mg.gov.br\/v1\/wp-content\/uploads\/2026\/03\/Lei-Municipal-611.91.pdf\" target=\"_blank\">Download<\/a><br \/>\n<br \/>\n<\/td>\n<\/tr>\n<tr class=\"row-22\">\n\t<td class=\"column-1\">18\/06\/1991<\/td><td class=\"column-2\">MUNICIPAL <\/td><td class=\"column-3\"><strong>LEI MUNICIPAL N\u00b0 610\/91<\/strong><br \/>\nDispoe sobre concess\u00e3o de Abono Salarial.<\/td><td class=\"column-4\"><a href=\"https:\/\/www.cmsoledadedeminas.mg.gov.br\/v1\/wp-content\/uploads\/2026\/03\/Lei-Municipal-610.91.pdf\" target=\"_blank\">Download<\/a><br \/>\n<br \/>\n<\/td>\n<\/tr>\n<tr class=\"row-23\">\n\t<td class=\"column-1\">29\/05\/1991<\/td><td class=\"column-2\">MUNICIPAL <\/td><td class=\"column-3\"><strong>LEI MUNICIPAL N\u00b0 609\/91<\/strong><br \/>\nEstabelece Diretrizes para elabora\u00e7ao do Or\u00e7amento Municipal para 1992.<\/td><td class=\"column-4\"><a href=\"https:\/\/www.cmsoledadedeminas.mg.gov.br\/v1\/wp-content\/uploads\/2026\/03\/Lei-Municipal-609.91.pdf\" target=\"_blank\">Download<\/a><br \/>\n<br \/>\n<\/td>\n<\/tr>\n<tr class=\"row-24\">\n\t<td class=\"column-1\">29\/05\/1991<\/td><td class=\"column-2\">MUNICIPAL <\/td><td class=\"column-3\"><strong>LEI MUNICIPAL N\u00b0 608\/91<\/strong><br \/>\nConcede reajuste salarial para o pessoal do Municipio.<\/td><td class=\"column-4\"><a href=\"https:\/\/www.cmsoledadedeminas.mg.gov.br\/v1\/wp-content\/uploads\/2026\/03\/Lei-Municipal-608.91.pdf\" target=\"_blank\">Download<\/a><br \/>\n<br \/>\n<\/td>\n<\/tr>\n<tr class=\"row-25\">\n\t<td class=\"column-1\">30\/04\/1991<\/td><td class=\"column-2\">MUNICIPAL <\/td><td class=\"column-3\"><strong>LEI MUNICIPAL N\u00b0 607\/91<\/strong><br \/>\nConcede Abono Salarial.<\/td><td class=\"column-4\"><a href=\"https:\/\/www.cmsoledadedeminas.mg.gov.br\/v1\/wp-content\/uploads\/2026\/03\/Lei-Municipal-607.91.pdf\" target=\"_blank\">Download<\/a><br \/>\n<br \/>\n<\/td>\n<\/tr>\n<tr class=\"row-26\">\n\t<td class=\"column-1\">30\/04\/1991<\/td><td class=\"column-2\">MUNICIPAL <\/td><td class=\"column-3\"><strong>LEI MUNICIPAL N\u00b0 606\/91<\/strong><br \/>\nDispoe sobre cria\u00e7\u00e3o de Comissao.<\/td><td class=\"column-4\"><a href=\"https:\/\/www.cmsoledadedeminas.mg.gov.br\/v1\/wp-content\/uploads\/2026\/03\/Lei-Municipal-606.91.pdf\" target=\"_blank\">Download<\/a><br \/>\n<br \/>\n<\/td>\n<\/tr>\n<tr class=\"row-27\">\n\t<td class=\"column-1\">30\/04\/1991<\/td><td class=\"column-2\">MUNICIPAL <\/td><td class=\"column-3\"><strong>LEI MUNICIPAL N\u00b0 605\/91<\/strong><br \/>\nInstitui o Fundo Municipal de Saude e da outras providencias.<br \/>\n<\/td><td class=\"column-4\"><a href=\"https:\/\/www.cmsoledadedeminas.mg.gov.br\/v1\/wp-content\/uploads\/2026\/03\/Lei-Municipal-605.91.pdf\" target=\"_blank\">Download<\/a><br \/>\n<br \/>\n<\/td>\n<\/tr>\n<tr class=\"row-28\">\n\t<td class=\"column-1\">30\/04\/1991<\/td><td class=\"column-2\">MUNICIPAL <\/td><td class=\"column-3\"><strong>LEI MUNICIPAL N\u00b0 604\/91<\/strong><br \/>\nDispoe sobre cria\u00e7\u00e3o do Org\u00e3o Municipal de Saude.<\/td><td class=\"column-4\"><a href=\"https:\/\/www.cmsoledadedeminas.mg.gov.br\/v1\/wp-content\/uploads\/2026\/03\/Lei-Municipal-604.91.pdf\" target=\"_blank\">Download<\/a><br \/>\n<br \/>\n<\/td>\n<\/tr>\n<tr class=\"row-29\">\n\t<td class=\"column-1\">23\/12\/1991<\/td><td class=\"column-2\">COMPLEMENTAR <\/td><td class=\"column-3\"><strong>LEI COMPLEMENTAR N\u00b0 05\/91<\/strong><br \/>\nCria fun\u00e7\u00e3o gratificada.<\/td><td class=\"column-4\"><a href=\"https:\/\/www.cmsoledadedeminas.mg.gov.br\/v1\/wp-content\/uploads\/2026\/03\/Lei-Complementar-05.91.pdf\" target=\"_blank\">Download<\/a><br \/>\n<br \/>\n<\/td>\n<\/tr>\n<tr class=\"row-30\">\n\t<td class=\"column-1\">14\/08\/1991<\/td><td class=\"column-2\">COMPLEMENTAR <\/td><td class=\"column-3\"><strong>LEI COMPLEMENTAR N\u00b0 04\/91<\/strong><br \/>\nDispoe sobre cria\u00e7\u00e3o de cargo no Guadro de Pessoal da Prefeitura Municipal de Soledade de Minas.<\/td><td class=\"column-4\"><a href=\"https:\/\/www.cmsoledadedeminas.mg.gov.br\/v1\/wp-content\/uploads\/2026\/03\/Lei-Complementar-04.91.pdf\" target=\"_blank\">Download<\/a><br \/>\n<br \/>\n<\/td>\n<\/tr>\n<tr class=\"row-31\">\n\t<td class=\"column-1\">23\/04\/1991<\/td><td class=\"column-2\">COMPLEMENTAR <\/td><td class=\"column-3\"><strong>LEI COMPLEMENTAR N\u00b0 03\/91<\/strong><br \/>\nDisp\u00f5e sobre cria\u00e7\u00e3o de cargos e contem outras providencias.<\/td><td class=\"column-4\"><a href=\"https:\/\/www.cmsoledadedeminas.mg.gov.br\/v1\/wp-content\/uploads\/2026\/03\/Lei-Complementar-03.91.pdf\" target=\"_blank\">Download<\/a><br \/>\n<br \/>\n<\/td>\n<\/tr>\n<\/tbody>\n<\/table>\n<!-- #tablepress-70 from cache -->\t\t\t\t<\/div>\n\t\t\t\t\t<\/div>\n\t\t<\/div>\n\t\t\t\t\t<\/div>\n\t\t<\/section>\n\t\t\t\t<\/div>\n\t\t","protected":false},"excerpt":{"rendered":"<p>Home Leis Sancionadas &#8211; 1991<\/p>\n","protected":false},"author":1,"featured_media":0,"parent":1076,"menu_order":0,"comment_status":"closed","ping_status":"closed","template":"page-templates\/no-wrapper.php","meta":{"footnotes":""},"class_list":["post-3269","page","type-page","status-publish"],"_links":{"self":[{"href":"https:\/\/www.cmsoledadedeminas.mg.gov.br\/v1\/wp-json\/wp\/v2\/pages\/3269","targetHints":{"allow":["GET"]}}],"collection":[{"href":"https:\/\/www.cmsoledadedeminas.mg.gov.br\/v1\/wp-json\/wp\/v2\/pages"}],"about":[{"href":"https:\/\/www.cmsoledadedeminas.mg.gov.br\/v1\/wp-json\/wp\/v2\/types\/page"}],"author":[{"embeddable":true,"href":"https:\/\/www.cmsoledadedeminas.mg.gov.br\/v1\/wp-json\/wp\/v2\/users\/1"}],"replies":[{"embeddable":true,"href":"https:\/\/www.cmsoledadedeminas.mg.gov.br\/v1\/wp-json\/wp\/v2\/comments?post=3269"}],"version-history":[{"count":4,"href":"https:\/\/www.cmsoledadedeminas.mg.gov.br\/v1\/wp-json\/wp\/v2\/pages\/3269\/revisions"}],"predecessor-version":[{"id":3273,"href":"https:\/\/www.cmsoledadedeminas.mg.gov.br\/v1\/wp-json\/wp\/v2\/pages\/3269\/revisions\/3273"}],"up":[{"embeddable":true,"href":"https:\/\/www.cmsoledadedeminas.mg.gov.br\/v1\/wp-json\/wp\/v2\/pages\/1076"}],"wp:attachment":[{"href":"https:\/\/www.cmsoledadedeminas.mg.gov.br\/v1\/wp-json\/wp\/v2\/media?parent=3269"}],"curies":[{"name":"wp","href":"https:\/\/api.w.org\/{rel}","templated":true}]}}