{"id":3004,"date":"2026-03-18T21:26:23","date_gmt":"2026-03-18T21:26:23","guid":{"rendered":"https:\/\/www.cmsoledadedeminas.mg.gov.br\/v1\/?page_id=3004"},"modified":"2026-03-18T21:27:28","modified_gmt":"2026-03-18T21:27:28","slug":"leis-sancionadas-1999","status":"publish","type":"page","link":"https:\/\/www.cmsoledadedeminas.mg.gov.br\/v1\/documentos\/leis\/leis-sancionadas\/leis-sancionadas-1999\/","title":{"rendered":"Leis Sancionadas &#8211; 1999"},"content":{"rendered":"\t\t<div data-elementor-type=\"wp-page\" data-elementor-id=\"3004\" class=\"elementor elementor-3004\" data-elementor-post-type=\"page\">\n\t\t\t\t\t\t<section class=\"has-el-gap el-gap-default elementor-section elementor-top-section elementor-element elementor-element-7a5a8765 elementor-section-boxed elementor-section-height-default elementor-section-height-default\" data-id=\"7a5a8765\" data-element_type=\"section\" data-e-type=\"section\">\n\t\t\t\t\t\t<div class=\"elementor-container elementor-column-gap-no\">\n\t\t\t\t\t<div class=\"elementor-column elementor-col-100 elementor-top-column elementor-element elementor-element-6215eb30\" data-id=\"6215eb30\" data-element_type=\"column\" data-e-type=\"column\">\n\t\t\t<div class=\"elementor-widget-wrap elementor-element-populated\">\n\t\t\t\t\t\t<div class=\"elementor-element elementor-element-3543ef9d elementor-widget elementor-widget-smartmag-breadcrumbs\" data-id=\"3543ef9d\" data-element_type=\"widget\" data-e-type=\"widget\" data-widget_type=\"smartmag-breadcrumbs.default\">\n\t\t\t\t<div class=\"elementor-widget-container\">\n\t\t\t\t\t<nav class=\"breadcrumbs ts-contain breadcrumbs-a\" id=\"breadcrumb\"><div class=\"inner ts-contain \"><span class=\"current\">Home<\/span><\/div><\/nav>\t\t\t\t<\/div>\n\t\t\t\t<\/div>\n\t\t\t\t\t<\/div>\n\t\t<\/div>\n\t\t\t\t\t<\/div>\n\t\t<\/section>\n\t\t\t\t<section class=\"has-el-gap el-gap-default elementor-section elementor-top-section elementor-element elementor-element-4b20384c elementor-section-boxed elementor-section-height-default elementor-section-height-default\" data-id=\"4b20384c\" data-element_type=\"section\" data-e-type=\"section\">\n\t\t\t\t\t\t<div class=\"elementor-container elementor-column-gap-no\">\n\t\t\t\t\t<div class=\"elementor-column elementor-col-100 elementor-top-column elementor-element elementor-element-72f407d9\" data-id=\"72f407d9\" data-element_type=\"column\" data-e-type=\"column\">\n\t\t\t<div class=\"elementor-widget-wrap elementor-element-populated\">\n\t\t\t\t\t\t<div class=\"elementor-element elementor-element-53bf5bb0 elementor-widget elementor-widget-heading\" data-id=\"53bf5bb0\" data-element_type=\"widget\" data-e-type=\"widget\" data-widget_type=\"heading.default\">\n\t\t\t\t\t<h2 class=\"elementor-heading-title elementor-size-default\">Leis Sancionadas - 1999<\/h2>\t\t\t\t<\/div>\n\t\t\t\t\t<\/div>\n\t\t<\/div>\n\t\t\t\t\t<\/div>\n\t\t<\/section>\n\t\t\t\t<section class=\"has-el-gap el-gap-default elementor-section elementor-top-section elementor-element elementor-element-735b3170 elementor-section-boxed elementor-section-height-default elementor-section-height-default\" data-id=\"735b3170\" data-element_type=\"section\" data-e-type=\"section\">\n\t\t\t\t\t\t<div class=\"elementor-container elementor-column-gap-no\">\n\t\t\t\t\t<div class=\"elementor-column elementor-col-100 elementor-top-column elementor-element elementor-element-141e6da4\" data-id=\"141e6da4\" data-element_type=\"column\" data-e-type=\"column\">\n\t\t\t<div class=\"elementor-widget-wrap elementor-element-populated\">\n\t\t\t\t\t\t<div class=\"elementor-element elementor-element-5523a362 elementor-widget elementor-widget-spacer\" data-id=\"5523a362\" data-element_type=\"widget\" data-e-type=\"widget\" data-widget_type=\"spacer.default\">\n\t\t\t\t\t\t\t<div class=\"elementor-spacer\">\n\t\t\t<div class=\"elementor-spacer-inner\"><\/div>\n\t\t<\/div>\n\t\t\t\t\t\t<\/div>\n\t\t\t\t\t<\/div>\n\t\t<\/div>\n\t\t\t\t\t<\/div>\n\t\t<\/section>\n\t\t\t\t<section class=\"has-el-gap el-gap-default elementor-section elementor-top-section elementor-element elementor-element-5eecc7cd elementor-section-boxed elementor-section-height-default elementor-section-height-default\" data-id=\"5eecc7cd\" data-element_type=\"section\" data-e-type=\"section\">\n\t\t\t\t\t\t<div class=\"elementor-container elementor-column-gap-no\">\n\t\t\t\t\t<div class=\"elementor-column elementor-col-100 elementor-top-column elementor-element elementor-element-31f3f772\" data-id=\"31f3f772\" data-element_type=\"column\" data-e-type=\"column\">\n\t\t\t<div class=\"elementor-widget-wrap elementor-element-populated\">\n\t\t\t\t\t\t<div class=\"elementor-element elementor-element-42268828 elementor-widget elementor-widget-html\" data-id=\"42268828\" data-element_type=\"widget\" data-e-type=\"widget\" data-widget_type=\"html.default\">\n\t\t\t\t\t\n<table id=\"tablepress-30\" class=\"tablepress tablepress-id-30\">\n<thead>\n<tr class=\"row-1\">\n\t<th class=\"column-1\">Publica\u00e7\u00e3o<\/th><th class=\"column-2\">Tipo<\/th><th class=\"column-3\">Descri\u00e7\u00e3o<\/th><th class=\"column-4\">Download<\/th>\n<\/tr>\n<\/thead>\n<tbody class=\"row-striping row-hover\">\n<tr class=\"row-2\">\n\t<td class=\"column-1\">29\/12\/1999<\/td><td class=\"column-2\">ORDIN\u00c1RIA<\/td><td class=\"column-3\"><strong>LEI ORDIN\u00c1RIA N\u00b0 738\/99<\/strong><br \/>\nDisp\u00f5e sobre prorroga\u00e7\u00e3o de Contratos Tempor\u00e1rios de Presta\u00e7\u00e3o de Servi\u00e7os.<\/td><td class=\"column-4\"><a href=\"https:\/\/www.cmsoledadedeminas.mg.gov.br\/v1\/wp-content\/uploads\/2026\/03\/738.99-Ordinaria.pdf\" target=\"_blank\">Download<\/a><\/td>\n<\/tr>\n<tr class=\"row-3\">\n\t<td class=\"column-1\">29\/12\/1999<\/td><td class=\"column-2\">ORDIN\u00c1RIA<\/td><td class=\"column-3\"><strong>LEI ORDIN\u00c1RIA N\u00b0 737\/99<\/strong><br \/>\nDisp\u00f5e sobre aliena\u00e7\u00e3o de ve\u00edculos de patrim\u00f4nio municipal e cont\u00e9m outras disposi\u00e7\u00f5es.<\/td><td class=\"column-4\"><a href=\"https:\/\/www.cmsoledadedeminas.mg.gov.br\/v1\/wp-content\/uploads\/2026\/03\/737.99-Ordinaria.pdf\" target=\"_blank\">Download<\/a><\/td>\n<\/tr>\n<tr class=\"row-4\">\n\t<td class=\"column-1\">29\/12\/1999<\/td><td class=\"column-2\">ORDIN\u00c1RIA<\/td><td class=\"column-3\"><strong>LEI ORDIN\u00c1RIA N\u00b0 736\/99<\/strong><br \/>\nDisp\u00f5e sobre modifica\u00e7\u00e3o do par\u00e1grafo \u00fanico da Lei Municipal Complementar n\u00b0 13\/97.<\/td><td class=\"column-4\"><a href=\"https:\/\/www.cmsoledadedeminas.mg.gov.br\/v1\/wp-content\/uploads\/2026\/03\/736.99-Ordinaria.pdf\" target=\"_blank\">Download<\/a><\/td>\n<\/tr>\n<tr class=\"row-5\">\n\t<td class=\"column-1\">23\/11\/1999<\/td><td class=\"column-2\">ORDIN\u00c1RIA<\/td><td class=\"column-3\"><strong>LEI ORDIN\u00c1RIA N\u00b0 735\/99<\/strong><br \/>\nAutoriza a concess\u00e3o de subven\u00e7\u00f5es e contribui\u00e7\u00f5es pela Prefeitura no exerc\u00edcio de 2.000 e sintetiza os gastos em investimentos e cont\u00e9m outras provid\u00eancias.<\/td><td class=\"column-4\"><a href=\"https:\/\/www.cmsoledadedeminas.mg.gov.br\/v1\/wp-content\/uploads\/2026\/03\/735.99-Ordinaria.pdf\" target=\"_blank\">Download<\/a><\/td>\n<\/tr>\n<tr class=\"row-6\">\n\t<td class=\"column-1\">23\/11\/1999<\/td><td class=\"column-2\">ORDIN\u00c1RIA<\/td><td class=\"column-3\"><strong>LEI ORDIN\u00c1RIA N\u00b0 734\/99<\/strong><br \/>\nOr\u00e7a a Receita e Fixa a Despesa do Munic\u00edpio de Soledade de Minas para o exercicio de 2000.<\/td><td class=\"column-4\"><a href=\"https:\/\/www.cmsoledadedeminas.mg.gov.br\/v1\/wp-content\/uploads\/2026\/03\/734.99-Ordinaria.pdf\" target=\"_blank\">Download<\/a><\/td>\n<\/tr>\n<tr class=\"row-7\">\n\t<td class=\"column-1\">04\/11\/1999<\/td><td class=\"column-2\">ORDIN\u00c1RIA<\/td><td class=\"column-3\"><strong>LEI ORDIN\u00c1RIA N\u00b0 733\/99<\/strong><br \/>\nDisp\u00f5e sobre abertura de cr\u00e9dito especial e cont\u00e9m outras provid\u00eancias.<\/td><td class=\"column-4\"><a href=\"https:\/\/www.cmsoledadedeminas.mg.gov.br\/v1\/wp-content\/uploads\/2026\/03\/733.99-Ordinaria.pdf\" target=\"_blank\">Download<\/a><\/td>\n<\/tr>\n<tr class=\"row-8\">\n\t<td class=\"column-1\">13\/08\/1999<\/td><td class=\"column-2\">ORDIN\u00c1RIA<\/td><td class=\"column-3\"><strong>LEI ORDIN\u00c1RIA N\u00b0 732\/99<\/strong><br \/>\nDispoe sobre aprova\u00e7\u00e3o do Mapa Rodoviario Muni\u0441\u0442\u0440\u0430\u0442 e cont\u00e9m outras providencias.<\/td><td class=\"column-4\"><a href=\"https:\/\/www.cmsoledadedeminas.mg.gov.br\/v1\/wp-content\/uploads\/2026\/03\/732.99-Ordinaria.pdf\" target=\"_blank\">Download<\/a><\/td>\n<\/tr>\n<tr class=\"row-9\">\n\t<td class=\"column-1\">25\/06\/1999<\/td><td class=\"column-2\">ORDIN\u00c1RIA<\/td><td class=\"column-3\"><strong>LEI ORDIN\u00c1RIA N\u00b0 731\/99<\/strong><br \/>\nDisp\u00f6e sobre a Extin\u00e7\u00e3o do Fundo de Previd\u00eancia dos Servidores Municipais de Soledade de Minas e cont\u00e9m outras providencias.<\/td><td class=\"column-4\"><a href=\"https:\/\/www.cmsoledadedeminas.mg.gov.br\/v1\/wp-content\/uploads\/2026\/03\/731.99-Ordinaria.pdf\" target=\"_blank\">Download<\/a><\/td>\n<\/tr>\n<tr class=\"row-10\">\n\t<td class=\"column-1\">01\/06\/1999<\/td><td class=\"column-2\">ORDIN\u00c1RIA<\/td><td class=\"column-3\"><strong>LEI ORDIN\u00c1RIA N\u00b0 730\/99<\/strong><br \/>\nDisp\u00f5e sobre as diretrizes a serem empregadas em elabora\u00e7\u00e3o da Lei Or\u00e7ament\u00e1ria para o ano 2.000.<\/td><td class=\"column-4\"><a href=\"https:\/\/www.cmsoledadedeminas.mg.gov.br\/v1\/wp-content\/uploads\/2026\/03\/730.99-Ordinaria.pdf\" target=\"_blank\">Download<\/a><\/td>\n<\/tr>\n<tr class=\"row-11\">\n\t<td class=\"column-1\">05\/05\/1999<\/td><td class=\"column-2\">ORDIN\u00c1RIA<\/td><td class=\"column-3\"><strong>LEI ORDIN\u00c1RIA N\u00b0 729\/99<\/strong><br \/>\nDispoe sobre a Politica Municipal de Atendimento aos Direitos da Crian\u00e7a e do Adolescente, e contem outras providencias.<br \/>\n<\/td><td class=\"column-4\"><a href=\"https:\/\/www.cmsoledadedeminas.mg.gov.br\/v1\/wp-content\/uploads\/2026\/03\/729.99-Ordinaria.pdf\" target=\"_blank\">Download<\/a><\/td>\n<\/tr>\n<tr class=\"row-12\">\n\t<td class=\"column-1\">09\/04\/1999<\/td><td class=\"column-2\">ORDIN\u00c1RIA<\/td><td class=\"column-3\"><strong>LEI ORDIN\u00c1RIA N\u00b0 728\/99<\/strong><br \/>\nDisp\u00f5e sobre doa\u00e7\u00f5es e concess\u00f5es de direito real de uso, para fins de uso de interesse social.<br \/>\n<\/td><td class=\"column-4\"><a href=\"https:\/\/www.cmsoledadedeminas.mg.gov.br\/v1\/wp-content\/uploads\/2026\/03\/728.99-Ordinaria.pdf\" target=\"_blank\">Download<\/a><\/td>\n<\/tr>\n<tr class=\"row-13\">\n\t<td class=\"column-1\">29\/12\/1999<\/td><td class=\"column-2\">COMPLEMENTAR<\/td><td class=\"column-3\"><strong>LEI COMPLEMENTAR N\u00b0 22\/99<\/strong><br \/>\nDisp\u00f5e sobre cria\u00e7\u00e3o de cargos p\u00fablicos e cont\u00e9m outras disposi\u00e7\u00f5es.<\/td><td class=\"column-4\"><a href=\"https:\/\/www.cmsoledadedeminas.mg.gov.br\/v1\/wp-content\/uploads\/2026\/03\/22.99-Complementar.pdf\" target=\"_blank\">Download<\/a><\/td>\n<\/tr>\n<tr class=\"row-14\">\n\t<td class=\"column-1\">25\/10\/1999<\/td><td class=\"column-2\">COMPLEMENTAR<\/td><td class=\"column-3\"><strong>LEI COMPLEMENTAR N\u00b0 21\/99<\/strong><br \/>\nEstabelece normas para contrata\u00e7\u00e3o de pessoal por tempo determinado e cont\u00e9m outras disposi\u00e7\u00f5es.<\/td><td class=\"column-4\"><a href=\"https:\/\/www.cmsoledadedeminas.mg.gov.br\/v1\/wp-content\/uploads\/2026\/03\/21.99-Complementar.pdf\" target=\"_blank\">Download<\/a><\/td>\n<\/tr>\n<tr class=\"row-15\">\n\t<td class=\"column-1\">07\/10\/1999<\/td><td class=\"column-2\">COMPLEMENTAR<\/td><td class=\"column-3\"><strong>LEI COMPLEMENTAR N\u00b0 20\/99<\/strong><br \/>\nDisp\u00f5e sobre cria\u00e7\u00e3o de Cargo P\u00fablico Comissionado.<\/td><td class=\"column-4\"><a href=\"https:\/\/www.cmsoledadedeminas.mg.gov.br\/v1\/wp-content\/uploads\/2026\/03\/20.99-Complementar.pdf\" target=\"_blank\">Download<\/a><\/td>\n<\/tr>\n<tr class=\"row-16\">\n\t<td class=\"column-1\">05\/05\/1999<\/td><td class=\"column-2\">COMPLEMENTAR<\/td><td class=\"column-3\"><strong>LEI COMPLEMENTAR N\u00b0 19\/99<\/strong><br \/>\nDisp\u00f5e sobre altera\u00e7\u00f5es no quadro de Servidores Municipais.<\/td><td class=\"column-4\"><a href=\"https:\/\/www.cmsoledadedeminas.mg.gov.br\/v1\/wp-content\/uploads\/2026\/03\/19.99-Complementar.pdf\" target=\"_blank\">Download<\/a><\/td>\n<\/tr>\n<\/tbody>\n<\/table>\n<!-- #tablepress-30 from cache -->\t\t\t\t<\/div>\n\t\t\t\t\t<\/div>\n\t\t<\/div>\n\t\t\t\t\t<\/div>\n\t\t<\/section>\n\t\t\t\t<\/div>\n\t\t","protected":false},"excerpt":{"rendered":"<p>Home Leis Sancionadas &#8211; 1999<\/p>\n","protected":false},"author":1,"featured_media":0,"parent":1076,"menu_order":0,"comment_status":"closed","ping_status":"closed","template":"page-templates\/no-wrapper.php","meta":{"footnotes":""},"class_list":["post-3004","page","type-page","status-publish"],"_links":{"self":[{"href":"https:\/\/www.cmsoledadedeminas.mg.gov.br\/v1\/wp-json\/wp\/v2\/pages\/3004","targetHints":{"allow":["GET"]}}],"collection":[{"href":"https:\/\/www.cmsoledadedeminas.mg.gov.br\/v1\/wp-json\/wp\/v2\/pages"}],"about":[{"href":"https:\/\/www.cmsoledadedeminas.mg.gov.br\/v1\/wp-json\/wp\/v2\/types\/page"}],"author":[{"embeddable":true,"href":"https:\/\/www.cmsoledadedeminas.mg.gov.br\/v1\/wp-json\/wp\/v2\/users\/1"}],"replies":[{"embeddable":true,"href":"https:\/\/www.cmsoledadedeminas.mg.gov.br\/v1\/wp-json\/wp\/v2\/comments?post=3004"}],"version-history":[{"count":4,"href":"https:\/\/www.cmsoledadedeminas.mg.gov.br\/v1\/wp-json\/wp\/v2\/pages\/3004\/revisions"}],"predecessor-version":[{"id":3008,"href":"https:\/\/www.cmsoledadedeminas.mg.gov.br\/v1\/wp-json\/wp\/v2\/pages\/3004\/revisions\/3008"}],"up":[{"embeddable":true,"href":"https:\/\/www.cmsoledadedeminas.mg.gov.br\/v1\/wp-json\/wp\/v2\/pages\/1076"}],"wp:attachment":[{"href":"https:\/\/www.cmsoledadedeminas.mg.gov.br\/v1\/wp-json\/wp\/v2\/media?parent=3004"}],"curies":[{"name":"wp","href":"https:\/\/api.w.org\/{rel}","templated":true}]}}