{"id":2988,"date":"2026-03-18T21:16:34","date_gmt":"2026-03-18T21:16:34","guid":{"rendered":"https:\/\/www.cmsoledadedeminas.mg.gov.br\/v1\/?page_id=2988"},"modified":"2026-03-18T21:18:10","modified_gmt":"2026-03-18T21:18:10","slug":"leis-sancionadas-2002","status":"publish","type":"page","link":"https:\/\/www.cmsoledadedeminas.mg.gov.br\/v1\/documentos\/leis\/leis-sancionadas\/leis-sancionadas-2002\/","title":{"rendered":"Leis Sancionadas &#8211; 2002"},"content":{"rendered":"\t\t<div data-elementor-type=\"wp-page\" data-elementor-id=\"2988\" class=\"elementor elementor-2988\" data-elementor-post-type=\"page\">\n\t\t\t\t\t\t<section class=\"has-el-gap el-gap-default elementor-section elementor-top-section elementor-element elementor-element-3075696f elementor-section-boxed elementor-section-height-default elementor-section-height-default\" data-id=\"3075696f\" data-element_type=\"section\" data-e-type=\"section\">\n\t\t\t\t\t\t<div class=\"elementor-container elementor-column-gap-no\">\n\t\t\t\t\t<div class=\"elementor-column elementor-col-100 elementor-top-column elementor-element elementor-element-43b20f0b\" data-id=\"43b20f0b\" data-element_type=\"column\" data-e-type=\"column\">\n\t\t\t<div class=\"elementor-widget-wrap elementor-element-populated\">\n\t\t\t\t\t\t<div class=\"elementor-element elementor-element-628f326c elementor-widget elementor-widget-smartmag-breadcrumbs\" data-id=\"628f326c\" data-element_type=\"widget\" data-e-type=\"widget\" data-widget_type=\"smartmag-breadcrumbs.default\">\n\t\t\t\t<div class=\"elementor-widget-container\">\n\t\t\t\t\t<nav class=\"breadcrumbs ts-contain breadcrumbs-a\" id=\"breadcrumb\"><div class=\"inner ts-contain \"><span class=\"current\">Home<\/span><\/div><\/nav>\t\t\t\t<\/div>\n\t\t\t\t<\/div>\n\t\t\t\t\t<\/div>\n\t\t<\/div>\n\t\t\t\t\t<\/div>\n\t\t<\/section>\n\t\t\t\t<section class=\"has-el-gap el-gap-default elementor-section elementor-top-section elementor-element elementor-element-384895be elementor-section-boxed elementor-section-height-default elementor-section-height-default\" data-id=\"384895be\" data-element_type=\"section\" data-e-type=\"section\">\n\t\t\t\t\t\t<div class=\"elementor-container elementor-column-gap-no\">\n\t\t\t\t\t<div class=\"elementor-column elementor-col-100 elementor-top-column elementor-element elementor-element-3ba10\" data-id=\"3ba10\" data-element_type=\"column\" data-e-type=\"column\">\n\t\t\t<div class=\"elementor-widget-wrap elementor-element-populated\">\n\t\t\t\t\t\t<div class=\"elementor-element elementor-element-32916306 elementor-widget elementor-widget-heading\" data-id=\"32916306\" data-element_type=\"widget\" data-e-type=\"widget\" data-widget_type=\"heading.default\">\n\t\t\t\t\t<h2 class=\"elementor-heading-title elementor-size-default\">Leis Sancionadas -  2002<\/h2>\t\t\t\t<\/div>\n\t\t\t\t\t<\/div>\n\t\t<\/div>\n\t\t\t\t\t<\/div>\n\t\t<\/section>\n\t\t\t\t<section class=\"has-el-gap el-gap-default elementor-section elementor-top-section elementor-element elementor-element-dc240f0 elementor-section-boxed elementor-section-height-default elementor-section-height-default\" data-id=\"dc240f0\" data-element_type=\"section\" data-e-type=\"section\">\n\t\t\t\t\t\t<div class=\"elementor-container elementor-column-gap-no\">\n\t\t\t\t\t<div class=\"elementor-column elementor-col-100 elementor-top-column elementor-element elementor-element-4b21b3d7\" data-id=\"4b21b3d7\" data-element_type=\"column\" data-e-type=\"column\">\n\t\t\t<div class=\"elementor-widget-wrap elementor-element-populated\">\n\t\t\t\t\t\t<div class=\"elementor-element elementor-element-303f3baa elementor-widget elementor-widget-spacer\" data-id=\"303f3baa\" data-element_type=\"widget\" data-e-type=\"widget\" data-widget_type=\"spacer.default\">\n\t\t\t\t\t\t\t<div class=\"elementor-spacer\">\n\t\t\t<div class=\"elementor-spacer-inner\"><\/div>\n\t\t<\/div>\n\t\t\t\t\t\t<\/div>\n\t\t\t\t\t<\/div>\n\t\t<\/div>\n\t\t\t\t\t<\/div>\n\t\t<\/section>\n\t\t\t\t<section class=\"has-el-gap el-gap-default elementor-section elementor-top-section elementor-element elementor-element-4f65d7ce elementor-section-boxed elementor-section-height-default elementor-section-height-default\" data-id=\"4f65d7ce\" data-element_type=\"section\" data-e-type=\"section\">\n\t\t\t\t\t\t<div class=\"elementor-container elementor-column-gap-no\">\n\t\t\t\t\t<div class=\"elementor-column elementor-col-100 elementor-top-column elementor-element elementor-element-6a7ff50\" data-id=\"6a7ff50\" data-element_type=\"column\" data-e-type=\"column\">\n\t\t\t<div class=\"elementor-widget-wrap elementor-element-populated\">\n\t\t\t\t\t\t<div class=\"elementor-element elementor-element-57836ac1 elementor-widget elementor-widget-html\" data-id=\"57836ac1\" data-element_type=\"widget\" data-e-type=\"widget\" data-widget_type=\"html.default\">\n\t\t\t\t\t\n<table id=\"tablepress-60\" class=\"tablepress tablepress-id-60\">\n<thead>\n<tr class=\"row-1\">\n\t<th class=\"column-1\">Publica\u00e7\u00e3o<\/th><th class=\"column-2\">Tipo<\/th><th class=\"column-3\">Descri\u00e7\u00e3o<\/th><th class=\"column-4\">Download<\/th>\n<\/tr>\n<\/thead>\n<tbody class=\"row-striping row-hover\">\n<tr class=\"row-2\">\n\t<td class=\"column-1\">31\/12\/2002<\/td><td class=\"column-2\">COMPLEMENTAR<\/td><td class=\"column-3\"><strong>LEI COMPLEMENTAR N\u00b0 31\/02 <\/strong><br \/>\nDisp\u00f5e sobre cria\u00e7\u00e3o de cargo em comiss\u00e3o.<br \/>\n<\/td><td class=\"column-4\"><a href=\"https:\/\/www.cmsoledadedeminas.mg.gov.br\/v1\/wp-content\/uploads\/2026\/03\/31.2002-Complementar.pdf\" target=\"_blank\">Download<\/a><br \/>\n<br \/>\n<\/td>\n<\/tr>\n<tr class=\"row-3\">\n\t<td class=\"column-1\">31\/12\/2002<\/td><td class=\"column-2\">ORDIN\u00c1RIA<\/td><td class=\"column-3\"><strong>LEI ORDIN\u00c1RIA N\u00b0 778\/02 <\/strong><br \/>\nInstitui no munic\u00edpio de Soledade de Minas a Contribui\u00e7\u00e3opara Custeio da llumina\u00e7\u00e3o P\u00fablica prevista no artigo 149-A da Constitui\u00e7\u00e3o Federal.<br \/>\n<\/td><td class=\"column-4\"><a href=\"https:\/\/www.cmsoledadedeminas.mg.gov.br\/v1\/wp-content\/uploads\/2026\/03\/778.2002-Ordinaria.pdf\" target=\"_blank\">Download<\/a><br \/>\n<br \/>\n<\/td>\n<\/tr>\n<tr class=\"row-4\">\n\t<td class=\"column-1\">18\/12\/2002<\/td><td class=\"column-2\">ORDIN\u00c1RIA<\/td><td class=\"column-3\"><strong>LEI ORDIN\u00c1RIA N\u00b0 777\/02 <\/strong><br \/>\nD\u00e1 nova reda\u00e7\u00e3o ao Inciso XIV e acrescenta par\u00e1grafo ao inciso XVI do artigo 177 da Lei Municipal n\u00ba 433\/73.<br \/>\n<\/td><td class=\"column-4\"><a href=\"https:\/\/www.cmsoledadedeminas.mg.gov.br\/v1\/wp-content\/uploads\/2026\/03\/777.2002-Ordinaria.pdf\" target=\"_blank\">Download<\/a><br \/>\n<br \/>\n<\/td>\n<\/tr>\n<tr class=\"row-5\">\n\t<td class=\"column-1\">25\/11\/2002<\/td><td class=\"column-2\">ORDIN\u00c1RIA<\/td><td class=\"column-3\"><strong>LEI ORDIN\u00c1RIA N\u00b0 776\/02 <\/strong><br \/>\nAutoriza a Prefeitura a conceder no exerc\u00edcio de 2003 subven\u00e7\u00f5es sociais e contribui\u00e7\u00f5es correntes, e contem outras provid\u00eancias:<\/td><td class=\"column-4\"><a href=\"https:\/\/www.cmsoledadedeminas.mg.gov.br\/v1\/wp-content\/uploads\/2026\/03\/776.2002-Ordinaria.pdf\" target=\"_blank\">Download<\/a><br \/>\n<br \/>\n<\/td>\n<\/tr>\n<tr class=\"row-6\">\n\t<td class=\"column-1\">24\/09\/2002<\/td><td class=\"column-2\">ORDIN\u00c1RIA<\/td><td class=\"column-3\"><strong>LEI ORDIN\u00c1RIA N\u00b0 775\/02 <\/strong><br \/>\nEstima a Receita e fixa a Despesa do Munic\u00edpio de Soledade de Minas-MG para o ano de 2.003.<\/td><td class=\"column-4\"><a href=\"https:\/\/www.cmsoledadedeminas.mg.gov.br\/v1\/wp-content\/uploads\/2026\/03\/775.2002-Ordinaria.pdf\" target=\"_blank\">Download<\/a><br \/>\n<br \/>\n<\/td>\n<\/tr>\n<tr class=\"row-7\">\n\t<td class=\"column-1\">24\/09\/2002<\/td><td class=\"column-2\">ORDIN\u00c1RIA<\/td><td class=\"column-3\"><strong>LEI ORDIN\u00c1RIA N\u00b0 774\/02 <\/strong><br \/>\nAutoriza a filia\u00e7\u00e3o do Munic\u00edpio de Soledade de Minas, MG, Associa\u00e7\u00e3o de Integra\u00e7\u00e3o Regional do Circuito das Aguas - ARCA.<\/td><td class=\"column-4\"><a href=\"https:\/\/www.cmsoledadedeminas.mg.gov.br\/v1\/wp-content\/uploads\/2026\/03\/774.2002-Ordinaria.pdf\" target=\"_blank\">Download<\/a><br \/>\n<br \/>\n<\/td>\n<\/tr>\n<tr class=\"row-8\">\n\t<td class=\"column-1\">18\/07\/2002<\/td><td class=\"column-2\">ORDIN\u00c1RIA<\/td><td class=\"column-3\"><strong>LEI ORDIN\u00c1RIA N\u00b0 773\/02 <\/strong><br \/>\nDisp\u00f5e sobre denomina\u00e7\u00e3o de logradouros p\u00fablicos e cont\u00e9m outras provid\u00eancias.<\/td><td class=\"column-4\"><a href=\"https:\/\/www.cmsoledadedeminas.mg.gov.br\/v1\/wp-content\/uploads\/2026\/03\/773.2002-Ordinaria.pdf\" target=\"_blank\">Download<\/a><br \/>\n<br \/>\n<\/td>\n<\/tr>\n<tr class=\"row-9\">\n\t<td class=\"column-1\">04\/07\/2002<\/td><td class=\"column-2\">ORDIN\u00c1RIA<\/td><td class=\"column-3\"><strong>LEI ORDIN\u00c1RIA N\u00b0 772\/02 <\/strong><br \/>\nDisp\u00f5e sobre as diretrizes para clabora\u00e7\u00e3o do or\u00e7amento para 2003.<\/td><td class=\"column-4\"><a href=\"https:\/\/www.cmsoledadedeminas.mg.gov.br\/v1\/wp-content\/uploads\/2026\/03\/772.2002-Ordinaria.pdf\" target=\"_blank\">Download<\/a><br \/>\n<br \/>\n<\/td>\n<\/tr>\n<tr class=\"row-10\">\n\t<td class=\"column-1\">24\/04\/2002<\/td><td class=\"column-2\">ORDIN\u00c1RIA<\/td><td class=\"column-3\"><strong>LEI ORDIN\u00c1RIA N\u00b0 769\/02 <\/strong><br \/>\nDisp\u00f5e sobre reajuste nos vencimentos, proventos e pens\u00f5es do pessoal do Munic\u00edpio.<\/td><td class=\"column-4\"><a href=\"https:\/\/www.cmsoledadedeminas.mg.gov.br\/v1\/wp-content\/uploads\/2026\/03\/769.2002-Ordinaria.pdf\" target=\"_blank\">Download<\/a><br \/>\n<br \/>\n<\/td>\n<\/tr>\n<tr class=\"row-11\">\n\t<td class=\"column-1\">24\/04\/2002<\/td><td class=\"column-2\">ORDIN\u00c1RIA<\/td><td class=\"column-3\"><strong>LEI ORDIN\u00c1RIA N\u00b0 768\/02 <\/strong><br \/>\nDisp\u00f5e sobre a Pol\u00edtica Municipal de Atendimento aos Direitos da Crian\u00e7a e do Adolescente, e d\u00e1 outras provid\u00eancias.<\/td><td class=\"column-4\"><a href=\"https:\/\/www.cmsoledadedeminas.mg.gov.br\/v1\/wp-content\/uploads\/2026\/03\/768.2002-Ordinaria.pdf\" target=\"_blank\">Download<\/a><br \/>\n<br \/>\n<\/td>\n<\/tr>\n<tr class=\"row-12\">\n\t<td class=\"column-1\">20\/03\/2002<\/td><td class=\"column-2\">ORDIN\u00c1RIA<\/td><td class=\"column-3\"><strong>LEI ORDIN\u00c1RIA N\u00b0 767\/02 <\/strong><br \/>\nDisp\u00f5e sobre o Estatuto do Magist\u00e9rio P\u00fablico e d\u00e1 Provid\u00eancias Correlata.<\/td><td class=\"column-4\"><a href=\"https:\/\/www.cmsoledadedeminas.mg.gov.br\/v1\/wp-content\/uploads\/2026\/03\/767.2002-Ordinaria.pdf\" target=\"_blank\">Download<\/a><br \/>\n<br \/>\n<\/td>\n<\/tr>\n<tr class=\"row-13\">\n\t<td class=\"column-1\">20\/03\/2002<\/td><td class=\"column-2\">ORDIN\u00c1RIA<\/td><td class=\"column-3\"><strong>LEI ORDIN\u00c1RIA N\u00b0 766\/02 <\/strong><br \/>\nAutoriza o Munic\u00edpio de Soledade de Minas a receber em doa\u00e7\u00e3o e d\u00e1 outras provid\u00eancias.<\/td><td class=\"column-4\"><a href=\"https:\/\/www.cmsoledadedeminas.mg.gov.br\/v1\/wp-content\/uploads\/2026\/03\/766.2002-Ordinaria.pdf\" target=\"_blank\">Download<\/a><br \/>\n<br \/>\n<\/td>\n<\/tr>\n<tr class=\"row-14\">\n\t<td class=\"column-1\">27\/02\/2002<\/td><td class=\"column-2\">ORDIN\u00c1RIA<\/td><td class=\"column-3\"><strong>LEI ORDIN\u00c1RIA N\u00b0 765\/02 <\/strong><br \/>\nAutoriza o Munic\u00edpio de Soledade de Minas a receber material para cal\u00e7amento de logradouros.<\/td><td class=\"column-4\"><a href=\"https:\/\/www.cmsoledadedeminas.mg.gov.br\/v1\/wp-content\/uploads\/2026\/03\/765.2002-Ordinaria.pdf\" target=\"_blank\">Download<\/a><br \/>\n<br \/>\n<\/td>\n<\/tr>\n<tr class=\"row-15\">\n\t<td class=\"column-1\">20\/11\/2001<\/td><td class=\"column-2\">ORDIN\u00c1RIA<\/td><td class=\"column-3\"><strong>LEI ORDIN\u00c1RIA N\u00b0 764\/02 <\/strong><br \/>\nEstima a Receita e Fixa a Despesa do Munic\u00edpio de Soledade de Minas para o ano de 2002.<\/td><td class=\"column-4\"><a href=\"https:\/\/www.cmsoledadedeminas.mg.gov.br\/v1\/wp-content\/uploads\/2026\/03\/764.2002-Ordinaria.pdf\" target=\"_blank\">Download<\/a><br \/>\n<br \/>\n<\/td>\n<\/tr>\n<\/tbody>\n<\/table>\n<!-- #tablepress-60 from cache -->\t\t\t\t<\/div>\n\t\t\t\t\t<\/div>\n\t\t<\/div>\n\t\t\t\t\t<\/div>\n\t\t<\/section>\n\t\t\t\t<\/div>\n\t\t","protected":false},"excerpt":{"rendered":"<p>Home Leis Sancionadas &#8211; 2002<\/p>\n","protected":false},"author":1,"featured_media":0,"parent":1076,"menu_order":0,"comment_status":"closed","ping_status":"closed","template":"page-templates\/no-wrapper.php","meta":{"footnotes":""},"class_list":["post-2988","page","type-page","status-publish"],"_links":{"self":[{"href":"https:\/\/www.cmsoledadedeminas.mg.gov.br\/v1\/wp-json\/wp\/v2\/pages\/2988","targetHints":{"allow":["GET"]}}],"collection":[{"href":"https:\/\/www.cmsoledadedeminas.mg.gov.br\/v1\/wp-json\/wp\/v2\/pages"}],"about":[{"href":"https:\/\/www.cmsoledadedeminas.mg.gov.br\/v1\/wp-json\/wp\/v2\/types\/page"}],"author":[{"embeddable":true,"href":"https:\/\/www.cmsoledadedeminas.mg.gov.br\/v1\/wp-json\/wp\/v2\/users\/1"}],"replies":[{"embeddable":true,"href":"https:\/\/www.cmsoledadedeminas.mg.gov.br\/v1\/wp-json\/wp\/v2\/comments?post=2988"}],"version-history":[{"count":4,"href":"https:\/\/www.cmsoledadedeminas.mg.gov.br\/v1\/wp-json\/wp\/v2\/pages\/2988\/revisions"}],"predecessor-version":[{"id":2992,"href":"https:\/\/www.cmsoledadedeminas.mg.gov.br\/v1\/wp-json\/wp\/v2\/pages\/2988\/revisions\/2992"}],"up":[{"embeddable":true,"href":"https:\/\/www.cmsoledadedeminas.mg.gov.br\/v1\/wp-json\/wp\/v2\/pages\/1076"}],"wp:attachment":[{"href":"https:\/\/www.cmsoledadedeminas.mg.gov.br\/v1\/wp-json\/wp\/v2\/media?parent=2988"}],"curies":[{"name":"wp","href":"https:\/\/api.w.org\/{rel}","templated":true}]}}