{"id":2983,"date":"2026-03-18T21:14:06","date_gmt":"2026-03-18T21:14:06","guid":{"rendered":"https:\/\/www.cmsoledadedeminas.mg.gov.br\/v1\/?page_id=2983"},"modified":"2026-03-18T21:15:36","modified_gmt":"2026-03-18T21:15:36","slug":"leis-sancionadas-2003","status":"publish","type":"page","link":"https:\/\/www.cmsoledadedeminas.mg.gov.br\/v1\/documentos\/leis\/leis-sancionadas\/leis-sancionadas-2003\/","title":{"rendered":"Leis Sancionadas &#8211; 2003"},"content":{"rendered":"\t\t<div data-elementor-type=\"wp-page\" data-elementor-id=\"2983\" class=\"elementor elementor-2983\" data-elementor-post-type=\"page\">\n\t\t\t\t\t\t<section class=\"has-el-gap el-gap-default elementor-section elementor-top-section elementor-element elementor-element-4f815cf elementor-section-boxed elementor-section-height-default elementor-section-height-default\" data-id=\"4f815cf\" data-element_type=\"section\" data-e-type=\"section\">\n\t\t\t\t\t\t<div class=\"elementor-container elementor-column-gap-no\">\n\t\t\t\t\t<div class=\"elementor-column elementor-col-100 elementor-top-column elementor-element elementor-element-64c2f464\" data-id=\"64c2f464\" data-element_type=\"column\" data-e-type=\"column\">\n\t\t\t<div class=\"elementor-widget-wrap elementor-element-populated\">\n\t\t\t\t\t\t<div class=\"elementor-element elementor-element-24133257 elementor-widget elementor-widget-smartmag-breadcrumbs\" data-id=\"24133257\" data-element_type=\"widget\" data-e-type=\"widget\" data-widget_type=\"smartmag-breadcrumbs.default\">\n\t\t\t\t<div class=\"elementor-widget-container\">\n\t\t\t\t\t<nav class=\"breadcrumbs ts-contain breadcrumbs-a\" id=\"breadcrumb\"><div class=\"inner ts-contain \"><span class=\"current\">Home<\/span><\/div><\/nav>\t\t\t\t<\/div>\n\t\t\t\t<\/div>\n\t\t\t\t\t<\/div>\n\t\t<\/div>\n\t\t\t\t\t<\/div>\n\t\t<\/section>\n\t\t\t\t<section class=\"has-el-gap el-gap-default elementor-section elementor-top-section elementor-element elementor-element-12f6bbba elementor-section-boxed elementor-section-height-default elementor-section-height-default\" data-id=\"12f6bbba\" data-element_type=\"section\" data-e-type=\"section\">\n\t\t\t\t\t\t<div class=\"elementor-container elementor-column-gap-no\">\n\t\t\t\t\t<div class=\"elementor-column elementor-col-100 elementor-top-column elementor-element elementor-element-5778d674\" data-id=\"5778d674\" data-element_type=\"column\" data-e-type=\"column\">\n\t\t\t<div class=\"elementor-widget-wrap elementor-element-populated\">\n\t\t\t\t\t\t<div class=\"elementor-element elementor-element-13357e48 elementor-widget elementor-widget-heading\" data-id=\"13357e48\" data-element_type=\"widget\" data-e-type=\"widget\" data-widget_type=\"heading.default\">\n\t\t\t\t\t<h2 class=\"elementor-heading-title elementor-size-default\">Leis Sancionadas - 2003<\/h2>\t\t\t\t<\/div>\n\t\t\t\t\t<\/div>\n\t\t<\/div>\n\t\t\t\t\t<\/div>\n\t\t<\/section>\n\t\t\t\t<section class=\"has-el-gap el-gap-default elementor-section elementor-top-section elementor-element elementor-element-341ba526 elementor-section-boxed elementor-section-height-default elementor-section-height-default\" data-id=\"341ba526\" data-element_type=\"section\" data-e-type=\"section\">\n\t\t\t\t\t\t<div class=\"elementor-container elementor-column-gap-no\">\n\t\t\t\t\t<div class=\"elementor-column elementor-col-100 elementor-top-column elementor-element elementor-element-178665f6\" data-id=\"178665f6\" data-element_type=\"column\" data-e-type=\"column\">\n\t\t\t<div class=\"elementor-widget-wrap elementor-element-populated\">\n\t\t\t\t\t\t<div class=\"elementor-element elementor-element-20276a25 elementor-widget elementor-widget-spacer\" data-id=\"20276a25\" data-element_type=\"widget\" data-e-type=\"widget\" data-widget_type=\"spacer.default\">\n\t\t\t\t\t\t\t<div class=\"elementor-spacer\">\n\t\t\t<div class=\"elementor-spacer-inner\"><\/div>\n\t\t<\/div>\n\t\t\t\t\t\t<\/div>\n\t\t\t\t\t<\/div>\n\t\t<\/div>\n\t\t\t\t\t<\/div>\n\t\t<\/section>\n\t\t\t\t<section class=\"has-el-gap el-gap-default elementor-section elementor-top-section elementor-element elementor-element-17a879f7 elementor-section-boxed elementor-section-height-default elementor-section-height-default\" data-id=\"17a879f7\" data-element_type=\"section\" data-e-type=\"section\">\n\t\t\t\t\t\t<div class=\"elementor-container elementor-column-gap-no\">\n\t\t\t\t\t<div class=\"elementor-column elementor-col-100 elementor-top-column elementor-element elementor-element-2eeb5b8d\" data-id=\"2eeb5b8d\" data-element_type=\"column\" data-e-type=\"column\">\n\t\t\t<div class=\"elementor-widget-wrap elementor-element-populated\">\n\t\t\t\t\t\t<div class=\"elementor-element elementor-element-6d73d53d elementor-widget elementor-widget-html\" data-id=\"6d73d53d\" data-element_type=\"widget\" data-e-type=\"widget\" data-widget_type=\"html.default\">\n\t\t\t\t\t\n<table id=\"tablepress-59\" class=\"tablepress tablepress-id-59\">\n<thead>\n<tr class=\"row-1\">\n\t<th class=\"column-1\">Publica\u00e7\u00e3o<\/th><th class=\"column-2\">Tipo<\/th><th class=\"column-3\">Descri\u00e7\u00e3o<\/th><th class=\"column-4\">Download<\/th>\n<\/tr>\n<\/thead>\n<tbody class=\"row-striping row-hover\">\n<tr class=\"row-2\">\n\t<td class=\"column-1\">14\/07\/2003<\/td><td class=\"column-2\">DECRETO<\/td><td class=\"column-3\"><strong>DECRETO EXECUTIVO N\u00b0 541\/03 <\/strong><br \/>\nDisp\u00f5e sobre abertura de cr\u00e9dito suplementar.<\/td><td class=\"column-4\"><a href=\"https:\/\/www.cmsoledadedeminas.mg.gov.br\/v1\/wp-content\/uploads\/2026\/03\/Decreto-Executivo-541.2003.pdf\" target=\"_blank\">Download<\/a><br \/>\n<br \/>\n<\/td>\n<\/tr>\n<tr class=\"row-3\">\n\t<td class=\"column-1\">30\/12\/2003<\/td><td class=\"column-2\">ORDIN\u00c1RIA<\/td><td class=\"column-3\"><strong>LEI ORDIN\u00c1RIA N\u00b0 791\/03 <\/strong><br \/>\nAltera a planilha da Lei Municipal n\u00ba 781\/2003.<\/td><td class=\"column-4\"><a href=\"https:\/\/www.cmsoledadedeminas.mg.gov.br\/v1\/wp-content\/uploads\/2026\/03\/790.2003-Lei-Ordinaria.pdf\" target=\"_blank\">Download<\/a><br \/>\n<br \/>\n<\/td>\n<\/tr>\n<tr class=\"row-4\">\n\t<td class=\"column-1\">19\/12\/2003<\/td><td class=\"column-2\">ORDIN\u00c1RIA<\/td><td class=\"column-3\"><strong>LEI ORDIN\u00c1RIA N\u00b0 790\/03 <\/strong><br \/>\nAutoriza a concess\u00e3o de subven\u00e7\u00f5es sociais e contribui\u00e7\u00f5es correntes pela Prefeitura no exerc\u00edcio de 2004, e cont\u00e9m outras provid\u00eancias.<\/td><td class=\"column-4\"><a href=\"https:\/\/www.cmsoledadedeminas.mg.gov.br\/v1\/wp-content\/uploads\/2026\/03\/790.2003-Lei-Ordinaria.pdf\" target=\"_blank\">Download<\/a><br \/>\n<br \/>\n<\/td>\n<\/tr>\n<tr class=\"row-5\">\n\t<td class=\"column-1\">19\/12\/2003<\/td><td class=\"column-2\">ORDIN\u00c1RIA<\/td><td class=\"column-3\"><strong>LEI ORDIN\u00c1RIA N\u00b0 789\/03 <\/strong><br \/>\nOr\u00e7a a receita e Fixa a Despesa do Munic\u00edpio de Soledade de Minas para o exerc\u00edcio de 2004.<\/td><td class=\"column-4\"><a href=\"https:\/\/www.cmsoledadedeminas.mg.gov.br\/v1\/wp-content\/uploads\/2026\/03\/789.2003-Lei-Ordinaria.pdf\" target=\"_blank\">Download<\/a><br \/>\n<br \/>\n<\/td>\n<\/tr>\n<tr class=\"row-6\">\n\t<td class=\"column-1\">19\/12\/2003<\/td><td class=\"column-2\">ORDIN\u00c1RIA<\/td><td class=\"column-3\"><strong>LEI ORDIN\u00c1RIA N\u00b0 788\/03 <\/strong><br \/>\nDisp\u00f5e sobre altera\u00e7\u00e3o do artigo 9\u00ba da Lei Municipal n\u00ba 767\/2002 de 20\/03\/2002.<\/td><td class=\"column-4\"><a href=\"https:\/\/www.cmsoledadedeminas.mg.gov.br\/v1\/wp-content\/uploads\/2026\/03\/788.2003-Lei-Ordinaria.pdf\" target=\"_blank\">Download<\/a><br \/>\n<br \/>\n<\/td>\n<\/tr>\n<tr class=\"row-7\">\n\t<td class=\"column-1\">03\/09\/2003<\/td><td class=\"column-2\">ORDIN\u00c1RIA<\/td><td class=\"column-3\"><strong>LEI ORDIN\u00c1RIA N\u00b0 787\/03 <\/strong><br \/>\nDisp\u00f5e sobre denomina\u00e7\u00e3o de logradouro p\u00fablico.<\/td><td class=\"column-4\"><a href=\"https:\/\/www.cmsoledadedeminas.mg.gov.br\/v1\/wp-content\/uploads\/2026\/03\/787.2003-Lei-Ordinaria.pdf\" target=\"_blank\">Download<\/a><br \/>\n<br \/>\n<\/td>\n<\/tr>\n<tr class=\"row-8\">\n\t<td class=\"column-1\">29\/05\/2003<\/td><td class=\"column-2\">ORDIN\u00c1RIA<\/td><td class=\"column-3\"><strong>LEI ORDIN\u00c1RIA N\u00b0 786\/03 <\/strong><br \/>\nDisp\u00f5e sobre as diretrizes para elabora\u00e7\u00e3o do or\u00e7amento para 2004.<\/td><td class=\"column-4\"><a href=\"https:\/\/www.cmsoledadedeminas.mg.gov.br\/v1\/wp-content\/uploads\/2026\/03\/786.2003-Lei-Ordinaria.pdf\" target=\"_blank\">Download<\/a><br \/>\n<br \/>\n<\/td>\n<\/tr>\n<tr class=\"row-9\">\n\t<td class=\"column-1\">29\/05\/2003<\/td><td class=\"column-2\">ORDIN\u00c1RIA<\/td><td class=\"column-3\"><strong>LEI ORDIN\u00c1RIA N\u00b0 785\/03 <\/strong><br \/>\nDisp\u00f5e sobre Doa\u00e7\u00e3o de im\u00f3vel de Patrim\u00f4nio Municipal e cont\u00e9m outras provid\u00eancias.<\/td><td class=\"column-4\"><a href=\"https:\/\/www.cmsoledadedeminas.mg.gov.br\/v1\/wp-content\/uploads\/2026\/03\/785.2003-Lei-Ordinaria.pdf\" target=\"_blank\">Download<\/a><br \/>\n<br \/>\n<\/td>\n<\/tr>\n<tr class=\"row-10\">\n\t<td class=\"column-1\">29\/05\/2003<\/td><td class=\"column-2\">ORDIN\u00c1RIA<\/td><td class=\"column-3\"><strong>LEI ORDIN\u00c1RIA N\u00b0 784\/03 <\/strong><br \/>\nDisp\u00f5e sobre declara\u00e7\u00e3o de utilidade p\u00fablica.<\/td><td class=\"column-4\"><a href=\"https:\/\/www.cmsoledadedeminas.mg.gov.br\/v1\/wp-content\/uploads\/2026\/03\/784.2003-Lei-Ordinaria.pdf\" target=\"_blank\">Download<\/a><br \/>\n<br \/>\n<\/td>\n<\/tr>\n<tr class=\"row-11\">\n\t<td class=\"column-1\">24\/04\/2003<\/td><td class=\"column-2\">ORDIN\u00c1RIA<\/td><td class=\"column-3\"><strong>LEI ORDIN\u00c1RIA N\u00b0 783\/03 <\/strong><br \/>\nDISP\u00d5E SOBRE O ESTATUTO DOS SERVIDORES P\u00daBLICOS DO MUNIC\u00cdPIO DE SOLEDADE DE MINAS E CONT\u00c9M OUTRAS PROVID\u00caNCIAS.<\/td><td class=\"column-4\"><a href=\"https:\/\/www.cmsoledadedeminas.mg.gov.br\/v1\/wp-content\/uploads\/2026\/03\/783.2003-Lei-Ordinaria.pdf\" target=\"_blank\">Download<\/a><br \/>\n<br \/>\n<\/td>\n<\/tr>\n<tr class=\"row-12\">\n\t<td class=\"column-1\">24\/04\/2003<\/td><td class=\"column-2\">ORDIN\u00c1RIA<\/td><td class=\"column-3\"><strong>LEI ORDIN\u00c1RIA N\u00b0 782\/03 <\/strong><br \/>\nDisp\u00f5e sobre a contrata\u00e7\u00e3o de pessoal pelo Municipio, por tempo determinado, espec\u00edfico para o Programa de Sa\u00fade da Fam\u00edlia e Programas Especiais da Sa\u00fade.<br \/>\n<\/td><td class=\"column-4\"><a href=\"https:\/\/www.cmsoledadedeminas.mg.gov.br\/v1\/wp-content\/uploads\/2026\/03\/782.2003-Lei-Ordinaria.pdf\" target=\"_blank\">Download<\/a><br \/>\n<br \/>\n<\/td>\n<\/tr>\n<tr class=\"row-13\">\n\t<td class=\"column-1\">24\/04\/2003<\/td><td class=\"column-2\">ORDIN\u00c1RIA<\/td><td class=\"column-3\"><strong>LEI ORDIN\u00c1RIA N\u00b0 781\/03 <\/strong><br \/>\nD\u00e1 nova reda\u00e7\u00e3o a Lei Municipal n\" 778\/2002.<\/td><td class=\"column-4\"><a href=\"https:\/\/www.cmsoledadedeminas.mg.gov.br\/v1\/wp-content\/uploads\/2026\/03\/781.2003-Lei-Ordinaria.pdf\" target=\"_blank\">Download<\/a><br \/>\n<br \/>\n<\/td>\n<\/tr>\n<tr class=\"row-14\">\n\t<td class=\"column-1\">24\/04\/2003<\/td><td class=\"column-2\">ORDIN\u00c1RIA<\/td><td class=\"column-3\"><strong>LEI ORDIN\u00c1RIA N\u00b0 780\/03 <\/strong><br \/>\nDisp\u00f5e sobre reajuste nos vencimentos, proventos e pens\u00f5es do pessoal do Munic\u00edpio.<\/td><td class=\"column-4\"><a href=\"https:\/\/www.cmsoledadedeminas.mg.gov.br\/v1\/wp-content\/uploads\/2026\/03\/780.2003-Lei-Ordinaria.pdf\" target=\"_blank\">Download<\/a><br \/>\n<br \/>\n<\/td>\n<\/tr>\n<tr class=\"row-15\">\n\t<td class=\"column-1\">19\/02\/2003<\/td><td class=\"column-2\">ORDIN\u00c1RIA<\/td><td class=\"column-3\"><strong>LEI ORDIN\u00c1RIA N\u00b0 779\/03 <\/strong><br \/>\nDisp\u00f5e sobre aquisi\u00e7\u00e3o de ve\u00edculo para o setor de obras da Prefeitura Municipal de Soledade de Minas.<\/td><td class=\"column-4\"><a href=\"https:\/\/www.cmsoledadedeminas.mg.gov.br\/v1\/wp-content\/uploads\/2026\/03\/779.2003-Lei-Ordinaria.pdf\" target=\"_blank\">Download<\/a><br \/>\n<br \/>\n<\/td>\n<\/tr>\n<\/tbody>\n<\/table>\n<!-- #tablepress-59 from cache -->\t\t\t\t<\/div>\n\t\t\t\t\t<\/div>\n\t\t<\/div>\n\t\t\t\t\t<\/div>\n\t\t<\/section>\n\t\t\t\t<\/div>\n\t\t","protected":false},"excerpt":{"rendered":"<p>Home Leis Sancionadas &#8211; 2003<\/p>\n","protected":false},"author":1,"featured_media":0,"parent":1076,"menu_order":0,"comment_status":"closed","ping_status":"closed","template":"page-templates\/no-wrapper.php","meta":{"footnotes":""},"class_list":["post-2983","page","type-page","status-publish"],"_links":{"self":[{"href":"https:\/\/www.cmsoledadedeminas.mg.gov.br\/v1\/wp-json\/wp\/v2\/pages\/2983","targetHints":{"allow":["GET"]}}],"collection":[{"href":"https:\/\/www.cmsoledadedeminas.mg.gov.br\/v1\/wp-json\/wp\/v2\/pages"}],"about":[{"href":"https:\/\/www.cmsoledadedeminas.mg.gov.br\/v1\/wp-json\/wp\/v2\/types\/page"}],"author":[{"embeddable":true,"href":"https:\/\/www.cmsoledadedeminas.mg.gov.br\/v1\/wp-json\/wp\/v2\/users\/1"}],"replies":[{"embeddable":true,"href":"https:\/\/www.cmsoledadedeminas.mg.gov.br\/v1\/wp-json\/wp\/v2\/comments?post=2983"}],"version-history":[{"count":4,"href":"https:\/\/www.cmsoledadedeminas.mg.gov.br\/v1\/wp-json\/wp\/v2\/pages\/2983\/revisions"}],"predecessor-version":[{"id":2987,"href":"https:\/\/www.cmsoledadedeminas.mg.gov.br\/v1\/wp-json\/wp\/v2\/pages\/2983\/revisions\/2987"}],"up":[{"embeddable":true,"href":"https:\/\/www.cmsoledadedeminas.mg.gov.br\/v1\/wp-json\/wp\/v2\/pages\/1076"}],"wp:attachment":[{"href":"https:\/\/www.cmsoledadedeminas.mg.gov.br\/v1\/wp-json\/wp\/v2\/media?parent=2983"}],"curies":[{"name":"wp","href":"https:\/\/api.w.org\/{rel}","templated":true}]}}