{"id":2978,"date":"2026-03-18T21:12:15","date_gmt":"2026-03-18T21:12:15","guid":{"rendered":"https:\/\/www.cmsoledadedeminas.mg.gov.br\/v1\/?page_id=2978"},"modified":"2026-03-18T21:13:24","modified_gmt":"2026-03-18T21:13:24","slug":"leis-sancionadas-2004","status":"publish","type":"page","link":"https:\/\/www.cmsoledadedeminas.mg.gov.br\/v1\/documentos\/leis\/leis-sancionadas\/leis-sancionadas-2004\/","title":{"rendered":"Leis Sancionadas &#8211; 2004"},"content":{"rendered":"\t\t<div data-elementor-type=\"wp-page\" data-elementor-id=\"2978\" class=\"elementor elementor-2978\" data-elementor-post-type=\"page\">\n\t\t\t\t\t\t<section class=\"has-el-gap el-gap-default elementor-section elementor-top-section elementor-element elementor-element-79de7f2f elementor-section-boxed elementor-section-height-default elementor-section-height-default\" data-id=\"79de7f2f\" data-element_type=\"section\" data-e-type=\"section\">\n\t\t\t\t\t\t<div class=\"elementor-container elementor-column-gap-no\">\n\t\t\t\t\t<div class=\"elementor-column elementor-col-100 elementor-top-column elementor-element elementor-element-1c1909ee\" data-id=\"1c1909ee\" data-element_type=\"column\" data-e-type=\"column\">\n\t\t\t<div class=\"elementor-widget-wrap elementor-element-populated\">\n\t\t\t\t\t\t<div class=\"elementor-element elementor-element-6b145c38 elementor-widget elementor-widget-smartmag-breadcrumbs\" data-id=\"6b145c38\" data-element_type=\"widget\" data-e-type=\"widget\" data-widget_type=\"smartmag-breadcrumbs.default\">\n\t\t\t\t<div class=\"elementor-widget-container\">\n\t\t\t\t\t<nav class=\"breadcrumbs ts-contain breadcrumbs-a\" id=\"breadcrumb\"><div class=\"inner ts-contain \"><span class=\"current\">Home<\/span><\/div><\/nav>\t\t\t\t<\/div>\n\t\t\t\t<\/div>\n\t\t\t\t\t<\/div>\n\t\t<\/div>\n\t\t\t\t\t<\/div>\n\t\t<\/section>\n\t\t\t\t<section class=\"has-el-gap el-gap-default elementor-section elementor-top-section elementor-element elementor-element-5b57bbeb elementor-section-boxed elementor-section-height-default elementor-section-height-default\" data-id=\"5b57bbeb\" data-element_type=\"section\" data-e-type=\"section\">\n\t\t\t\t\t\t<div class=\"elementor-container elementor-column-gap-no\">\n\t\t\t\t\t<div class=\"elementor-column elementor-col-100 elementor-top-column elementor-element elementor-element-1dd605c1\" data-id=\"1dd605c1\" data-element_type=\"column\" data-e-type=\"column\">\n\t\t\t<div class=\"elementor-widget-wrap elementor-element-populated\">\n\t\t\t\t\t\t<div class=\"elementor-element elementor-element-334d973d elementor-widget elementor-widget-heading\" data-id=\"334d973d\" data-element_type=\"widget\" data-e-type=\"widget\" data-widget_type=\"heading.default\">\n\t\t\t\t\t<h2 class=\"elementor-heading-title elementor-size-default\">Leis Sancionadas - 2004<\/h2>\t\t\t\t<\/div>\n\t\t\t\t\t<\/div>\n\t\t<\/div>\n\t\t\t\t\t<\/div>\n\t\t<\/section>\n\t\t\t\t<section class=\"has-el-gap el-gap-default elementor-section elementor-top-section elementor-element elementor-element-79b8957b elementor-section-boxed elementor-section-height-default elementor-section-height-default\" data-id=\"79b8957b\" data-element_type=\"section\" data-e-type=\"section\">\n\t\t\t\t\t\t<div class=\"elementor-container elementor-column-gap-no\">\n\t\t\t\t\t<div class=\"elementor-column elementor-col-100 elementor-top-column elementor-element elementor-element-3aa38136\" data-id=\"3aa38136\" data-element_type=\"column\" data-e-type=\"column\">\n\t\t\t<div class=\"elementor-widget-wrap elementor-element-populated\">\n\t\t\t\t\t\t<div class=\"elementor-element elementor-element-1231a059 elementor-widget elementor-widget-spacer\" data-id=\"1231a059\" data-element_type=\"widget\" data-e-type=\"widget\" data-widget_type=\"spacer.default\">\n\t\t\t\t\t\t\t<div class=\"elementor-spacer\">\n\t\t\t<div class=\"elementor-spacer-inner\"><\/div>\n\t\t<\/div>\n\t\t\t\t\t\t<\/div>\n\t\t\t\t\t<\/div>\n\t\t<\/div>\n\t\t\t\t\t<\/div>\n\t\t<\/section>\n\t\t\t\t<section class=\"has-el-gap el-gap-default elementor-section elementor-top-section elementor-element elementor-element-3214417d elementor-section-boxed elementor-section-height-default elementor-section-height-default\" data-id=\"3214417d\" data-element_type=\"section\" data-e-type=\"section\">\n\t\t\t\t\t\t<div class=\"elementor-container elementor-column-gap-no\">\n\t\t\t\t\t<div class=\"elementor-column elementor-col-100 elementor-top-column elementor-element elementor-element-55eeae22\" data-id=\"55eeae22\" data-element_type=\"column\" data-e-type=\"column\">\n\t\t\t<div class=\"elementor-widget-wrap elementor-element-populated\">\n\t\t\t\t\t\t<div class=\"elementor-element elementor-element-271bfb94 elementor-widget elementor-widget-html\" data-id=\"271bfb94\" data-element_type=\"widget\" data-e-type=\"widget\" data-widget_type=\"html.default\">\n\t\t\t\t\t\n<table id=\"tablepress-58\" class=\"tablepress tablepress-id-58\">\n<thead>\n<tr class=\"row-1\">\n\t<th class=\"column-1\">Publica\u00e7\u00e3o<\/th><th class=\"column-2\">Tipo<\/th><th class=\"column-3\">Descri\u00e7\u00e3o<\/th><th class=\"column-4\">Download<\/th>\n<\/tr>\n<\/thead>\n<tbody class=\"row-striping row-hover\">\n<tr class=\"row-2\">\n\t<td class=\"column-1\">07\/12\/2004<\/td><td class=\"column-2\">ORDIN\u00c1RIA<\/td><td class=\"column-3\"><strong>LEI ORDIN\u00c1RIA N\u00b0 799\/04 <\/strong><br \/>\nAutoriza o Munic\u00edpio de Soledade de Minas a receber im\u00f3veis em doa\u00e7\u00e3o.<\/td><td class=\"column-4\"><a href=\"https:\/\/www.cmsoledadedeminas.mg.gov.br\/v1\/wp-content\/uploads\/2026\/03\/799.2004-Lei-Ordinaria.pdf\" target=\"_blank\">Download<\/a><br \/>\n<br \/>\n<\/td>\n<\/tr>\n<tr class=\"row-3\">\n\t<td class=\"column-1\">20\/10\/2004<\/td><td class=\"column-2\">ORDIN\u00c1RIA<\/td><td class=\"column-3\"><strong>LEI ORDIN\u00c1RIA N\u00b0 798\/04 <\/strong><br \/>\nAltera a legisla\u00e7\u00e3o do Imposto Sobre Servi\u00e7os de Qualquer Natureza, da Lei Municipal 515\/80<\/td><td class=\"column-4\"><a href=\"https:\/\/www.cmsoledadedeminas.mg.gov.br\/v1\/wp-content\/uploads\/2026\/03\/798.2004-Lei-Ordinaria.pdf\" target=\"_blank\">Download<\/a><br \/>\n<br \/>\n<\/td>\n<\/tr>\n<tr class=\"row-4\">\n\t<td class=\"column-1\">20\/10\/2004<\/td><td class=\"column-2\">ORDIN\u00c1RIA<\/td><td class=\"column-3\"><strong>LEI ORDIN\u00c1RIA N\u00b0 797\/04 <\/strong><br \/>\nDisp\u00f5e sobre a cria\u00e7\u00e3o do Fundo Municipal de Turismo e d\u00e1 outras provid\u00eancias.<\/td><td class=\"column-4\"><a href=\"https:\/\/www.cmsoledadedeminas.mg.gov.br\/v1\/wp-content\/uploads\/2026\/03\/797.2004-Lei-Ordinaria.pdf\" target=\"_blank\">Download<\/a><br \/>\n<br \/>\n<\/td>\n<\/tr>\n<tr class=\"row-5\">\n\t<td class=\"column-1\">20\/10\/2004<\/td><td class=\"column-2\">ORDIN\u00c1RIA<\/td><td class=\"column-3\"><strong>LEI ORDIN\u00c1RIA N\u00b0 796\/04 <\/strong><br \/>\nDisp\u00f5e sobre a Cria\u00e7\u00e3o do Conselho Municipal de Turismo e d\u00e1 outras provid\u00eancias<br \/>\n<\/td><td class=\"column-4\"><a href=\"https:\/\/www.cmsoledadedeminas.mg.gov.br\/v1\/wp-content\/uploads\/2026\/03\/796.2004-Lei-Ordinaria.pdf\" target=\"_blank\">Download<\/a><br \/>\n<br \/>\n<\/td>\n<\/tr>\n<tr class=\"row-6\">\n\t<td class=\"column-1\">31\/08\/2004<\/td><td class=\"column-2\">ORDIN\u00c1RIA<\/td><td class=\"column-3\"><strong>LEI ORDIN\u00c1RIA N\u00b0 795\/04 <\/strong><br \/>\nEstabelece os subs\u00eddios do Prefeito e do Vice-Prefeito para a pr\u00f3xima legislatura e contem outras provid\u00eancias.<br \/>\n<\/td><td class=\"column-4\"><a href=\"https:\/\/www.cmsoledadedeminas.mg.gov.br\/v1\/wp-content\/uploads\/2026\/03\/795.2004-Lei-Ordinaria.pdf\" target=\"_blank\">Download<\/a><br \/>\n<br \/>\n<\/td>\n<\/tr>\n<tr class=\"row-7\">\n\t<td class=\"column-1\">19\/08\/2004<\/td><td class=\"column-2\">ORDIN\u00c1RIA<\/td><td class=\"column-3\"><strong>LEI ORDIN\u00c1RIA N\u00b0 794\/04 <\/strong><br \/>\nAutoriza o Munic\u00edpio a receber doa\u00e7\u00e3o de aparelho retransmissor de TV.<\/td><td class=\"column-4\"><a href=\"https:\/\/www.cmsoledadedeminas.mg.gov.br\/v1\/wp-content\/uploads\/2026\/03\/794.2004-Lei-Ordinaria.pdf\" target=\"_blank\">Download<\/a><br \/>\n<br \/>\n<\/td>\n<\/tr>\n<tr class=\"row-8\">\n\t<td class=\"column-1\">22\/07\/2004<\/td><td class=\"column-2\">ORDIN\u00c1RIA<\/td><td class=\"column-3\"><strong>LEI ORDIN\u00c1RIA N\u00b0 793\/04 <\/strong><br \/>\nDisp\u00f5e sobre as diretrizes para elabora\u00e7\u00e3o do or\u00e7amento para 2005.<\/td><td class=\"column-4\"><a href=\"https:\/\/www.cmsoledadedeminas.mg.gov.br\/v1\/wp-content\/uploads\/2026\/03\/793.2004-Lei-Ordinaria.pdf\" target=\"_blank\">Download<\/a><br \/>\n<br \/>\n<\/td>\n<\/tr>\n<tr class=\"row-9\">\n\t<td class=\"column-1\">30\/04\/2004<\/td><td class=\"column-2\">ORDIN\u00c1RIA<\/td><td class=\"column-3\"><strong>LEI ORDIN\u00c1RIA N\u00b0 792\/04 <\/strong><br \/>\nAutoriza o Poder Executivo Municipal a negociar com urbana, de Minas Gerais - CEMIG a execu\u00e7\u00e3o de obras de eletrifica\u00e7\u00e3o rural ou para atendimento a propriet\u00e1rios rurais ou urbanos, de baixa renda, no \u00e2mbito do Munic\u00edpio.<\/td><td class=\"column-4\"><a href=\"https:\/\/www.cmsoledadedeminas.mg.gov.br\/v1\/wp-content\/uploads\/2026\/03\/792.2004-Lei-Ordinaria.pdf\" target=\"_blank\">Download<\/a><br \/>\n<br \/>\n<\/td>\n<\/tr>\n<tr class=\"row-10\">\n\t<td class=\"column-1\">19\/08\/2004<\/td><td class=\"column-2\">COMPLEMENTAR<\/td><td class=\"column-3\"><strong>LEI COMPLEMENTAR N\u00b0 35\/04 <\/strong><br \/>\nModifica o Artigo 85 e acrescenta \u00a7 3\u00ba da Lei Municipal n\u00ba 783\/2003 - Estatuto dos Servidores P\u00fablicos do Munic\u00edpio de Soledade de Minas.<\/td><td class=\"column-4\"><a href=\"https:\/\/www.cmsoledadedeminas.mg.gov.br\/v1\/wp-content\/uploads\/2026\/03\/35.2004-Lei-Complementar.pdf\" target=\"_blank\">Download<\/a><br \/>\n<br \/>\n<\/td>\n<\/tr>\n<tr class=\"row-11\">\n\t<td class=\"column-1\">03\/05\/2004<\/td><td class=\"column-2\">COMPLEMENTAR<\/td><td class=\"column-3\"><strong>LEI COMPLEMENTAR N\u00b0 34\/04 <\/strong><br \/>\nDisp\u00f5e sobre cria\u00e7\u00e3o de cargo p\u00fablico.<\/td><td class=\"column-4\"><a href=\"https:\/\/www.cmsoledadedeminas.mg.gov.br\/v1\/wp-content\/uploads\/2026\/03\/34.2004-Lei-Complementar.pdf\" target=\"_blank\">Download<\/a><br \/>\n<br \/>\n<\/td>\n<\/tr>\n<tr class=\"row-12\">\n\t<td class=\"column-1\">03\/05\/2004<\/td><td class=\"column-2\">COMPLEMENTAR<\/td><td class=\"column-3\"><strong>LEI COMPLEMENTAR N\u00b0 33\/04 <\/strong><br \/>\nDisp\u00f5e sobre cria\u00e7\u00e3o de cargo p\u00fablico.<\/td><td class=\"column-4\"><a href=\"https:\/\/www.cmsoledadedeminas.mg.gov.br\/v1\/wp-content\/uploads\/2026\/03\/33.2004-Lei-Complementar.pdf\" target=\"_blank\">Download<\/a><br \/>\n<br \/>\n<\/td>\n<\/tr>\n<\/tbody>\n<\/table>\n<!-- #tablepress-58 from cache -->\t\t\t\t<\/div>\n\t\t\t\t\t<\/div>\n\t\t<\/div>\n\t\t\t\t\t<\/div>\n\t\t<\/section>\n\t\t\t\t<\/div>\n\t\t","protected":false},"excerpt":{"rendered":"<p>Home Leis Sancionadas &#8211; 2004<\/p>\n","protected":false},"author":1,"featured_media":0,"parent":1076,"menu_order":0,"comment_status":"closed","ping_status":"closed","template":"page-templates\/no-wrapper.php","meta":{"footnotes":""},"class_list":["post-2978","page","type-page","status-publish"],"_links":{"self":[{"href":"https:\/\/www.cmsoledadedeminas.mg.gov.br\/v1\/wp-json\/wp\/v2\/pages\/2978","targetHints":{"allow":["GET"]}}],"collection":[{"href":"https:\/\/www.cmsoledadedeminas.mg.gov.br\/v1\/wp-json\/wp\/v2\/pages"}],"about":[{"href":"https:\/\/www.cmsoledadedeminas.mg.gov.br\/v1\/wp-json\/wp\/v2\/types\/page"}],"author":[{"embeddable":true,"href":"https:\/\/www.cmsoledadedeminas.mg.gov.br\/v1\/wp-json\/wp\/v2\/users\/1"}],"replies":[{"embeddable":true,"href":"https:\/\/www.cmsoledadedeminas.mg.gov.br\/v1\/wp-json\/wp\/v2\/comments?post=2978"}],"version-history":[{"count":4,"href":"https:\/\/www.cmsoledadedeminas.mg.gov.br\/v1\/wp-json\/wp\/v2\/pages\/2978\/revisions"}],"predecessor-version":[{"id":2982,"href":"https:\/\/www.cmsoledadedeminas.mg.gov.br\/v1\/wp-json\/wp\/v2\/pages\/2978\/revisions\/2982"}],"up":[{"embeddable":true,"href":"https:\/\/www.cmsoledadedeminas.mg.gov.br\/v1\/wp-json\/wp\/v2\/pages\/1076"}],"wp:attachment":[{"href":"https:\/\/www.cmsoledadedeminas.mg.gov.br\/v1\/wp-json\/wp\/v2\/media?parent=2978"}],"curies":[{"name":"wp","href":"https:\/\/api.w.org\/{rel}","templated":true}]}}