{"id":2973,"date":"2026-03-18T21:07:58","date_gmt":"2026-03-18T21:07:58","guid":{"rendered":"https:\/\/www.cmsoledadedeminas.mg.gov.br\/v1\/?page_id=2973"},"modified":"2026-03-18T21:11:32","modified_gmt":"2026-03-18T21:11:32","slug":"leis-sancionadas-2005","status":"publish","type":"page","link":"https:\/\/www.cmsoledadedeminas.mg.gov.br\/v1\/documentos\/leis\/leis-sancionadas\/leis-sancionadas-2005\/","title":{"rendered":"Leis Sancionadas &#8211; 2005"},"content":{"rendered":"\t\t<div data-elementor-type=\"wp-page\" data-elementor-id=\"2973\" class=\"elementor elementor-2973\" data-elementor-post-type=\"page\">\n\t\t\t\t\t\t<section class=\"has-el-gap el-gap-default elementor-section elementor-top-section elementor-element elementor-element-20ff6a95 elementor-section-boxed elementor-section-height-default elementor-section-height-default\" data-id=\"20ff6a95\" data-element_type=\"section\" data-e-type=\"section\">\n\t\t\t\t\t\t<div class=\"elementor-container elementor-column-gap-no\">\n\t\t\t\t\t<div class=\"elementor-column elementor-col-100 elementor-top-column elementor-element elementor-element-26c274b1\" data-id=\"26c274b1\" data-element_type=\"column\" data-e-type=\"column\">\n\t\t\t<div class=\"elementor-widget-wrap elementor-element-populated\">\n\t\t\t\t\t\t<div class=\"elementor-element elementor-element-5d1aae76 elementor-widget elementor-widget-smartmag-breadcrumbs\" data-id=\"5d1aae76\" data-element_type=\"widget\" data-e-type=\"widget\" data-widget_type=\"smartmag-breadcrumbs.default\">\n\t\t\t\t<div class=\"elementor-widget-container\">\n\t\t\t\t\t<nav class=\"breadcrumbs ts-contain breadcrumbs-a\" id=\"breadcrumb\"><div class=\"inner ts-contain \"><span class=\"current\">Home<\/span><\/div><\/nav>\t\t\t\t<\/div>\n\t\t\t\t<\/div>\n\t\t\t\t\t<\/div>\n\t\t<\/div>\n\t\t\t\t\t<\/div>\n\t\t<\/section>\n\t\t\t\t<section class=\"has-el-gap el-gap-default elementor-section elementor-top-section elementor-element elementor-element-64bfc6b7 elementor-section-boxed elementor-section-height-default elementor-section-height-default\" data-id=\"64bfc6b7\" data-element_type=\"section\" data-e-type=\"section\">\n\t\t\t\t\t\t<div class=\"elementor-container elementor-column-gap-no\">\n\t\t\t\t\t<div class=\"elementor-column elementor-col-100 elementor-top-column elementor-element elementor-element-3eaca04d\" data-id=\"3eaca04d\" data-element_type=\"column\" data-e-type=\"column\">\n\t\t\t<div class=\"elementor-widget-wrap elementor-element-populated\">\n\t\t\t\t\t\t<div class=\"elementor-element elementor-element-2d3e345a elementor-widget elementor-widget-heading\" data-id=\"2d3e345a\" data-element_type=\"widget\" data-e-type=\"widget\" data-widget_type=\"heading.default\">\n\t\t\t\t\t<h2 class=\"elementor-heading-title elementor-size-default\">Leis Sancionadas - 2005<\/h2>\t\t\t\t<\/div>\n\t\t\t\t\t<\/div>\n\t\t<\/div>\n\t\t\t\t\t<\/div>\n\t\t<\/section>\n\t\t\t\t<section class=\"has-el-gap el-gap-default elementor-section elementor-top-section elementor-element elementor-element-3de19f46 elementor-section-boxed elementor-section-height-default elementor-section-height-default\" data-id=\"3de19f46\" data-element_type=\"section\" data-e-type=\"section\">\n\t\t\t\t\t\t<div class=\"elementor-container elementor-column-gap-no\">\n\t\t\t\t\t<div class=\"elementor-column elementor-col-100 elementor-top-column elementor-element elementor-element-223478a7\" data-id=\"223478a7\" data-element_type=\"column\" data-e-type=\"column\">\n\t\t\t<div class=\"elementor-widget-wrap elementor-element-populated\">\n\t\t\t\t\t\t<div class=\"elementor-element elementor-element-794afb64 elementor-widget elementor-widget-spacer\" data-id=\"794afb64\" data-element_type=\"widget\" data-e-type=\"widget\" data-widget_type=\"spacer.default\">\n\t\t\t\t\t\t\t<div class=\"elementor-spacer\">\n\t\t\t<div class=\"elementor-spacer-inner\"><\/div>\n\t\t<\/div>\n\t\t\t\t\t\t<\/div>\n\t\t\t\t\t<\/div>\n\t\t<\/div>\n\t\t\t\t\t<\/div>\n\t\t<\/section>\n\t\t\t\t<section class=\"has-el-gap el-gap-default elementor-section elementor-top-section elementor-element elementor-element-527540bd elementor-section-boxed elementor-section-height-default elementor-section-height-default\" data-id=\"527540bd\" data-element_type=\"section\" data-e-type=\"section\">\n\t\t\t\t\t\t<div class=\"elementor-container elementor-column-gap-no\">\n\t\t\t\t\t<div class=\"elementor-column elementor-col-100 elementor-top-column elementor-element elementor-element-7e055bb9\" data-id=\"7e055bb9\" data-element_type=\"column\" data-e-type=\"column\">\n\t\t\t<div class=\"elementor-widget-wrap elementor-element-populated\">\n\t\t\t\t\t\t<div class=\"elementor-element elementor-element-e1b2851 elementor-widget elementor-widget-html\" data-id=\"e1b2851\" data-element_type=\"widget\" data-e-type=\"widget\" data-widget_type=\"html.default\">\n\t\t\t\t\t\n<table id=\"tablepress-57\" class=\"tablepress tablepress-id-57\">\n<thead>\n<tr class=\"row-1\">\n\t<th class=\"column-1\">Publica\u00e7\u00e3o<\/th><th class=\"column-2\">Tipo<\/th><th class=\"column-3\">Descri\u00e7\u00e3o<\/th><th class=\"column-4\">Download<\/th>\n<\/tr>\n<\/thead>\n<tbody class=\"row-striping row-hover\">\n<tr class=\"row-2\">\n\t<td class=\"column-1\">23\/12\/2005<\/td><td class=\"column-2\">ORDIN\u00c1RIA<\/td><td class=\"column-3\"><strong>LEI ORDIN\u00c1RIA N\u00b0 812\/05 <\/strong><br \/>\nAutoriza a concess\u00e3o de subven\u00e7\u00f5es sociais e contribui\u00e7\u00f5es correntes no exercicio de 2006 e cont\u00e9m outras provid\u00eancias.<br \/>\n<\/td><td class=\"column-4\"><a href=\"https:\/\/www.cmsoledadedeminas.mg.gov.br\/v1\/wp-content\/uploads\/2026\/03\/812.2005-Lei-Ordinaria.pdf\" target=\"_blank\">Download<\/a><br \/>\n<br \/>\n<\/td>\n<\/tr>\n<tr class=\"row-3\">\n\t<td class=\"column-1\">23\/12\/2005<\/td><td class=\"column-2\">ORDIN\u00c1RIA<\/td><td class=\"column-3\"><strong>LEI ORDIN\u00c1RIA N\u00b0 811\/05 <\/strong><br \/>\nOr\u00e7a a Receita e Fixa a Despesa do Munic\u00edpio de Soledade de Minas para exerc\u00edcio de 2006.<\/td><td class=\"column-4\"><a href=\"https:\/\/www.cmsoledadedeminas.mg.gov.br\/v1\/wp-content\/uploads\/2026\/03\/811.2005-Lei-Ordinaria.pdf\" target=\"_blank\">Download<\/a><br \/>\n<br \/>\n<\/td>\n<\/tr>\n<tr class=\"row-4\">\n\t<td class=\"column-1\">23\/12\/2005<\/td><td class=\"column-2\">ORDIN\u00c1RIA<\/td><td class=\"column-3\"><strong>LEI ORDIN\u00c1RIA N\u00b0 810\/05 <\/strong><br \/>\nInstitui o Plano Decenal Municipal de Educa\u00e7\u00e3o de Soledade de Minas e d\u00e1 outras provid\u00eancias.<\/td><td class=\"column-4\"><a href=\"https:\/\/www.cmsoledadedeminas.mg.gov.br\/v1\/wp-content\/uploads\/2026\/03\/810.2005-Lei-Ordinaria.pdf\" target=\"_blank\">Download<\/a><br \/>\n<br \/>\n<\/td>\n<\/tr>\n<tr class=\"row-5\">\n\t<td class=\"column-1\">23\/11\/2005<\/td><td class=\"column-2\">ORDIN\u00c1RIA<\/td><td class=\"column-3\"><strong>LEI ORDIN\u00c1RIA N\u00b0 809\/05 <\/strong><br \/>\nAprova o or\u00e7amento plurianual de Investimentos para o quadri\u00eanio de 2006 a 2009.<\/td><td class=\"column-4\"><a href=\"https:\/\/www.cmsoledadedeminas.mg.gov.br\/v1\/wp-content\/uploads\/2026\/03\/809.2005-Lei-Ordinaria.pdf\" target=\"_blank\">Download<\/a><br \/>\n<br \/>\n<\/td>\n<\/tr>\n<tr class=\"row-6\">\n\t<td class=\"column-1\">08\/09\/2005<\/td><td class=\"column-2\">ORDIN\u00c1RIA<\/td><td class=\"column-3\"><strong>LEI ORDIN\u00c1RIA N\u00b0 808\/05 <\/strong><br \/>\nAltera o item I do par\u00e1grafo primeiro do art. 15 da Lei Municipal n\u00ba 768\/2002.<br \/>\n<\/td><td class=\"column-4\"><a href=\"https:\/\/www.cmsoledadedeminas.mg.gov.br\/v1\/wp-content\/uploads\/2026\/03\/808.2005-Lei-Ordinaria.pdf\" target=\"_blank\">Download<\/a><br \/>\n<br \/>\n<\/td>\n<\/tr>\n<tr class=\"row-7\">\n\t<td class=\"column-1\">14\/07\/2005<\/td><td class=\"column-2\">ORDIN\u00c1RIA<\/td><td class=\"column-3\"><strong>LEI ORDIN\u00c1RIA N\u00b0 807\/05 <\/strong><br \/>\nDisp\u00f5e sobre as diretrizes para elabora\u00e7\u00e3o do or\u00e7amento para 2006.<br \/>\n<\/td><td class=\"column-4\"><a href=\"https:\/\/www.cmsoledadedeminas.mg.gov.br\/v1\/wp-content\/uploads\/2026\/03\/807.2005-Lei-Ordinaria.pdf\" target=\"_blank\">Download<\/a><br \/>\n<br \/>\n<\/td>\n<\/tr>\n<tr class=\"row-8\">\n\t<td class=\"column-1\">14\/07\/2005<\/td><td class=\"column-2\">ORDIN\u00c1RIA<\/td><td class=\"column-3\"><strong>LEI ORDIN\u00c1RIA N\u00b0 806\/05 <\/strong><br \/>\nDisp\u00f5e sobre aliena\u00e7\u00e3o de ve\u00edculo de patrim\u00f4nio municipal e cont\u00e9m outras provid\u00eancias.<br \/>\n<\/td><td class=\"column-4\"><a href=\"https:\/\/www.cmsoledadedeminas.mg.gov.br\/v1\/wp-content\/uploads\/2026\/03\/806.2005-Lei-Ordinaria.pdf\" target=\"_blank\">Download<\/a><br \/>\n<br \/>\n<\/td>\n<\/tr>\n<tr class=\"row-9\">\n\t<td class=\"column-1\">18\/05\/2005<\/td><td class=\"column-2\">ORDIN\u00c1RIA<\/td><td class=\"column-3\"><strong>LEI ORDIN\u00c1RIA N\u00b0 805\/05 <\/strong><br \/>\nDisp\u00f5e sobre a cria\u00e7\u00e3o da Coordenadoria de Vigil\u00e2ncia Sanit\u00e1ria da Unidade B\u00e1sica de Sa\u00fade do Munic\u00edpio de Soledade de Minas e d\u00e1 outras provid\u00eancias.<br \/>\n<\/td><td class=\"column-4\"><a href=\"https:\/\/www.cmsoledadedeminas.mg.gov.br\/v1\/wp-content\/uploads\/2026\/03\/805.2005-Lei-Ordinaria.pdf\" target=\"_blank\">Download<\/a><br \/>\n<br \/>\n<\/td>\n<\/tr>\n<tr class=\"row-10\">\n\t<td class=\"column-1\">05\/05\/2005<\/td><td class=\"column-2\">ORDIN\u00c1RIA<\/td><td class=\"column-3\"><strong>LEI ORDIN\u00c1RIA N\u00b0 804\/05 <\/strong><br \/>\nAltera o artigo 3\u00ba e acrescenta par\u00e1grafo e inclui item ao artigo 4\u00ba da Lei Municipal n\u00ba 718\/97 de 22\/12\/97.<\/td><td class=\"column-4\"><a href=\"https:\/\/www.cmsoledadedeminas.mg.gov.br\/v1\/wp-content\/uploads\/2026\/03\/804.2005-Lei-Ordinaria.pdf\" target=\"_blank\">Download<\/a><br \/>\n<br \/>\n<\/td>\n<\/tr>\n<tr class=\"row-11\">\n\t<td class=\"column-1\">16\/04\/2005<\/td><td class=\"column-2\">ORDIN\u00c1RIA<\/td><td class=\"column-3\"><strong>LEI ORDIN\u00c1RIA N\u00b0 803\/05 <\/strong><br \/>\nDisp\u00f5e sobre reajuste nos vencimentos, proventos e pens\u00f5es do pessoal do Munic\u00edpio.<\/td><td class=\"column-4\"><a href=\"https:\/\/www.cmsoledadedeminas.mg.gov.br\/v1\/wp-content\/uploads\/2026\/03\/803.2005-Lei-Ordinaria.pdf\" target=\"_blank\">Download<\/a><br \/>\n<br \/>\n<\/td>\n<\/tr>\n<tr class=\"row-12\">\n\t<td class=\"column-1\">08\/04\/2005<\/td><td class=\"column-2\">ORDIN\u00c1RIA<\/td><td class=\"column-3\"><strong>LEI ORDIN\u00c1RIA N\u00b0 802\/05 <\/strong><br \/>\nAltera o par\u00e1grafo \u00fanico do artigo 3\u00ba da Lei Municipal n\u00ba 801\/2004.<\/td><td class=\"column-4\"><a href=\"https:\/\/www.cmsoledadedeminas.mg.gov.br\/v1\/wp-content\/uploads\/2026\/03\/802.2005-Lei-Ordinaria.pdf\" target=\"_blank\">Download<\/a><br \/>\n<br \/>\n<\/td>\n<\/tr>\n<tr class=\"row-13\">\n\t<td class=\"column-1\">23\/12\/2005<\/td><td class=\"column-2\">COMPLEMENTAR<\/td><td class=\"column-3\"><strong>LEI COMPLEMENTAR N\u00b0 39\/05 <\/strong><br \/>\nDisp\u00f5e sobre a altera\u00e7\u00e3o de nomenclatura e cargo comissionado e d\u00e1 outras provid\u00eancias.<\/td><td class=\"column-4\"><a href=\"https:\/\/www.cmsoledadedeminas.mg.gov.br\/v1\/wp-content\/uploads\/2026\/03\/39.2005-Lei-Complementar.pdf\" target=\"_blank\">Download<\/a><br \/>\n<br \/>\n<\/td>\n<\/tr>\n<tr class=\"row-14\">\n\t<td class=\"column-1\">08\/06\/2005<\/td><td class=\"column-2\">COMPLEMENTAR<\/td><td class=\"column-3\"><strong>LEI COMPLEMENTAR N\u00b0 38\/05 <\/strong><br \/>\nDisp\u00f5e sobre altera\u00e7\u00e3o de nomenclatura e vencimento mensal de cargo p\u00fablico.<br \/>\n<\/td><td class=\"column-4\"><a href=\"https:\/\/www.cmsoledadedeminas.mg.gov.br\/v1\/wp-content\/uploads\/2026\/03\/38.2005-Lei-Complementar.pdf\" target=\"_blank\">Download<\/a><br \/>\n<br \/>\n<\/td>\n<\/tr>\n<tr class=\"row-15\">\n\t<td class=\"column-1\">18\/05\/2005<\/td><td class=\"column-2\">COMPLEMENTAR<\/td><td class=\"column-3\"><strong>LEI COMPLEMENTAR N\u00b0 37\/05 <\/strong><br \/>\nDisp\u00f5e sobre a cria\u00e7\u00e3o de vagas no quadro efetivo do pessoal hoje comissionado.<\/td><td class=\"column-4\"><a href=\"https:\/\/www.cmsoledadedeminas.mg.gov.br\/v1\/wp-content\/uploads\/2026\/03\/36.2005-Lei-Complemantar.pdf\" target=\"_blank\">Download<\/a><br \/>\n<br \/>\n<\/td>\n<\/tr>\n<tr class=\"row-16\">\n\t<td class=\"column-1\">18\/05\/2005<\/td><td class=\"column-2\">COMPLEMENTAR<\/td><td class=\"column-3\"><strong>LEI COMPLEMENTAR N\u00b0 36\/05 <\/strong><br \/>\nDISP\u00d5E SOBRE ALTERA\u00c7\u00c3O DA LEI COMPLEMENTAR N\u00b0 18\/98 E D\u00c1 OUTRAS PROVID\u00caNCIAS.<\/td><td class=\"column-4\"><a href=\"https:\/\/www.cmsoledadedeminas.mg.gov.br\/v1\/wp-content\/uploads\/2026\/03\/36.2005-Lei-Complementar.pdf\" target=\"_blank\">Download<\/a><br \/>\n<br \/>\n<\/td>\n<\/tr>\n<\/tbody>\n<\/table>\n<!-- #tablepress-57 from cache -->\t\t\t\t<\/div>\n\t\t\t\t\t<\/div>\n\t\t<\/div>\n\t\t\t\t\t<\/div>\n\t\t<\/section>\n\t\t\t\t<\/div>\n\t\t","protected":false},"excerpt":{"rendered":"<p>Home Leis Sancionadas &#8211; 2005<\/p>\n","protected":false},"author":1,"featured_media":0,"parent":1076,"menu_order":0,"comment_status":"closed","ping_status":"closed","template":"page-templates\/no-wrapper.php","meta":{"footnotes":""},"class_list":["post-2973","page","type-page","status-publish"],"_links":{"self":[{"href":"https:\/\/www.cmsoledadedeminas.mg.gov.br\/v1\/wp-json\/wp\/v2\/pages\/2973","targetHints":{"allow":["GET"]}}],"collection":[{"href":"https:\/\/www.cmsoledadedeminas.mg.gov.br\/v1\/wp-json\/wp\/v2\/pages"}],"about":[{"href":"https:\/\/www.cmsoledadedeminas.mg.gov.br\/v1\/wp-json\/wp\/v2\/types\/page"}],"author":[{"embeddable":true,"href":"https:\/\/www.cmsoledadedeminas.mg.gov.br\/v1\/wp-json\/wp\/v2\/users\/1"}],"replies":[{"embeddable":true,"href":"https:\/\/www.cmsoledadedeminas.mg.gov.br\/v1\/wp-json\/wp\/v2\/comments?post=2973"}],"version-history":[{"count":4,"href":"https:\/\/www.cmsoledadedeminas.mg.gov.br\/v1\/wp-json\/wp\/v2\/pages\/2973\/revisions"}],"predecessor-version":[{"id":2977,"href":"https:\/\/www.cmsoledadedeminas.mg.gov.br\/v1\/wp-json\/wp\/v2\/pages\/2973\/revisions\/2977"}],"up":[{"embeddable":true,"href":"https:\/\/www.cmsoledadedeminas.mg.gov.br\/v1\/wp-json\/wp\/v2\/pages\/1076"}],"wp:attachment":[{"href":"https:\/\/www.cmsoledadedeminas.mg.gov.br\/v1\/wp-json\/wp\/v2\/media?parent=2973"}],"curies":[{"name":"wp","href":"https:\/\/api.w.org\/{rel}","templated":true}]}}