{"id":2573,"date":"2026-03-07T20:20:03","date_gmt":"2026-03-07T20:20:03","guid":{"rendered":"https:\/\/www.cmsoledadedeminas.mg.gov.br\/v1\/?page_id=2573"},"modified":"2026-03-07T20:21:39","modified_gmt":"2026-03-07T20:21:39","slug":"emendas-impositivas","status":"publish","type":"page","link":"https:\/\/www.cmsoledadedeminas.mg.gov.br\/v1\/emendas-impositivas\/","title":{"rendered":"Emendas Impositivas"},"content":{"rendered":"\t\t<div data-elementor-type=\"wp-page\" data-elementor-id=\"2573\" class=\"elementor elementor-2573\">\n\t\t\t\t\t\t<section class=\"has-el-gap el-gap-default elementor-section elementor-top-section elementor-element elementor-element-56719ac3 elementor-section-boxed elementor-section-height-default elementor-section-height-default\" data-id=\"56719ac3\" data-element_type=\"section\">\n\t\t\t\t\t\t<div class=\"elementor-container elementor-column-gap-no\">\n\t\t\t\t\t<div class=\"elementor-column elementor-col-100 elementor-top-column elementor-element elementor-element-710662ef\" data-id=\"710662ef\" data-element_type=\"column\">\n\t\t\t<div class=\"elementor-widget-wrap elementor-element-populated\">\n\t\t\t\t\t\t<div class=\"elementor-element elementor-element-1d3e6d03 elementor-widget elementor-widget-smartmag-breadcrumbs\" data-id=\"1d3e6d03\" data-element_type=\"widget\" data-widget_type=\"smartmag-breadcrumbs.default\">\n\t\t\t\t<div class=\"elementor-widget-container\">\n\t\t\t\t\t<nav class=\"breadcrumbs ts-contain breadcrumbs-a\" id=\"breadcrumb\"><div class=\"inner ts-contain \"><span class=\"current\">Home<\/span><\/div><\/nav>\t\t\t\t<\/div>\n\t\t\t\t<\/div>\n\t\t\t\t\t<\/div>\n\t\t<\/div>\n\t\t\t\t\t<\/div>\n\t\t<\/section>\n\t\t\t\t<section class=\"has-el-gap el-gap-default elementor-section elementor-top-section elementor-element elementor-element-405a3e6a elementor-section-boxed elementor-section-height-default elementor-section-height-default\" data-id=\"405a3e6a\" data-element_type=\"section\">\n\t\t\t\t\t\t<div class=\"elementor-container elementor-column-gap-no\">\n\t\t\t\t\t<div class=\"elementor-column elementor-col-100 elementor-top-column elementor-element elementor-element-5baa0ade\" data-id=\"5baa0ade\" data-element_type=\"column\">\n\t\t\t<div class=\"elementor-widget-wrap elementor-element-populated\">\n\t\t\t\t\t\t<div class=\"elementor-element elementor-element-78cc2b8 elementor-widget elementor-widget-heading\" data-id=\"78cc2b8\" data-element_type=\"widget\" data-widget_type=\"heading.default\">\n\t\t\t\t\t<h2 class=\"elementor-heading-title elementor-size-default\">Emendas Impositivas<\/h2>\t\t\t\t<\/div>\n\t\t\t\t\t<\/div>\n\t\t<\/div>\n\t\t\t\t\t<\/div>\n\t\t<\/section>\n\t\t\t\t<section class=\"has-el-gap el-gap-default elementor-section elementor-top-section elementor-element elementor-element-130f2e1f elementor-section-boxed elementor-section-height-default elementor-section-height-default\" data-id=\"130f2e1f\" data-element_type=\"section\">\n\t\t\t\t\t\t<div class=\"elementor-container elementor-column-gap-no\">\n\t\t\t\t\t<div class=\"elementor-column elementor-col-100 elementor-top-column elementor-element elementor-element-13b34b42\" data-id=\"13b34b42\" data-element_type=\"column\">\n\t\t\t<div class=\"elementor-widget-wrap elementor-element-populated\">\n\t\t\t\t\t\t<div class=\"elementor-element elementor-element-3e87353a elementor-widget elementor-widget-spacer\" data-id=\"3e87353a\" data-element_type=\"widget\" data-widget_type=\"spacer.default\">\n\t\t\t\t\t\t\t<div class=\"elementor-spacer\">\n\t\t\t<div class=\"elementor-spacer-inner\"><\/div>\n\t\t<\/div>\n\t\t\t\t\t\t<\/div>\n\t\t\t\t\t<\/div>\n\t\t<\/div>\n\t\t\t\t\t<\/div>\n\t\t<\/section>\n\t\t\t\t<section class=\"has-el-gap el-gap-default elementor-section elementor-top-section elementor-element elementor-element-188baef4 elementor-section-boxed elementor-section-height-default elementor-section-height-default\" data-id=\"188baef4\" data-element_type=\"section\">\n\t\t\t\t\t\t<div class=\"elementor-container elementor-column-gap-no\">\n\t\t\t\t\t<div class=\"elementor-column elementor-col-100 elementor-top-column elementor-element elementor-element-71f23cd7\" data-id=\"71f23cd7\" data-element_type=\"column\">\n\t\t\t<div class=\"elementor-widget-wrap elementor-element-populated\">\n\t\t\t\t\t\t<div class=\"elementor-element elementor-element-1876f57f elementor-widget elementor-widget-html\" data-id=\"1876f57f\" data-element_type=\"widget\" data-widget_type=\"html.default\">\n\t\t\t\t\t\n<table id=\"tablepress-49\" class=\"tablepress tablepress-id-49\">\n<thead>\n<tr class=\"row-1\">\n\t<th class=\"column-1\">Indica\u00e7\u00e3o<\/th><th class=\"column-2\">Descri\u00e7\u00e3o<\/th><th class=\"column-3\">Downloads<\/th>\n<\/tr>\n<\/thead>\n<tbody class=\"row-striping row-hover\">\n<tr class=\"row-2\">\n\t<td class=\"column-1\">INDICA\u00c7\u00c3O N\u00ba 20 DE 2025<\/td><td class=\"column-2\"><strong>AQUISI\u00c7\u00c3O DE APARELHO DE LASER CANETA 904 NM PARA FISIOTERAPIA<\/strong><br \/>\nVereadora: Isabella Garcia dos Santos<br \/>\n<\/td><td class=\"column-3\"><a href=\"https:\/\/www.cmsoledadedeminas.mg.gov.br\/v1\/wp-content\/uploads\/2026\/03\/Emenda-Impositiva-Isabella-Garcia-dos-Santos.pdf\" target=\"_blank\">Download<\/a><\/td>\n<\/tr>\n<tr class=\"row-3\">\n\t<td class=\"column-1\">INDICA\u00c7\u00c3O N\u00b0 18 DE 2025<\/td><td class=\"column-2\"><strong>AQUISI\u00c7\u00c3O DE EQUIPAMENTOS DE ACADEMIAS AO AR LIVRE<\/strong><br \/>\nVereadora: Marcela Munhoz Ferreira de Souza<\/td><td class=\"column-3\"><a href=\"https:\/\/www.cmsoledadedeminas.mg.gov.br\/v1\/wp-content\/uploads\/2026\/03\/Emenda-Impositiva-Marcela-Munhoz-Ferreira-de-Souza.pdf\" target=\"_blank\">Download<\/a><\/td>\n<\/tr>\n<tr class=\"row-4\">\n\t<td class=\"column-1\">INDICA\u00c7\u00c3O N\u00b0 15 DE 2025<\/td><td class=\"column-2\"><strong>Recursos destinados \u00e0 aquisi\u00e7\u00e3o de (i) Baquetas Combat para surdo ponta de madeira com as seguintes especifica\u00e7\u00f5es t\u00e9cnicas: comprimento 355mm di\u00e2metro 25mm L. 14 3\/8 e (ii) Bombo Luen 30x18 inox escovado preto pele leitosa.<\/strong><br \/>\nVereador: Guilherme Aparecido da Veiga<\/td><td class=\"column-3\"><a href=\"https:\/\/www.cmsoledadedeminas.mg.gov.br\/v1\/wp-content\/uploads\/2026\/03\/Emenda-Impositiva-Guilherme-Aparecido-da-Veiga.pdf\" target=\"_blank\">Download<\/a><\/td>\n<\/tr>\n<tr class=\"row-5\">\n\t<td class=\"column-1\">INDICA\u00c7\u00c3O N\u00b0 13 DE 2025<\/td><td class=\"column-2\"><strong>AQUISI\u00c7\u00c3O DE EXAMES DE RAIO-X<\/strong><br \/>\nVereador: Paulino Maciel Bacelar<br \/>\n<\/td><td class=\"column-3\"><a href=\"https:\/\/www.cmsoledadedeminas.mg.gov.br\/v1\/wp-content\/uploads\/2026\/03\/Emenda-Impositiva-Paulino-Maciel-Bacelar.pdf\" target=\"_blank\">Download<\/a><\/td>\n<\/tr>\n<tr class=\"row-6\">\n\t<td class=\"column-1\">INDICA\u00c7\u00c3O N\u00b0 11 DE 2025<\/td><td class=\"column-2\"><strong>EXAMES LABORATORIAIS (AN\u00c1LISES CL\u00cdNICAS)<\/strong><br \/>\nVereador: Ata\u00edde Vieira Maciel Filho<\/td><td class=\"column-3\"><a href=\"https:\/\/www.cmsoledadedeminas.mg.gov.br\/v1\/wp-content\/uploads\/2026\/03\/Emenda-Impositiva-Ataide-Vieira-Maciel-Filho.pdf\" target=\"_blank\">Download<\/a><\/td>\n<\/tr>\n<tr class=\"row-7\">\n\t<td class=\"column-1\">INDICA\u00c7\u00c3O N\u00b0 07 DE 2025<\/td><td class=\"column-2\"><strong>AQUISI\u00c7\u00c3O DE RA\u00c7\u00c3O PARA C\u00c3ES, GATOS E ANIMAIS SILVESTRES PARA A ASSOCIA\u00c7\u00c3O S\u00cdTIO DA ESTRELA SANTU\u00c1RIO ANIMAL- CNPJ 48.499.534\/0001-30<\/strong><br \/>\nVereador: Jorge Luiz Nogueira<\/td><td class=\"column-3\"><a href=\"https:\/\/www.cmsoledadedeminas.mg.gov.br\/v1\/wp-content\/uploads\/2026\/03\/Emenda-Impositiva-Jorge-Luiz-Nogueira.pdf\" target=\"_blank\">Download<\/a><\/td>\n<\/tr>\n<tr class=\"row-8\">\n\t<td class=\"column-1\">INDICA\u00c7\u00c3O N\u00b0 05 DE 2025<\/td><td class=\"column-2\"><strong>AQUISI\u00c7\u00c3O DE EXAMES DE ENDOSCOPIA<\/strong><br \/>\nVereador: Carlos Roberto Marques<\/td><td class=\"column-3\"><a href=\"https:\/\/www.cmsoledadedeminas.mg.gov.br\/v1\/wp-content\/uploads\/2026\/03\/Emenda-Impositiva-Carlos-Roberto-Marques.pdf\" target=\"_blank\">Download<\/a><\/td>\n<\/tr>\n<tr class=\"row-9\">\n\t<td class=\"column-1\">INDICA\u00c7\u00c3O N\u00b0 03 DE 2025<\/td><td class=\"column-2\"><strong>AQUISI\u00c7\u00c3O DE EXAMES DE RESSON\u00c2NCIA MAGN\u00c9TICA<\/strong><br \/>\nVereador: Lindomar Arantes de Carvalho<\/td><td class=\"column-3\"><a href=\"https:\/\/www.cmsoledadedeminas.mg.gov.br\/v1\/wp-content\/uploads\/2026\/03\/Emenda-Impositiva-Lindomar-Arantes-de-Carvalho.pdf\" target=\"_blank\">Download<\/a><\/td>\n<\/tr>\n<tr class=\"row-10\">\n\t<td class=\"column-1\">INDICA\u00c7\u00c3O N\u00b0 01 DE 2025<\/td><td class=\"column-2\"><strong>EXAMES E CONSULTAS NO AMBITO DA SA\u00daDE MUNICIPAL<\/strong><br \/>\nVereador: Reinaldo dos Santos<\/td><td class=\"column-3\"><a href=\"https:\/\/www.cmsoledadedeminas.mg.gov.br\/v1\/wp-content\/uploads\/2026\/03\/Emenda-Impositiva-Reinaldo-dos-Santos.pdf\" target=\"_blank\">Download<\/a><\/td>\n<\/tr>\n<\/tbody>\n<\/table>\n<!-- #tablepress-49 from cache -->\t\t\t\t<\/div>\n\t\t\t\t\t<\/div>\n\t\t<\/div>\n\t\t\t\t\t<\/div>\n\t\t<\/section>\n\t\t\t\t<\/div>\n\t\t","protected":false},"excerpt":{"rendered":"<p>Home Emendas Impositivas<\/p>\n","protected":false},"author":1,"featured_media":0,"parent":0,"menu_order":0,"comment_status":"closed","ping_status":"closed","template":"page-templates\/no-wrapper.php","meta":{"footnotes":""},"class_list":["post-2573","page","type-page","status-publish"],"_links":{"self":[{"href":"https:\/\/www.cmsoledadedeminas.mg.gov.br\/v1\/wp-json\/wp\/v2\/pages\/2573","targetHints":{"allow":["GET"]}}],"collection":[{"href":"https:\/\/www.cmsoledadedeminas.mg.gov.br\/v1\/wp-json\/wp\/v2\/pages"}],"about":[{"href":"https:\/\/www.cmsoledadedeminas.mg.gov.br\/v1\/wp-json\/wp\/v2\/types\/page"}],"author":[{"embeddable":true,"href":"https:\/\/www.cmsoledadedeminas.mg.gov.br\/v1\/wp-json\/wp\/v2\/users\/1"}],"replies":[{"embeddable":true,"href":"https:\/\/www.cmsoledadedeminas.mg.gov.br\/v1\/wp-json\/wp\/v2\/comments?post=2573"}],"version-history":[{"count":4,"href":"https:\/\/www.cmsoledadedeminas.mg.gov.br\/v1\/wp-json\/wp\/v2\/pages\/2573\/revisions"}],"predecessor-version":[{"id":2577,"href":"https:\/\/www.cmsoledadedeminas.mg.gov.br\/v1\/wp-json\/wp\/v2\/pages\/2573\/revisions\/2577"}],"wp:attachment":[{"href":"https:\/\/www.cmsoledadedeminas.mg.gov.br\/v1\/wp-json\/wp\/v2\/media?parent=2573"}],"curies":[{"name":"wp","href":"https:\/\/api.w.org\/{rel}","templated":true}]}}