{"id":2541,"date":"2026-03-07T19:09:29","date_gmt":"2026-03-07T19:09:29","guid":{"rendered":"https:\/\/www.cmsoledadedeminas.mg.gov.br\/v1\/?page_id=2541"},"modified":"2026-03-07T19:10:16","modified_gmt":"2026-03-07T19:10:16","slug":"pautas-2026","status":"publish","type":"page","link":"https:\/\/www.cmsoledadedeminas.mg.gov.br\/v1\/pautas-2026\/","title":{"rendered":"Pautas &#8211; 2026"},"content":{"rendered":"\t\t<div data-elementor-type=\"wp-page\" data-elementor-id=\"2541\" class=\"elementor elementor-2541\">\n\t\t\t\t\t\t<section class=\"has-el-gap el-gap-default elementor-section elementor-top-section elementor-element elementor-element-4845e3ac elementor-section-boxed elementor-section-height-default elementor-section-height-default\" data-id=\"4845e3ac\" data-element_type=\"section\">\n\t\t\t\t\t\t<div class=\"elementor-container elementor-column-gap-no\">\n\t\t\t\t\t<div class=\"elementor-column elementor-col-100 elementor-top-column elementor-element elementor-element-7f95e149\" data-id=\"7f95e149\" data-element_type=\"column\">\n\t\t\t<div class=\"elementor-widget-wrap elementor-element-populated\">\n\t\t\t\t\t\t<div class=\"elementor-element elementor-element-15b7aa97 elementor-widget elementor-widget-smartmag-breadcrumbs\" data-id=\"15b7aa97\" data-element_type=\"widget\" data-widget_type=\"smartmag-breadcrumbs.default\">\n\t\t\t\t<div class=\"elementor-widget-container\">\n\t\t\t\t\t<nav class=\"breadcrumbs ts-contain breadcrumbs-a\" id=\"breadcrumb\"><div class=\"inner ts-contain \"><span class=\"current\">Home<\/span><\/div><\/nav>\t\t\t\t<\/div>\n\t\t\t\t<\/div>\n\t\t\t\t\t<\/div>\n\t\t<\/div>\n\t\t\t\t\t<\/div>\n\t\t<\/section>\n\t\t\t\t<section class=\"has-el-gap el-gap-default elementor-section elementor-top-section elementor-element elementor-element-2c5252bf elementor-section-boxed elementor-section-height-default elementor-section-height-default\" data-id=\"2c5252bf\" data-element_type=\"section\">\n\t\t\t\t\t\t<div class=\"elementor-container elementor-column-gap-no\">\n\t\t\t\t\t<div class=\"elementor-column elementor-col-100 elementor-top-column elementor-element elementor-element-7f330130\" data-id=\"7f330130\" data-element_type=\"column\">\n\t\t\t<div class=\"elementor-widget-wrap elementor-element-populated\">\n\t\t\t\t\t\t<div class=\"elementor-element elementor-element-7eded480 elementor-widget elementor-widget-heading\" data-id=\"7eded480\" data-element_type=\"widget\" data-widget_type=\"heading.default\">\n\t\t\t\t\t<h2 class=\"elementor-heading-title elementor-size-default\">Pautas - 2026<\/h2>\t\t\t\t<\/div>\n\t\t\t\t\t<\/div>\n\t\t<\/div>\n\t\t\t\t\t<\/div>\n\t\t<\/section>\n\t\t\t\t<section class=\"has-el-gap el-gap-default elementor-section elementor-top-section elementor-element elementor-element-73d3c444 elementor-section-boxed elementor-section-height-default elementor-section-height-default\" data-id=\"73d3c444\" data-element_type=\"section\">\n\t\t\t\t\t\t<div class=\"elementor-container elementor-column-gap-no\">\n\t\t\t\t\t<div class=\"elementor-column elementor-col-100 elementor-top-column elementor-element elementor-element-2534c8d4\" data-id=\"2534c8d4\" data-element_type=\"column\">\n\t\t\t<div class=\"elementor-widget-wrap elementor-element-populated\">\n\t\t\t\t\t\t<div class=\"elementor-element elementor-element-597c0c69 elementor-widget elementor-widget-spacer\" data-id=\"597c0c69\" data-element_type=\"widget\" data-widget_type=\"spacer.default\">\n\t\t\t\t\t\t\t<div class=\"elementor-spacer\">\n\t\t\t<div class=\"elementor-spacer-inner\"><\/div>\n\t\t<\/div>\n\t\t\t\t\t\t<\/div>\n\t\t\t\t\t<\/div>\n\t\t<\/div>\n\t\t\t\t\t<\/div>\n\t\t<\/section>\n\t\t\t\t<section class=\"has-el-gap el-gap-default elementor-section elementor-top-section elementor-element elementor-element-19f31b62 elementor-section-boxed elementor-section-height-default elementor-section-height-default\" data-id=\"19f31b62\" data-element_type=\"section\">\n\t\t\t\t\t\t<div class=\"elementor-container elementor-column-gap-no\">\n\t\t\t\t\t<div class=\"elementor-column elementor-col-100 elementor-top-column elementor-element elementor-element-95d740a\" data-id=\"95d740a\" data-element_type=\"column\">\n\t\t\t<div class=\"elementor-widget-wrap elementor-element-populated\">\n\t\t\t\t\t\t<div class=\"elementor-element elementor-element-4eaec79c elementor-widget elementor-widget-html\" data-id=\"4eaec79c\" data-element_type=\"widget\" data-widget_type=\"html.default\">\n\t\t\t\t\t\n<table id=\"tablepress-43\" class=\"tablepress tablepress-id-43\">\n<thead>\n<tr class=\"row-1\">\n\t<th class=\"column-1\">Publica\u00e7\u00e3o<\/th><th class=\"column-2\">Descri\u00e7\u00e3o<\/th><th class=\"column-3\">Download<\/th>\n<\/tr>\n<\/thead>\n<tbody class=\"row-striping row-hover\">\n<tr class=\"row-2\">\n\t<td class=\"column-1\">19\/03\/2026<\/td><td class=\"column-2\"><strong>ORDEM DO DIA DA 4\u00aa REUNI\u00c3O DA COMISS\u00c3O DE LEGISLA\u00c7\u00c3O<\/strong><\/td><td class=\"column-3\"><a href=\"https:\/\/www.cmsoledadedeminas.mg.gov.br\/v1\/wp-content\/uploads\/2026\/03\/Pauta-da-4-Reuniao.pdf\" target=\"_blank\">Download<\/a><\/td>\n<\/tr>\n<tr class=\"row-3\">\n\t<td class=\"column-1\">19\/03\/2026<\/td><td class=\"column-2\"><strong>ORDEM DO DIA DA 3\u00aa REUNI\u00c3O DA COMISS\u00c3O DE SERVI\u00c7OS P\u00daBLICOS MUNICIPAIS E POL\u00cdTICAS SOCIAIS DO ANO DE 2026<\/strong><\/td><td class=\"column-3\"><a href=\"https:\/\/www.cmsoledadedeminas.mg.gov.br\/v1\/wp-content\/uploads\/2026\/03\/Pauta-da-3-Reuniao.pdf\" target=\"_blank\">Download<\/a><\/td>\n<\/tr>\n<tr class=\"row-4\">\n\t<td class=\"column-1\">19\/03\/2026<\/td><td class=\"column-2\"><strong>ORDEM DO DIA DA 02\u00aa SESS\u00c3O EXTRAORDIN\u00c1RIA DO SEGUNDO ANO DE 20\u00aa<br \/>\nLEGISLATURA<\/strong><\/td><td class=\"column-3\"><a href=\"https:\/\/www.cmsoledadedeminas.mg.gov.br\/v1\/wp-content\/uploads\/2026\/03\/Ordem-do-dia-02-Reuniao-Extraordinaria.pdf\" target=\"_blank\">Download<\/a><\/td>\n<\/tr>\n<tr class=\"row-5\">\n\t<td class=\"column-1\">16\/03\/2026<\/td><td class=\"column-2\"><strong>ORDEM DO DIA DA 04\u00aa SESS\u00c3O ORDIN\u00c1RIA DO SEGUNDO ANO DE 20\u00aa LEGISLATURA<\/strong><\/td><td class=\"column-3\"><a href=\"https:\/\/www.cmsoledadedeminas.mg.gov.br\/v1\/wp-content\/uploads\/2026\/03\/Ordem-do-dia-04-Reuniao-Ordinaria-2026.pdf\" target=\"_blank\">Download<\/a><\/td>\n<\/tr>\n<tr class=\"row-6\">\n\t<td class=\"column-1\">16\/03\/2026<\/td><td class=\"column-2\"><strong>ORDEM DO DIA DA 2\u00aa REUNI\u00c3O DA COMISS\u00c3O DE LEGISLA\u00c7\u00c3O, JUSTI\u00c7A E REDA\u00c7\u00c3O DO ANO DE 2026<\/strong><\/td><td class=\"column-3\"><a href=\"https:\/\/www.cmsoledadedeminas.mg.gov.br\/v1\/wp-content\/uploads\/2026\/03\/Pauta-da-2-Reuniao.pdf\" target=\"_blank\">Download<\/a><\/td>\n<\/tr>\n<tr class=\"row-7\">\n\t<td class=\"column-1\">18\/02\/2026<\/td><td class=\"column-2\"><strong>ORDEM DO DIA DA 1\u00aa REUNI\u00c3O DA COMISS\u00c3O DE FINAN\u00c7AS, OR\u00c7AMENTO E FISCALIZA\u00c7\u00c3O FINANCEIRA DO ANO DE 2026<\/strong><\/td><td class=\"column-3\"><a href=\"https:\/\/www.cmsoledadedeminas.mg.gov.br\/v1\/wp-content\/uploads\/2026\/03\/Pauta-da-1a-Reuniao-da-Comissao-de-Financas-Orcamento-e-Fiscalizacao-Financeira.pdf\" target=\"_blank\">Download<\/a><\/td>\n<\/tr>\n<tr class=\"row-8\">\n\t<td class=\"column-1\">18\/02\/2026<\/td><td class=\"column-2\"><strong>ORDEM DO DIA DA 1\u00aa REUNI\u00c3O DA COMISS\u00c3O DE LEGISLA\u00c7\u00c3O, JUSTI\u00c7A E REDA\u00c7\u00c3O DO ANO DE 2026<\/strong><br \/>\n<\/td><td class=\"column-3\"><a href=\"https:\/\/www.cmsoledadedeminas.mg.gov.br\/v1\/wp-content\/uploads\/2026\/03\/Pauta-da-1-Reuniao-da-Comissao-de-Legislacao-Justica-e-Redacao.pdf\" target=\"_blank\">Download<\/a><\/td>\n<\/tr>\n<tr class=\"row-9\">\n\t<td class=\"column-1\">18\/02\/2026<\/td><td class=\"column-2\"><strong>ORDEM DO DIA DA 02\u00aa SESS\u00c3O ORDIN\u00c1RIA DO SEGUNDO ANO DE 20\u00aa LEGISLATURA<\/strong><\/td><td class=\"column-3\"><a href=\"https:\/\/www.cmsoledadedeminas.mg.gov.br\/v1\/wp-content\/uploads\/2026\/03\/Ordem-do-dia-02-Reuniao-Ordinaria-2026.pdf\" target=\"_blank\">Download<\/a><\/td>\n<\/tr>\n<tr class=\"row-10\">\n\t<td class=\"column-1\">18\/02\/2026<\/td><td class=\"column-2\"><strong>ORDEM DO DIA DA 1\u00aa REUNI\u00c3O DA COMISS\u00c3O DE SERVI\u00c7OS P\u00daBLICOS MUNICIPAIS E POL\u00cdTICAS SOCIAIS DO ANO DE 2026<\/strong><\/td><td class=\"column-3\"><a href=\"https:\/\/www.cmsoledadedeminas.mg.gov.br\/v1\/wp-content\/uploads\/2026\/03\/Pauta-da-1-Reuniao-da-Comissao-de-Servicos-Publicos-Municipais-e-Politicas-Sociais.pdf\" target=\"_blank\">Download<\/a><\/td>\n<\/tr>\n<tr class=\"row-11\">\n\t<td class=\"column-1\">02\/03\/2026<\/td><td class=\"column-2\"><strong>ORDEM DO DIA DA 03\u00aa SESS\u00c3O ORDIN\u00c1RIA DO SEGUNDO ANO DE 20\u00aa LEGISLATURA<\/strong><\/td><td class=\"column-3\"><a href=\"https:\/\/www.cmsoledadedeminas.mg.gov.br\/v1\/wp-content\/uploads\/2026\/03\/Ordem-do-dia-03-Reuniao-Ordinaria-2026.pdf\" target=\"_blank\">Download<\/a><\/td>\n<\/tr>\n<tr class=\"row-12\">\n\t<td class=\"column-1\">02\/02\/2026<\/td><td class=\"column-2\"><strong>ORDEM DO DIA DA 01\u00aa SESS\u00c3O ORDIN\u00c1RIA DO SEGUNDO ANO DE 20\u00aa LEGISLATURA<\/strong><\/td><td class=\"column-3\"><a href=\"https:\/\/www.cmsoledadedeminas.mg.gov.br\/v1\/wp-content\/uploads\/2026\/03\/Ordem-do-dia-01-Reuniao-Ordinaria-2026.pdf\" target=\"_blank\">Download<\/a><\/td>\n<\/tr>\n<\/tbody>\n<\/table>\n<!-- #tablepress-43 from cache -->\t\t\t\t<\/div>\n\t\t\t\t\t<\/div>\n\t\t<\/div>\n\t\t\t\t\t<\/div>\n\t\t<\/section>\n\t\t\t\t<\/div>\n\t\t","protected":false},"excerpt":{"rendered":"<p>Home Pautas &#8211; 2026<\/p>\n","protected":false},"author":1,"featured_media":0,"parent":0,"menu_order":0,"comment_status":"closed","ping_status":"closed","template":"page-templates\/no-wrapper.php","meta":{"footnotes":""},"class_list":["post-2541","page","type-page","status-publish"],"_links":{"self":[{"href":"https:\/\/www.cmsoledadedeminas.mg.gov.br\/v1\/wp-json\/wp\/v2\/pages\/2541","targetHints":{"allow":["GET"]}}],"collection":[{"href":"https:\/\/www.cmsoledadedeminas.mg.gov.br\/v1\/wp-json\/wp\/v2\/pages"}],"about":[{"href":"https:\/\/www.cmsoledadedeminas.mg.gov.br\/v1\/wp-json\/wp\/v2\/types\/page"}],"author":[{"embeddable":true,"href":"https:\/\/www.cmsoledadedeminas.mg.gov.br\/v1\/wp-json\/wp\/v2\/users\/1"}],"replies":[{"embeddable":true,"href":"https:\/\/www.cmsoledadedeminas.mg.gov.br\/v1\/wp-json\/wp\/v2\/comments?post=2541"}],"version-history":[{"count":4,"href":"https:\/\/www.cmsoledadedeminas.mg.gov.br\/v1\/wp-json\/wp\/v2\/pages\/2541\/revisions"}],"predecessor-version":[{"id":2545,"href":"https:\/\/www.cmsoledadedeminas.mg.gov.br\/v1\/wp-json\/wp\/v2\/pages\/2541\/revisions\/2545"}],"wp:attachment":[{"href":"https:\/\/www.cmsoledadedeminas.mg.gov.br\/v1\/wp-json\/wp\/v2\/media?parent=2541"}],"curies":[{"name":"wp","href":"https:\/\/api.w.org\/{rel}","templated":true}]}}