{"id":2425,"date":"2026-03-07T11:51:19","date_gmt":"2026-03-07T11:51:19","guid":{"rendered":"https:\/\/www.cmsoledadedeminas.mg.gov.br\/v1\/?page_id=2425"},"modified":"2026-03-07T11:52:24","modified_gmt":"2026-03-07T11:52:24","slug":"projetos-de-resolucoes-2026","status":"publish","type":"page","link":"https:\/\/www.cmsoledadedeminas.mg.gov.br\/v1\/projetos-de-resolucoes-2026\/","title":{"rendered":"Projetos de Resolu\u00e7\u00f5es &#8211; 2026"},"content":{"rendered":"\t\t<div data-elementor-type=\"wp-page\" data-elementor-id=\"2425\" class=\"elementor elementor-2425\">\n\t\t\t\t\t\t<section class=\"has-el-gap el-gap-default elementor-section elementor-top-section elementor-element elementor-element-65e31958 elementor-section-boxed elementor-section-height-default elementor-section-height-default\" data-id=\"65e31958\" data-element_type=\"section\">\n\t\t\t\t\t\t<div class=\"elementor-container elementor-column-gap-no\">\n\t\t\t\t\t<div class=\"elementor-column elementor-col-100 elementor-top-column elementor-element elementor-element-176d84aa\" data-id=\"176d84aa\" data-element_type=\"column\">\n\t\t\t<div class=\"elementor-widget-wrap elementor-element-populated\">\n\t\t\t\t\t\t<div class=\"elementor-element elementor-element-52f50fe3 elementor-widget elementor-widget-smartmag-breadcrumbs\" data-id=\"52f50fe3\" data-element_type=\"widget\" data-widget_type=\"smartmag-breadcrumbs.default\">\n\t\t\t\t<div class=\"elementor-widget-container\">\n\t\t\t\t\t<nav class=\"breadcrumbs ts-contain breadcrumbs-a\" id=\"breadcrumb\"><div class=\"inner ts-contain \"><span class=\"current\">Home<\/span><\/div><\/nav>\t\t\t\t<\/div>\n\t\t\t\t<\/div>\n\t\t\t\t\t<\/div>\n\t\t<\/div>\n\t\t\t\t\t<\/div>\n\t\t<\/section>\n\t\t\t\t<section class=\"has-el-gap el-gap-default elementor-section elementor-top-section elementor-element elementor-element-3b9eaa01 elementor-section-boxed elementor-section-height-default elementor-section-height-default\" data-id=\"3b9eaa01\" data-element_type=\"section\">\n\t\t\t\t\t\t<div class=\"elementor-container elementor-column-gap-no\">\n\t\t\t\t\t<div class=\"elementor-column elementor-col-100 elementor-top-column elementor-element elementor-element-1d55c5c4\" data-id=\"1d55c5c4\" data-element_type=\"column\">\n\t\t\t<div class=\"elementor-widget-wrap elementor-element-populated\">\n\t\t\t\t\t\t<div class=\"elementor-element elementor-element-864256b elementor-widget elementor-widget-heading\" data-id=\"864256b\" data-element_type=\"widget\" data-widget_type=\"heading.default\">\n\t\t\t\t\t<h2 class=\"elementor-heading-title elementor-size-default\">Projetos de Resolu\u00e7\u00f5es - 2026<\/h2>\t\t\t\t<\/div>\n\t\t\t\t\t<\/div>\n\t\t<\/div>\n\t\t\t\t\t<\/div>\n\t\t<\/section>\n\t\t\t\t<section class=\"has-el-gap el-gap-default elementor-section elementor-top-section elementor-element elementor-element-5be90050 elementor-section-boxed elementor-section-height-default elementor-section-height-default\" data-id=\"5be90050\" data-element_type=\"section\">\n\t\t\t\t\t\t<div class=\"elementor-container elementor-column-gap-no\">\n\t\t\t\t\t<div class=\"elementor-column elementor-col-100 elementor-top-column elementor-element elementor-element-7dc413e7\" data-id=\"7dc413e7\" data-element_type=\"column\">\n\t\t\t<div class=\"elementor-widget-wrap elementor-element-populated\">\n\t\t\t\t\t\t<div class=\"elementor-element elementor-element-226d1797 elementor-widget elementor-widget-spacer\" data-id=\"226d1797\" data-element_type=\"widget\" data-widget_type=\"spacer.default\">\n\t\t\t\t\t\t\t<div class=\"elementor-spacer\">\n\t\t\t<div class=\"elementor-spacer-inner\"><\/div>\n\t\t<\/div>\n\t\t\t\t\t\t<\/div>\n\t\t\t\t\t<\/div>\n\t\t<\/div>\n\t\t\t\t\t<\/div>\n\t\t<\/section>\n\t\t\t\t<section class=\"has-el-gap el-gap-default elementor-section elementor-top-section elementor-element elementor-element-5dc1fe4f elementor-section-boxed elementor-section-height-default elementor-section-height-default\" data-id=\"5dc1fe4f\" data-element_type=\"section\">\n\t\t\t\t\t\t<div class=\"elementor-container elementor-column-gap-no\">\n\t\t\t\t\t<div class=\"elementor-column elementor-col-100 elementor-top-column elementor-element elementor-element-1ad88028\" data-id=\"1ad88028\" data-element_type=\"column\">\n\t\t\t<div class=\"elementor-widget-wrap elementor-element-populated\">\n\t\t\t\t\t\t<div class=\"elementor-element elementor-element-303bca94 elementor-widget elementor-widget-html\" data-id=\"303bca94\" data-element_type=\"widget\" data-widget_type=\"html.default\">\n\t\t\t\t\t\n<table id=\"tablepress-41\" class=\"tablepress tablepress-id-41\">\n<thead>\n<tr class=\"row-1\">\n\t<th class=\"column-1\">Publica\u00e7\u00e3o<\/th><th class=\"column-2\">Tipo<\/th><th class=\"column-3\">Descri\u00e7\u00e3o<\/th><th class=\"column-4\">Download<\/th>\n<\/tr>\n<\/thead>\n<tbody class=\"row-striping row-hover\">\n<tr class=\"row-2\">\n\t<td class=\"column-1\">19\/03\/2026<\/td><td class=\"column-2\">PROJETO<\/td><td class=\"column-3\"><strong>PROJETO DE RESOLU\u00c7\u00c3O N.\u00b0 03 DE 2026<\/strong><br \/>\nAltera o Regimento Interno da C\u00e2mara Municipal para incluir, no Cap\u00edtulo IV - Dos Or\u00e7amentos, disposi\u00e7\u00f5es sobre emendas parlamentares impositivas.<\/td><td class=\"column-4\"><a href=\"https:\/\/www.cmsoledadedeminas.mg.gov.br\/v1\/wp-content\/uploads\/2026\/04\/Projeto-de-Resolucao-03-de-2026.pdf\" target=\"_blank\">Download<\/a><\/td>\n<\/tr>\n<tr class=\"row-3\">\n\t<td class=\"column-1\">18\/02\/2026<\/td><td class=\"column-2\">RESOLU\u00c7\u00c3O<\/td><td class=\"column-3\"><strong>RESOLU\u00c7\u00c3O N.\u00ba 02 DE 2026<\/strong><br \/>\nModifica disposi\u00e7\u00f5es da Resolu\u00e7\u00e3o n\u00ba 03\/2017, que instituiu o Novo Regimento Interno da C\u00e2mara Municipal de Soledade de Minas\/MG, conferindo nova reda\u00e7\u00e3o ao caput do artigo 204.<br \/>\n<\/td><td class=\"column-4\"><a href=\"https:\/\/www.cmsoledadedeminas.mg.gov.br\/v1\/wp-content\/uploads\/2026\/03\/Resolucao-02-de-2026.pdf\" target=\"_blank\">Download<\/a><\/td>\n<\/tr>\n<tr class=\"row-4\">\n\t<td class=\"column-1\">18\/02\/2026<\/td><td class=\"column-2\">RESOLU\u00c7\u00c3O<\/td><td class=\"column-3\"><strong>RESOLU\u00c7\u00c3O N.\u00ba 01 DE 2026<\/strong><br \/>\nModifica disposi\u00e7\u00f5es da Resolu\u00e7\u00e3o n\u00ba 03\/2017 que instituiu o Novo Regimento Interno da C\u00e2mara Municipal de Soledade de Minas, adicionando um inciso ao artigo 41, revogando o inciso V do artigo 42 e conferindo nova reda\u00e7\u00e3o ao caput do artigo 221.<\/td><td class=\"column-4\"><a href=\"https:\/\/www.cmsoledadedeminas.mg.gov.br\/v1\/wp-content\/uploads\/2026\/03\/Resolucao-01-de-2026.pdf\" target=\"_blank\">Download<\/a><\/td>\n<\/tr>\n<tr class=\"row-5\">\n\t<td class=\"column-1\">18\/02\/2026<\/td><td class=\"column-2\">PROJETO<\/td><td class=\"column-3\"><strong>PROJETO DE RESOLU\u00c7\u00c3O N.\u00ba 01 DE 2026<\/strong><br \/>\nModifica disposi\u00e7\u00f5es da Resolu\u00e7\u00e3o n.\u00b0 03\/2017, que instituiu o Novo Regimento Interno Da C\u00e2mara Municipal De Soledade De Minas, adicionando um inciso ao artigo 41, revogando o inciso V do artigo 42 e conferindo nova reda\u00e7\u00e3o ao caput do artigo 221.<br \/>\n<\/td><td class=\"column-4\"><a href=\"https:\/\/www.cmsoledadedeminas.mg.gov.br\/v1\/wp-content\/uploads\/2026\/03\/Projeto-de-Resolucao-01-de-2026.pdf\" target=\"_blank\">Download<\/a><\/td>\n<\/tr>\n<\/tbody>\n<\/table>\n<!-- #tablepress-41 from cache -->\t\t\t\t<\/div>\n\t\t\t\t\t<\/div>\n\t\t<\/div>\n\t\t\t\t\t<\/div>\n\t\t<\/section>\n\t\t\t\t<\/div>\n\t\t","protected":false},"excerpt":{"rendered":"<p>Home Projetos de Resolu\u00e7\u00f5es &#8211; 2026<\/p>\n","protected":false},"author":1,"featured_media":0,"parent":0,"menu_order":0,"comment_status":"closed","ping_status":"closed","template":"page-templates\/no-wrapper.php","meta":{"footnotes":""},"class_list":["post-2425","page","type-page","status-publish"],"_links":{"self":[{"href":"https:\/\/www.cmsoledadedeminas.mg.gov.br\/v1\/wp-json\/wp\/v2\/pages\/2425","targetHints":{"allow":["GET"]}}],"collection":[{"href":"https:\/\/www.cmsoledadedeminas.mg.gov.br\/v1\/wp-json\/wp\/v2\/pages"}],"about":[{"href":"https:\/\/www.cmsoledadedeminas.mg.gov.br\/v1\/wp-json\/wp\/v2\/types\/page"}],"author":[{"embeddable":true,"href":"https:\/\/www.cmsoledadedeminas.mg.gov.br\/v1\/wp-json\/wp\/v2\/users\/1"}],"replies":[{"embeddable":true,"href":"https:\/\/www.cmsoledadedeminas.mg.gov.br\/v1\/wp-json\/wp\/v2\/comments?post=2425"}],"version-history":[{"count":4,"href":"https:\/\/www.cmsoledadedeminas.mg.gov.br\/v1\/wp-json\/wp\/v2\/pages\/2425\/revisions"}],"predecessor-version":[{"id":2429,"href":"https:\/\/www.cmsoledadedeminas.mg.gov.br\/v1\/wp-json\/wp\/v2\/pages\/2425\/revisions\/2429"}],"wp:attachment":[{"href":"https:\/\/www.cmsoledadedeminas.mg.gov.br\/v1\/wp-json\/wp\/v2\/media?parent=2425"}],"curies":[{"name":"wp","href":"https:\/\/api.w.org\/{rel}","templated":true}]}}