{"id":1766,"date":"2026-02-14T14:20:07","date_gmt":"2026-02-14T14:20:07","guid":{"rendered":"https:\/\/www.cmsoledadedeminas.mg.gov.br\/v1\/?page_id=1766"},"modified":"2026-02-14T14:24:25","modified_gmt":"2026-02-14T14:24:25","slug":"resolucoes-2025","status":"publish","type":"page","link":"https:\/\/www.cmsoledadedeminas.mg.gov.br\/v1\/documentos\/resolucoes\/resolucoes-2025\/","title":{"rendered":"Resolu\u00e7\u00f5es &#8211; 2025"},"content":{"rendered":"\t\t<div data-elementor-type=\"wp-page\" data-elementor-id=\"1766\" class=\"elementor elementor-1766\" data-elementor-post-type=\"page\">\n\t\t\t\t\t\t<section class=\"has-el-gap el-gap-default elementor-section elementor-top-section elementor-element elementor-element-81872fa elementor-section-boxed elementor-section-height-default elementor-section-height-default\" data-id=\"81872fa\" data-element_type=\"section\" data-e-type=\"section\">\n\t\t\t\t\t\t<div class=\"elementor-container elementor-column-gap-no\">\n\t\t\t\t\t<div class=\"elementor-column elementor-col-100 elementor-top-column elementor-element elementor-element-7ee4a080\" data-id=\"7ee4a080\" data-element_type=\"column\" data-e-type=\"column\">\n\t\t\t<div class=\"elementor-widget-wrap elementor-element-populated\">\n\t\t\t\t\t\t<div class=\"elementor-element elementor-element-2e6d3e72 elementor-widget elementor-widget-smartmag-breadcrumbs\" data-id=\"2e6d3e72\" data-element_type=\"widget\" data-e-type=\"widget\" data-widget_type=\"smartmag-breadcrumbs.default\">\n\t\t\t\t<div class=\"elementor-widget-container\">\n\t\t\t\t\t<nav class=\"breadcrumbs ts-contain breadcrumbs-a\" id=\"breadcrumb\"><div class=\"inner ts-contain \"><span class=\"current\">Home<\/span><\/div><\/nav>\t\t\t\t<\/div>\n\t\t\t\t<\/div>\n\t\t\t\t\t<\/div>\n\t\t<\/div>\n\t\t\t\t\t<\/div>\n\t\t<\/section>\n\t\t\t\t<section class=\"has-el-gap el-gap-default elementor-section elementor-top-section elementor-element elementor-element-2f5f3bbb elementor-section-boxed elementor-section-height-default elementor-section-height-default\" data-id=\"2f5f3bbb\" data-element_type=\"section\" data-e-type=\"section\">\n\t\t\t\t\t\t<div class=\"elementor-container elementor-column-gap-no\">\n\t\t\t\t\t<div class=\"elementor-column elementor-col-100 elementor-top-column elementor-element elementor-element-1ac13b95\" data-id=\"1ac13b95\" data-element_type=\"column\" data-e-type=\"column\">\n\t\t\t<div class=\"elementor-widget-wrap elementor-element-populated\">\n\t\t\t\t\t\t<div class=\"elementor-element elementor-element-34f9b6d2 elementor-widget elementor-widget-heading\" data-id=\"34f9b6d2\" data-element_type=\"widget\" data-e-type=\"widget\" data-widget_type=\"heading.default\">\n\t\t\t\t\t<h2 class=\"elementor-heading-title elementor-size-default\">Resolu\u00e7\u00f5es - 2025<\/h2>\t\t\t\t<\/div>\n\t\t\t\t\t<\/div>\n\t\t<\/div>\n\t\t\t\t\t<\/div>\n\t\t<\/section>\n\t\t\t\t<section class=\"has-el-gap el-gap-default elementor-section elementor-top-section elementor-element elementor-element-176dab elementor-section-boxed elementor-section-height-default elementor-section-height-default\" data-id=\"176dab\" data-element_type=\"section\" data-e-type=\"section\">\n\t\t\t\t\t\t<div class=\"elementor-container elementor-column-gap-no\">\n\t\t\t\t\t<div class=\"elementor-column elementor-col-100 elementor-top-column elementor-element elementor-element-2d31486e\" data-id=\"2d31486e\" data-element_type=\"column\" data-e-type=\"column\">\n\t\t\t<div class=\"elementor-widget-wrap elementor-element-populated\">\n\t\t\t\t\t\t<div class=\"elementor-element elementor-element-69dcb36e elementor-widget elementor-widget-spacer\" data-id=\"69dcb36e\" data-element_type=\"widget\" data-e-type=\"widget\" data-widget_type=\"spacer.default\">\n\t\t\t\t\t\t\t<div class=\"elementor-spacer\">\n\t\t\t<div class=\"elementor-spacer-inner\"><\/div>\n\t\t<\/div>\n\t\t\t\t\t\t<\/div>\n\t\t\t\t\t<\/div>\n\t\t<\/div>\n\t\t\t\t\t<\/div>\n\t\t<\/section>\n\t\t\t\t<section class=\"has-el-gap el-gap-default elementor-section elementor-top-section elementor-element elementor-element-330ddd89 elementor-section-boxed elementor-section-height-default elementor-section-height-default\" data-id=\"330ddd89\" data-element_type=\"section\" data-e-type=\"section\">\n\t\t\t\t\t\t<div class=\"elementor-container elementor-column-gap-no\">\n\t\t\t\t\t<div class=\"elementor-column elementor-col-100 elementor-top-column elementor-element elementor-element-44a5ae47\" data-id=\"44a5ae47\" data-element_type=\"column\" data-e-type=\"column\">\n\t\t\t<div class=\"elementor-widget-wrap elementor-element-populated\">\n\t\t\t\t\t\t<div class=\"elementor-element elementor-element-2abe1ac0 elementor-widget elementor-widget-html\" data-id=\"2abe1ac0\" data-element_type=\"widget\" data-e-type=\"widget\" data-widget_type=\"html.default\">\n\t\t\t\t\t\n<table id=\"tablepress-21\" class=\"tablepress tablepress-id-21\">\n<thead>\n<tr class=\"row-1\">\n\t<th class=\"column-1\">Publica\u00e7\u00e3o<\/th><th class=\"column-2\">Descri\u00e7\u00e3o<\/th><th class=\"column-3\">Download<\/th>\n<\/tr>\n<\/thead>\n<tbody class=\"row-striping row-hover\">\n<tr class=\"row-2\">\n\t<td class=\"column-1\">12\/12\/2025<\/td><td class=\"column-2\"><strong>RESOLU\u00c7\u00c3O N\u00b0 09 DE 2025<\/strong><br \/>\nModifica disposi\u00e7\u00f5es da Resolu\u00e7\u00e3o n\u00ba 03\/2025, que instituiu o Novo Regimento Interno da C\u00e2mara Municipal de Soledade de Minas, dando nova reda\u00e7\u00e3o ao caput do artigo 25 e revogando o \u00a71\u00b0 do artigo 25.<\/td><td class=\"column-3\"><a href=\"https:\/\/www.cmsoledadedeminas.mg.gov.br\/v1\/wp-content\/uploads\/2026\/02\/Resolucao-09-de-2025.pdf\" target=\"_blank\">Download<\/a><\/td>\n<\/tr>\n<tr class=\"row-3\">\n\t<td class=\"column-1\">07\/10\/2025<\/td><td class=\"column-2\"><strong>RESOLU\u00c7\u00c3O N\u00ba 08 DE 2025<\/strong><br \/>\nALTERA O GRAU DE ESCOLARIDADE EXIGIDO PARA O CARGO DE AUXILIAR ADMINISTRATIVO EXISTENTE NO QUADRO DE PESSOAL DO PODER LEGISLATIVO MUNICIPAL.<\/td><td class=\"column-3\"><a href=\"https:\/\/www.cmsoledadedeminas.mg.gov.br\/v1\/wp-content\/uploads\/2026\/02\/Resolucao-08-de-2025.pdf\" target=\"_blank\">Download<\/a><\/td>\n<\/tr>\n<tr class=\"row-4\">\n\t<td class=\"column-1\">17\/09\/2025<\/td><td class=\"column-2\"><strong>RESOLU\u00c7\u00c3O N\u00ba 07 DE 2025<\/strong><br \/>\nAcrescenta disposi\u00e7\u00f5es \u00e0 resolu\u00e7\u00e3o n\u00b0 03\/2017, que instituiu o Novo Regimento Interno Da C\u00e2mara Municipal de Soledade De Minas.<br \/>\n<\/td><td class=\"column-3\"><a href=\"https:\/\/www.cmsoledadedeminas.mg.gov.br\/v1\/wp-content\/uploads\/2026\/02\/Resolucao-07-de-2025.pdf\" target=\"_blank\">Download<\/a><\/td>\n<\/tr>\n<tr class=\"row-5\">\n\t<td class=\"column-1\">17\/09\/2025<\/td><td class=\"column-2\"><strong>RESOLU\u00c7\u00c3O N\u00ba 06 DE 2025<\/strong><br \/>\nAltera e revoga disposi\u00e7\u00f5es da resolu\u00e7\u00e3o n\u00ba 03\/2017, que Instituiu o novo regimento interno da C\u00e2mara Municipal de Soledade de Minas.<\/td><td class=\"column-3\"><a href=\"https:\/\/www.cmsoledadedeminas.mg.gov.br\/v1\/wp-content\/uploads\/2026\/02\/Resolucao-06-de-2025.pdf\" target=\"_blank\">Download<\/a><\/td>\n<\/tr>\n<tr class=\"row-6\">\n\t<td class=\"column-1\">24\/06\/2025<\/td><td class=\"column-2\"><strong>RESOLU\u00c7\u00c3O N\u00b0 05 DE 2025<\/strong><br \/>\nD\u00e1 nova reda\u00e7\u00e3o ao Anexo II da Resolu\u00e7\u00e3o n\u00ba 02 de 2025 que \"Disp\u00f5e sobre os cargos efetivos, comissionados e fun\u00e7\u00f5es de confian\u00e7a da C\u00e2mara Municipal de Soledade de Minas, bem como detalha o Quadro de Pessoal\".<br \/>\n<\/td><td class=\"column-3\"><a href=\"https:\/\/www.cmsoledadedeminas.mg.gov.br\/v1\/wp-content\/uploads\/2026\/02\/Resolucao-05-de-2025.pdf\" target=\"_blank\">Download<\/a><\/td>\n<\/tr>\n<tr class=\"row-7\">\n\t<td class=\"column-1\">09\/06\/2025<\/td><td class=\"column-2\"><strong>PROJETO DE RESOLU\u00c7\u00c3O N\u00ba 04 DE 2025<\/strong><br \/>\nRegulamenta a aplica\u00e7\u00e3o da Lei Federal n\u00ba 12.527, de 18 de novembro de 2011-lei de acesso \u00e0 informa\u00e7\u00e3o - no \u00e2mbito do Poder Legislativo Municipal de Soledade de Minas, e d\u00e1 outras provid\u00eancias.<\/td><td class=\"column-3\"><a href=\"https:\/\/www.cmsoledadedeminas.mg.gov.br\/v1\/wp-content\/uploads\/2026\/02\/Resolucao-04-de-2025.pdf\" target=\"_blank\">Download<\/a><\/td>\n<\/tr>\n<tr class=\"row-8\">\n\t<td class=\"column-1\">09\/06\/2025<\/td><td class=\"column-2\"><strong>RESOLU\u00c7\u00c3O N\u00b0 03 DE 2025<\/strong><br \/>\nRegulamenta a aplica\u00e7\u00e3o da Lei Federal n\u00b0 13.709, de 14 de agosto de 2018- Fei de Prote\u00e7\u00e3o de Dados Pessoais (LGPD) - no \u00e2mbito do Poder Legislativo Municipal de Soledade de Minas, e d\u00e1 outras provid\u00eancias.<\/td><td class=\"column-3\"><a href=\"https:\/\/www.cmsoledadedeminas.mg.gov.br\/v1\/wp-content\/uploads\/2026\/02\/Resolucao-03-de-2025.pdf\" target=\"_blank\">Download<\/a><\/td>\n<\/tr>\n<tr class=\"row-9\">\n\t<td class=\"column-1\">30\/04\/2025<\/td><td class=\"column-2\"><strong>RESOLU\u00c7\u00c3O N\u00b0 02 DE 2025<\/strong><br \/>\nDisp\u00f5e sobre os cargos efetivos, comissionados e fun\u00e7\u00f5es de confian\u00e7a da C\u00e2mara Municipal de Soledade de Minas, bem como detalha o Quadro de Pessoal<\/td><td class=\"column-3\"><a href=\"https:\/\/www.cmsoledadedeminas.mg.gov.br\/v1\/wp-content\/uploads\/2026\/02\/Resolucao-02-de-2025.pdf\" target=\"_blank\">Download<\/a><\/td>\n<\/tr>\n<tr class=\"row-10\">\n\t<td class=\"column-1\">15\/04\/2025<\/td><td class=\"column-2\"><strong>RESOLU\u00c7\u00c3O N\u00b0 01 DE 2025<\/strong><br \/>\nALTERA E REVOGA DISPOSI\u00c7\u00d5ES DA RESOLU\u00c7\u00c3O N\u00b0 03\/2017, QUE INSTITUIU \u039f NOVO REGIMENTO INTERNO DA C\u00c2MARA MUNICIPAL DE SOLEDADE DE MINAS.<br \/>\n<\/td><td class=\"column-3\"><a href=\"https:\/\/www.cmsoledadedeminas.mg.gov.br\/v1\/wp-content\/uploads\/2026\/02\/Resolucao-01-de-2025.pdf\" target=\"_blank\">Download<\/a><\/td>\n<\/tr>\n<\/tbody>\n<\/table>\n<!-- #tablepress-21 from cache -->\t\t\t\t<\/div>\n\t\t\t\t\t<\/div>\n\t\t<\/div>\n\t\t\t\t\t<\/div>\n\t\t<\/section>\n\t\t\t\t<\/div>\n\t\t","protected":false},"excerpt":{"rendered":"<p>Home Resolu\u00e7\u00f5es &#8211; 2025<\/p>\n","protected":false},"author":1,"featured_media":0,"parent":1763,"menu_order":0,"comment_status":"closed","ping_status":"closed","template":"page-templates\/no-wrapper.php","meta":{"footnotes":""},"class_list":["post-1766","page","type-page","status-publish"],"_links":{"self":[{"href":"https:\/\/www.cmsoledadedeminas.mg.gov.br\/v1\/wp-json\/wp\/v2\/pages\/1766","targetHints":{"allow":["GET"]}}],"collection":[{"href":"https:\/\/www.cmsoledadedeminas.mg.gov.br\/v1\/wp-json\/wp\/v2\/pages"}],"about":[{"href":"https:\/\/www.cmsoledadedeminas.mg.gov.br\/v1\/wp-json\/wp\/v2\/types\/page"}],"author":[{"embeddable":true,"href":"https:\/\/www.cmsoledadedeminas.mg.gov.br\/v1\/wp-json\/wp\/v2\/users\/1"}],"replies":[{"embeddable":true,"href":"https:\/\/www.cmsoledadedeminas.mg.gov.br\/v1\/wp-json\/wp\/v2\/comments?post=1766"}],"version-history":[{"count":7,"href":"https:\/\/www.cmsoledadedeminas.mg.gov.br\/v1\/wp-json\/wp\/v2\/pages\/1766\/revisions"}],"predecessor-version":[{"id":1776,"href":"https:\/\/www.cmsoledadedeminas.mg.gov.br\/v1\/wp-json\/wp\/v2\/pages\/1766\/revisions\/1776"}],"up":[{"embeddable":true,"href":"https:\/\/www.cmsoledadedeminas.mg.gov.br\/v1\/wp-json\/wp\/v2\/pages\/1763"}],"wp:attachment":[{"href":"https:\/\/www.cmsoledadedeminas.mg.gov.br\/v1\/wp-json\/wp\/v2\/media?parent=1766"}],"curies":[{"name":"wp","href":"https:\/\/api.w.org\/{rel}","templated":true}]}}