{"id":1749,"date":"2026-02-11T21:15:14","date_gmt":"2026-02-11T21:15:14","guid":{"rendered":"https:\/\/www.cmsoledadedeminas.mg.gov.br\/v1\/?page_id=1749"},"modified":"2026-02-11T21:25:04","modified_gmt":"2026-02-11T21:25:04","slug":"atas-2026","status":"publish","type":"page","link":"https:\/\/www.cmsoledadedeminas.mg.gov.br\/v1\/documentos\/atas\/atas-2026\/","title":{"rendered":"Atas &#8211; 2026"},"content":{"rendered":"\t\t<div data-elementor-type=\"wp-page\" data-elementor-id=\"1749\" class=\"elementor elementor-1749\" data-elementor-post-type=\"page\">\n\t\t\t\t\t\t<section class=\"has-el-gap el-gap-default elementor-section elementor-top-section elementor-element elementor-element-688b1636 elementor-section-boxed elementor-section-height-default elementor-section-height-default\" data-id=\"688b1636\" data-element_type=\"section\" data-e-type=\"section\">\n\t\t\t\t\t\t<div class=\"elementor-container elementor-column-gap-no\">\n\t\t\t\t\t<div class=\"elementor-column elementor-col-100 elementor-top-column elementor-element elementor-element-5808915e\" data-id=\"5808915e\" data-element_type=\"column\" data-e-type=\"column\">\n\t\t\t<div class=\"elementor-widget-wrap elementor-element-populated\">\n\t\t\t\t\t\t<div class=\"elementor-element elementor-element-492ff8a2 elementor-widget elementor-widget-smartmag-breadcrumbs\" data-id=\"492ff8a2\" data-element_type=\"widget\" data-e-type=\"widget\" data-widget_type=\"smartmag-breadcrumbs.default\">\n\t\t\t\t<div class=\"elementor-widget-container\">\n\t\t\t\t\t<nav class=\"breadcrumbs ts-contain breadcrumbs-a\" id=\"breadcrumb\"><div class=\"inner ts-contain \"><span class=\"current\">Home<\/span><\/div><\/nav>\t\t\t\t<\/div>\n\t\t\t\t<\/div>\n\t\t\t\t\t<\/div>\n\t\t<\/div>\n\t\t\t\t\t<\/div>\n\t\t<\/section>\n\t\t\t\t<section class=\"has-el-gap el-gap-default elementor-section elementor-top-section elementor-element elementor-element-74f3f72a elementor-section-boxed elementor-section-height-default elementor-section-height-default\" data-id=\"74f3f72a\" data-element_type=\"section\" data-e-type=\"section\">\n\t\t\t\t\t\t<div class=\"elementor-container elementor-column-gap-no\">\n\t\t\t\t\t<div class=\"elementor-column elementor-col-100 elementor-top-column elementor-element elementor-element-542e1941\" data-id=\"542e1941\" data-element_type=\"column\" data-e-type=\"column\">\n\t\t\t<div class=\"elementor-widget-wrap elementor-element-populated\">\n\t\t\t\t\t\t<div class=\"elementor-element elementor-element-2564fbda elementor-widget elementor-widget-heading\" data-id=\"2564fbda\" data-element_type=\"widget\" data-e-type=\"widget\" data-widget_type=\"heading.default\">\n\t\t\t\t\t<h2 class=\"elementor-heading-title elementor-size-default\">Atas - 2026<\/h2>\t\t\t\t<\/div>\n\t\t\t\t\t<\/div>\n\t\t<\/div>\n\t\t\t\t\t<\/div>\n\t\t<\/section>\n\t\t\t\t<section class=\"has-el-gap el-gap-default elementor-section elementor-top-section elementor-element elementor-element-160ae584 elementor-section-boxed elementor-section-height-default elementor-section-height-default\" data-id=\"160ae584\" data-element_type=\"section\" data-e-type=\"section\">\n\t\t\t\t\t\t<div class=\"elementor-container elementor-column-gap-no\">\n\t\t\t\t\t<div class=\"elementor-column elementor-col-100 elementor-top-column elementor-element elementor-element-7509a617\" data-id=\"7509a617\" data-element_type=\"column\" data-e-type=\"column\">\n\t\t\t<div class=\"elementor-widget-wrap elementor-element-populated\">\n\t\t\t\t\t\t<div class=\"elementor-element elementor-element-32dc53cd elementor-widget elementor-widget-spacer\" data-id=\"32dc53cd\" data-element_type=\"widget\" data-e-type=\"widget\" data-widget_type=\"spacer.default\">\n\t\t\t\t\t\t\t<div class=\"elementor-spacer\">\n\t\t\t<div class=\"elementor-spacer-inner\"><\/div>\n\t\t<\/div>\n\t\t\t\t\t\t<\/div>\n\t\t\t\t\t<\/div>\n\t\t<\/div>\n\t\t\t\t\t<\/div>\n\t\t<\/section>\n\t\t\t\t<section class=\"has-el-gap el-gap-default elementor-section elementor-top-section elementor-element elementor-element-26cb08de elementor-section-boxed elementor-section-height-default elementor-section-height-default\" data-id=\"26cb08de\" data-element_type=\"section\" data-e-type=\"section\">\n\t\t\t\t\t\t<div class=\"elementor-container elementor-column-gap-no\">\n\t\t\t\t\t<div class=\"elementor-column elementor-col-100 elementor-top-column elementor-element elementor-element-6aab5f82\" data-id=\"6aab5f82\" data-element_type=\"column\" data-e-type=\"column\">\n\t\t\t<div class=\"elementor-widget-wrap elementor-element-populated\">\n\t\t\t\t\t\t<div class=\"elementor-element elementor-element-2559bc1f elementor-widget elementor-widget-html\" data-id=\"2559bc1f\" data-element_type=\"widget\" data-e-type=\"widget\" data-widget_type=\"html.default\">\n\t\t\t\t\t\n<table id=\"tablepress-20\" class=\"tablepress tablepress-id-20\">\n<thead>\n<tr class=\"row-1\">\n\t<th class=\"column-1\">Publica\u00e7\u00e3o<\/th><th class=\"column-2\">Tipo<\/th><th class=\"column-3\">Descri\u00e7\u00e3o<\/th><th class=\"column-4\">Download<\/th>\n<\/tr>\n<\/thead>\n<tbody class=\"row-striping row-hover\">\n<tr class=\"row-2\">\n\t<td class=\"column-1\">06\/04\/2026<\/td><td class=\"column-2\">Ordin\u00e1ria<\/td><td class=\"column-3\">ATA DA 5\u00aa SESS\u00c3O ORDIN\u00c1RIA DO SEGUNDO ANO DA 20<br \/>\nLEGISLATURA<\/td><td class=\"column-4\"><a href=\"https:\/\/www.cmsoledadedeminas.mg.gov.br\/v1\/wp-content\/uploads\/2026\/04\/Ata-da-5-Sessao-Ordinaria.pdf\" target=\"_blank\">Download<\/a><\/td>\n<\/tr>\n<tr class=\"row-3\">\n\t<td class=\"column-1\">19\/03\/2026<\/td><td class=\"column-2\">Extraordin\u00e1ria<\/td><td class=\"column-3\">ATA DA 3\u00aa SESS\u00c3O EXTRAORDIN\u00c1RIA DO SEGUNDO ANO DA 20\u00aa<\/td><td class=\"column-4\"><a href=\"https:\/\/www.cmsoledadedeminas.mg.gov.br\/v1\/wp-content\/uploads\/2026\/04\/Ata-da-3-Sessao-Extraordinaria-1.pdf\" target=\"_blank\">Download<\/a><\/td>\n<\/tr>\n<tr class=\"row-4\">\n\t<td class=\"column-1\">19\/03\/2026<\/td><td class=\"column-2\">Extraordin\u00e1ria<\/td><td class=\"column-3\">ATA DA 2\u00aa SESS\u00c3O EXTRAORDIN\u00c1RIA DO SEGUNDO ANO DA 20\u00aa<br \/>\nLEGISLATURA<\/td><td class=\"column-4\"><a href=\"https:\/\/www.cmsoledadedeminas.mg.gov.br\/v1\/wp-content\/uploads\/2026\/04\/Ata-da-2-Sessao-Extraordinaria.pdf\" target=\"_blank\">Download<\/a><\/td>\n<\/tr>\n<tr class=\"row-5\">\n\t<td class=\"column-1\">19\/03\/2026<\/td><td class=\"column-2\">Comiss\u00e3o<\/td><td class=\"column-3\">ATA DA 04\u00aa REUNI\u00c3O DA COMISS\u00c3O DE LEGISLA\u00c7\u00c3O, JUSTI\u00c7A E REDA\u00c7\u00c3O<\/td><td class=\"column-4\"><a href=\"https:\/\/www.cmsoledadedeminas.mg.gov.br\/v1\/wp-content\/uploads\/2026\/03\/Ata-da-04-Reuniao-da-Comissao-de-Legislacao-Justica-e-Redacao.pdf\" target=\"_blank\">Download<\/a><\/td>\n<\/tr>\n<tr class=\"row-6\">\n\t<td class=\"column-1\">19\/03\/2026<\/td><td class=\"column-2\">Comiss\u00e3o<\/td><td class=\"column-3\">ATA DA 03\u00aa REUNI\u00c3O DA COMISS\u00c3O DE SERVI\u00c7OS P\u00daBLICOS MUNICIPAIS POL\u00cdTICAS SOCIAIS<\/td><td class=\"column-4\"><a href=\"https:\/\/www.cmsoledadedeminas.mg.gov.br\/v1\/wp-content\/uploads\/2026\/03\/Ata-da-03-Reuniao-da-Comissao-de-Servicos-Publicos-Municipais-e-Politicas-Sociais.pdf\" target=\"_blank\">Download<\/a><\/td>\n<\/tr>\n<tr class=\"row-7\">\n\t<td class=\"column-1\">16\/03\/2026<\/td><td class=\"column-2\">Ordin\u00e1ria<\/td><td class=\"column-3\">ATA DA 4\u00aa SESS\u00c3O ORDIN\u00c1RIA DO SEGUNDO ANO DA 20\u00aa<br \/>\nLEGISLATURA<\/td><td class=\"column-4\"><a href=\"https:\/\/www.cmsoledadedeminas.mg.gov.br\/v1\/wp-content\/uploads\/2026\/04\/Ata-da-4-Sessao-Ordinaria.pdf\" target=\"_blank\">Download<\/a><\/td>\n<\/tr>\n<tr class=\"row-8\">\n\t<td class=\"column-1\">16\/03\/2026<\/td><td class=\"column-2\">Comiss\u00e3o<\/td><td class=\"column-3\">ATA DA 03\u00aa REUNI\u00c3O DA COMISS\u00c3O DE LEGISLA\u00c7\u00c3O, JUSTI\u00c7A E REDA\u00c7\u00c3O<\/td><td class=\"column-4\"><a href=\"https:\/\/www.cmsoledadedeminas.mg.gov.br\/v1\/wp-content\/uploads\/2026\/03\/Ata-da-03-Reuniao-da-Comissao-de-Legislacao-Justica-e-Redacao.pdf\" target=\"_blank\">Download<\/a><\/td>\n<\/tr>\n<tr class=\"row-9\">\n\t<td class=\"column-1\">16\/03\/2026<\/td><td class=\"column-2\">Comiss\u00e3o<\/td><td class=\"column-3\">ATA DA 1\u00aa REUNI\u00c3O DA COMISS\u00c3O DE FINAN\u00c7AS, OR\u00c7AMENTOS E FISCALIZA\u00c7\u00c3O FINANCEIRA<\/td><td class=\"column-4\"><a href=\"https:\/\/www.cmsoledadedeminas.mg.gov.br\/v1\/wp-content\/uploads\/2026\/03\/Ata-da-01-Reuniao-da-Comissao-de-Financas-Orcamento-e-Fiscalizacao-Financeira.pdf\" target=\"_blank\">Download<\/a><\/td>\n<\/tr>\n<tr class=\"row-10\">\n\t<td class=\"column-1\">02\/03\/2026<\/td><td class=\"column-2\">Ordin\u00e1ria<\/td><td class=\"column-3\">ATA DA 3\u00aa SESS\u00c3O ORDIN\u00c1RIA DO SEGUNDO ANO DA 20\u00aa LEGISLATURA<\/td><td class=\"column-4\"><a href=\"https:\/\/www.cmsoledadedeminas.mg.gov.br\/v1\/wp-content\/uploads\/2026\/03\/Ata-da-03-Sessao-Ordinaria-de-2026.pdf\" target=\"_blank\">Download<\/a><\/td>\n<\/tr>\n<tr class=\"row-11\">\n\t<td class=\"column-1\">18\/02\/2026<\/td><td class=\"column-2\">Ordin\u00e1ria<\/td><td class=\"column-3\">ATA DA 2\u00aa SESS\u00c3O ORDIN\u00c1RIA DO SEGUNDO ANO DA 20 LEGISLATURA<\/td><td class=\"column-4\"><a href=\"https:\/\/www.cmsoledadedeminas.mg.gov.br\/v1\/wp-content\/uploads\/2026\/03\/Ata-da-02-Sessao-Ordinaria-de-2026.pdf\" target=\"_blank\">Download<\/a><\/td>\n<\/tr>\n<tr class=\"row-12\">\n\t<td class=\"column-1\">02\/02\/206<\/td><td class=\"column-2\">Ordin\u00e1ria<\/td><td class=\"column-3\">ATA DA 1\u00aa SESS\u00c3O ORDIN\u00c1RIA DO SEGUNDO ANO DA 20\u00aa LEGISLATURA<\/td><td class=\"column-4\"><a href=\"https:\/\/www.cmsoledadedeminas.mg.gov.br\/v1\/wp-content\/uploads\/2026\/03\/Ata-da-01-Sessao-Ordinaria-de-2026.pdf\" target=\"_blank\">Download<\/a><\/td>\n<\/tr>\n<tr class=\"row-13\">\n\t<td class=\"column-1\">09\/01\/2026<\/td><td class=\"column-2\">Extraordin\u00e1ria<\/td><td class=\"column-3\">ATA DA 01\u00aa SESS\u00c3O EXTRAORDIN\u00c1RIA DO SEGUNDO ANO DA 20\u00aa<br \/>\nLEGISLATURA<\/td><td class=\"column-4\"><a href=\"https:\/\/www.cmsoledadedeminas.mg.gov.br\/v1\/wp-content\/uploads\/2026\/02\/Ata-da-01-Sessao-Extraordinaria-de-2026.pdf\" target=\"_blank\">Download<\/a><\/td>\n<\/tr>\n<tr class=\"row-14\">\n\t<td class=\"column-1\"><\/td><td class=\"column-2\"><\/td><td class=\"column-3\"><\/td><td class=\"column-4\"><\/td>\n<\/tr>\n<\/tbody>\n<\/table>\n<!-- #tablepress-20 from cache -->\t\t\t\t<\/div>\n\t\t\t\t\t<\/div>\n\t\t<\/div>\n\t\t\t\t\t<\/div>\n\t\t<\/section>\n\t\t\t\t<\/div>\n\t\t","protected":false},"excerpt":{"rendered":"<p>Home Atas &#8211; 2026<\/p>\n","protected":false},"author":1,"featured_media":0,"parent":1747,"menu_order":0,"comment_status":"closed","ping_status":"closed","template":"page-templates\/no-wrapper.php","meta":{"footnotes":""},"class_list":["post-1749","page","type-page","status-publish"],"_links":{"self":[{"href":"https:\/\/www.cmsoledadedeminas.mg.gov.br\/v1\/wp-json\/wp\/v2\/pages\/1749","targetHints":{"allow":["GET"]}}],"collection":[{"href":"https:\/\/www.cmsoledadedeminas.mg.gov.br\/v1\/wp-json\/wp\/v2\/pages"}],"about":[{"href":"https:\/\/www.cmsoledadedeminas.mg.gov.br\/v1\/wp-json\/wp\/v2\/types\/page"}],"author":[{"embeddable":true,"href":"https:\/\/www.cmsoledadedeminas.mg.gov.br\/v1\/wp-json\/wp\/v2\/users\/1"}],"replies":[{"embeddable":true,"href":"https:\/\/www.cmsoledadedeminas.mg.gov.br\/v1\/wp-json\/wp\/v2\/comments?post=1749"}],"version-history":[{"count":4,"href":"https:\/\/www.cmsoledadedeminas.mg.gov.br\/v1\/wp-json\/wp\/v2\/pages\/1749\/revisions"}],"predecessor-version":[{"id":1757,"href":"https:\/\/www.cmsoledadedeminas.mg.gov.br\/v1\/wp-json\/wp\/v2\/pages\/1749\/revisions\/1757"}],"up":[{"embeddable":true,"href":"https:\/\/www.cmsoledadedeminas.mg.gov.br\/v1\/wp-json\/wp\/v2\/pages\/1747"}],"wp:attachment":[{"href":"https:\/\/www.cmsoledadedeminas.mg.gov.br\/v1\/wp-json\/wp\/v2\/media?parent=1749"}],"curies":[{"name":"wp","href":"https:\/\/api.w.org\/{rel}","templated":true}]}}