{"id":1622,"date":"2026-02-03T22:50:01","date_gmt":"2026-02-03T22:50:01","guid":{"rendered":"https:\/\/www.cmsoledadedeminas.mg.gov.br\/v1\/?page_id=1622"},"modified":"2026-02-03T22:52:31","modified_gmt":"2026-02-03T22:52:31","slug":"indicacoes-2026","status":"publish","type":"page","link":"https:\/\/www.cmsoledadedeminas.mg.gov.br\/v1\/documentos\/indicacoes\/indicacoes-2026\/","title":{"rendered":"Indica\u00e7\u00f5es &#8211; 2026"},"content":{"rendered":"\t\t<div data-elementor-type=\"wp-page\" data-elementor-id=\"1622\" class=\"elementor elementor-1622\">\n\t\t\t\t\t\t<section class=\"has-el-gap el-gap-default elementor-section elementor-top-section elementor-element elementor-element-40f8fb0e elementor-section-boxed elementor-section-height-default elementor-section-height-default\" data-id=\"40f8fb0e\" data-element_type=\"section\">\n\t\t\t\t\t\t<div class=\"elementor-container elementor-column-gap-no\">\n\t\t\t\t\t<div class=\"elementor-column elementor-col-100 elementor-top-column elementor-element elementor-element-50538d70\" data-id=\"50538d70\" data-element_type=\"column\">\n\t\t\t<div class=\"elementor-widget-wrap elementor-element-populated\">\n\t\t\t\t\t\t<div class=\"elementor-element elementor-element-495a8929 elementor-widget elementor-widget-smartmag-breadcrumbs\" data-id=\"495a8929\" data-element_type=\"widget\" data-widget_type=\"smartmag-breadcrumbs.default\">\n\t\t\t\t<div class=\"elementor-widget-container\">\n\t\t\t\t\t<nav class=\"breadcrumbs ts-contain breadcrumbs-a\" id=\"breadcrumb\"><div class=\"inner ts-contain \"><span class=\"current\">Home<\/span><\/div><\/nav>\t\t\t\t<\/div>\n\t\t\t\t<\/div>\n\t\t\t\t\t<\/div>\n\t\t<\/div>\n\t\t\t\t\t<\/div>\n\t\t<\/section>\n\t\t\t\t<section class=\"has-el-gap el-gap-default elementor-section elementor-top-section elementor-element elementor-element-637bbb35 elementor-section-boxed elementor-section-height-default elementor-section-height-default\" data-id=\"637bbb35\" data-element_type=\"section\">\n\t\t\t\t\t\t<div class=\"elementor-container elementor-column-gap-no\">\n\t\t\t\t\t<div class=\"elementor-column elementor-col-100 elementor-top-column elementor-element elementor-element-dd50344\" data-id=\"dd50344\" data-element_type=\"column\">\n\t\t\t<div class=\"elementor-widget-wrap elementor-element-populated\">\n\t\t\t\t\t\t<div class=\"elementor-element elementor-element-3926343f elementor-widget elementor-widget-heading\" data-id=\"3926343f\" data-element_type=\"widget\" data-widget_type=\"heading.default\">\n\t\t\t\t\t<h2 class=\"elementor-heading-title elementor-size-default\">Indica\u00e7\u00f5es - 2026<\/h2>\t\t\t\t<\/div>\n\t\t\t\t\t<\/div>\n\t\t<\/div>\n\t\t\t\t\t<\/div>\n\t\t<\/section>\n\t\t\t\t<section class=\"has-el-gap el-gap-default elementor-section elementor-top-section elementor-element elementor-element-16685a61 elementor-section-boxed elementor-section-height-default elementor-section-height-default\" data-id=\"16685a61\" data-element_type=\"section\">\n\t\t\t\t\t\t<div class=\"elementor-container elementor-column-gap-no\">\n\t\t\t\t\t<div class=\"elementor-column elementor-col-100 elementor-top-column elementor-element elementor-element-5e8156de\" data-id=\"5e8156de\" data-element_type=\"column\">\n\t\t\t<div class=\"elementor-widget-wrap elementor-element-populated\">\n\t\t\t\t\t\t<div class=\"elementor-element elementor-element-496cce88 elementor-widget elementor-widget-spacer\" data-id=\"496cce88\" data-element_type=\"widget\" data-widget_type=\"spacer.default\">\n\t\t\t\t\t\t\t<div class=\"elementor-spacer\">\n\t\t\t<div class=\"elementor-spacer-inner\"><\/div>\n\t\t<\/div>\n\t\t\t\t\t\t<\/div>\n\t\t\t\t\t<\/div>\n\t\t<\/div>\n\t\t\t\t\t<\/div>\n\t\t<\/section>\n\t\t\t\t<section class=\"has-el-gap el-gap-default elementor-section elementor-top-section elementor-element elementor-element-3bf4faf5 elementor-section-boxed elementor-section-height-default elementor-section-height-default\" data-id=\"3bf4faf5\" data-element_type=\"section\">\n\t\t\t\t\t\t<div class=\"elementor-container elementor-column-gap-no\">\n\t\t\t\t\t<div class=\"elementor-column elementor-col-100 elementor-top-column elementor-element elementor-element-5ed07f22\" data-id=\"5ed07f22\" data-element_type=\"column\">\n\t\t\t<div class=\"elementor-widget-wrap elementor-element-populated\">\n\t\t\t\t\t\t<div class=\"elementor-element elementor-element-3d8bcca2 elementor-widget elementor-widget-html\" data-id=\"3d8bcca2\" data-element_type=\"widget\" data-widget_type=\"html.default\">\n\t\t\t\t\t\n<table id=\"tablepress-17\" class=\"tablepress tablepress-id-17\">\n<thead>\n<tr class=\"row-1\">\n\t<th class=\"column-1\">Publica\u00e7\u00e3o<\/th><th class=\"column-2\">Descri\u00e7\u00e3o<\/th><th class=\"column-3\">Download<\/th>\n<\/tr>\n<\/thead>\n<tbody class=\"row-striping row-hover\">\n<tr class=\"row-2\">\n\t<td class=\"column-1\">16\/03\/2026<\/td><td class=\"column-2\"><strong>INDICA\u00c7\u00c3O N\u00b0 13\/2026<\/strong><br \/>\nAutoria do vereador Carlos Roberto Marques. Indica que seja providenciado cobertura para os brinquedos dos parquinhos.<\/td><td class=\"column-3\"><a href=\"https:\/\/www.cmsoledadedeminas.mg.gov.br\/v1\/wp-content\/uploads\/2026\/03\/Indicacao-13-de-2026-de-autoria-do-vereador-Carlos-Roberto-Marques.pdf\" target=\"_blank\">Download<\/a><\/td>\n<\/tr>\n<tr class=\"row-3\">\n\t<td class=\"column-1\">16\/03\/2026<\/td><td class=\"column-2\"><strong>INDICA\u00c7\u00c3O N\u00b0 12\/2026<\/strong><br \/>\nAutoria do vereador Jorge Luiz Nogueira. Indica ue seja providenciada a instala\u00e7\u00e3o de corrim\u00e3o no local comumente conhecido como \"Antiga Pinguela\".<\/td><td class=\"column-3\"><a href=\"https:\/\/www.cmsoledadedeminas.mg.gov.br\/v1\/wp-content\/uploads\/2026\/03\/Indicacao-12-de-2026-de-autoria-do-vereador-Jorge-Luiz-Nogueira.pdf\" target=\"_blank\">Download<\/a><\/td>\n<\/tr>\n<tr class=\"row-4\">\n\t<td class=\"column-1\">02\/03\/2026<\/td><td class=\"column-2\"><strong>INDICA\u00c7\u00c3O N\u00b0 11\/2026<\/strong><br \/>\nAutoria do vereador ATA\u00cdDE VIEIRA MACIEL FILHO. Indica que seja providenciado a manuten\u00e7\u00e3o da estrada rural do bairro das Posses que d\u00e1 acesso a resid\u00eancia do Sr. Z\u00e9 Maria, do Manuel e do Sr. Maur\u00edcio.<\/td><td class=\"column-3\"><a href=\"https:\/\/www.cmsoledadedeminas.mg.gov.br\/v1\/wp-content\/uploads\/2026\/03\/Indicacao-11-de-2026-de-autoria-do-vereador-Ataide-Vieira-Maciel-Filho.pdf\" target=\"_blank\">Download<\/a><\/td>\n<\/tr>\n<tr class=\"row-5\">\n\t<td class=\"column-1\">02\/03\/2026<\/td><td class=\"column-2\"><strong>INDICA\u00c7\u00c3O N\u00b0 10\/2026<\/strong><br \/>\nAutoria do vereador JORGE LUIZ NOGUEIRA. Indica que sejam tomadas as devidas provid\u00eancias no Bairro dos Vicentes, tendo em vista a exist\u00eancia de quatro pontos cr\u00edticos que necessitam de interven\u00e7\u00e3o urgente.<\/td><td class=\"column-3\"><a href=\"https:\/\/www.cmsoledadedeminas.mg.gov.br\/v1\/wp-content\/uploads\/2026\/03\/Indicacao-10-de-autoria-do-vereador-Jorge-Luiz-Nogueira.pdf\" target=\"_blank\">Download<\/a><\/td>\n<\/tr>\n<tr class=\"row-6\">\n\t<td class=\"column-1\">02\/03\/2026<\/td><td class=\"column-2\"><strong>INDICA\u00c7\u00c3O N\u00b0 09\/2026<\/strong><br \/>\nAutoria do Vereador JORGE LUIZ NOGUEIRA. Indica que sejam realizados o conserto e a manuten\u00e7\u00e3o da Estrada das Pedras.<\/td><td class=\"column-3\"><a href=\"https:\/\/www.cmsoledadedeminas.mg.gov.br\/v1\/wp-content\/uploads\/2026\/03\/Indicacao-09-de-2026-de-autoria-do-vereador-Jorge-Luiz-Nogueira.pdf\" target=\"_blank\">Download<\/a><\/td>\n<\/tr>\n<tr class=\"row-7\">\n\t<td class=\"column-1\">02\/03\/2026<\/td><td class=\"column-2\"><strong>INDICA\u00c7\u00c3O N\u00b0 08\/2026<\/strong><br \/>\nAutoria do Vereador JORGE LUIZ NOGUEIRA. Indica que seja realizada a limpeza do bairro Pedreira.<\/td><td class=\"column-3\"><a href=\"https:\/\/www.cmsoledadedeminas.mg.gov.br\/v1\/wp-content\/uploads\/2026\/03\/Indicacao-08-de-2026-de-autoria-do-vereador-Jorge-Luiz-Nogueira.pdf\" target=\"_blank\">Download<\/a><\/td>\n<\/tr>\n<tr class=\"row-8\">\n\t<td class=\"column-1\">18\/02\/2026<\/td><td class=\"column-2\"><strong>Indica\u00e7\u00e3o 07\/2026<\/strong><br \/>\nAutoria do vereador Jorge Luiz Nogueira. Indica a manuten\u00e7\u00e3o na pra\u00e7a Renato<br \/>\nMaciel.<\/td><td class=\"column-3\"><a href=\"https:\/\/www.cmsoledadedeminas.mg.gov.br\/v1\/wp-content\/uploads\/2026\/02\/Indicacao-do-vereador-07-de-2026-Jorge-Luiz-Nogueira.pdf\" target=\"_blank\">Download<\/a><\/td>\n<\/tr>\n<tr class=\"row-9\">\n\t<td class=\"column-1\">18\/02\/2026<\/td><td class=\"column-2\"><strong>Indica\u00e7\u00e3o 06\/2026<\/strong><br \/>\nAutoria do vereador Jorge Luiz Nogueira. Indica a manuten\u00e7\u00e3o da rede pluvial da Rua Alexandre Pinto.<\/td><td class=\"column-3\"><a href=\"https:\/\/www.cmsoledadedeminas.mg.gov.br\/v1\/wp-content\/uploads\/2026\/02\/Indicacao-do-vereador-06-de-2026-Jorge-Luiz-Nogueira.pdf\" target=\"_blank\">Download<\/a><\/td>\n<\/tr>\n<tr class=\"row-10\">\n\t<td class=\"column-1\">02\/02\/2026<\/td><td class=\"column-2\"><strong>Indica\u00e7\u00e3o 05\/2026<\/strong><br \/>\nAutoria do vereador Reinaldo dos Santos. Indica a manuten\u00e7\u00e3o da rede pluvial da Rua Manoel Guimar\u00e3es<\/td><td class=\"column-3\"><a href=\"https:\/\/www.cmsoledadedeminas.mg.gov.br\/v1\/wp-content\/uploads\/2026\/02\/Indicacao-05-de-2026-de-autoria-do-Vereador-Reinaldo-dos-Santos.pdf\" target=\"_blank\">Download<\/a><\/td>\n<\/tr>\n<tr class=\"row-11\">\n\t<td class=\"column-1\">02\/02\/2026<\/td><td class=\"column-2\"><strong>Indica\u00e7\u00e3o 04\/2026<\/strong><br \/>\nAutoria do vereador Reinaldo dos Santos. Indica a manuten\u00e7\u00e3o e limpeza do bairro Nossa Senhora de F\u00e1tima<\/td><td class=\"column-3\"><a href=\"https:\/\/www.cmsoledadedeminas.mg.gov.br\/v1\/wp-content\/uploads\/2026\/02\/Indicacao-04-de-2026-de-autoria-do-vereador-Reinaldo-dos-Santos.pdf\" target=\"_blank\">Download<\/a><\/td>\n<\/tr>\n<tr class=\"row-12\">\n\t<td class=\"column-1\">02\/02\/2026<\/td><td class=\"column-2\"><strong>Indica\u00e7\u00e3o 03\/2026<\/strong><br \/>\nAutoria do vereador Carlos Roberto Marques. Indica a extens\u00e3o do muro pr\u00f3ximo as lanchonetes e barbearia, que se localizam adjunto a esta\u00e7\u00e3o<\/td><td class=\"column-3\"><a href=\"https:\/\/www.cmsoledadedeminas.mg.gov.br\/v1\/wp-content\/uploads\/2026\/02\/Indicacao-03-de-2026-de-autoria-do-vereador-Carlos-Roberto-Marques.pdf\" target=\"_blank\">Download<\/a><\/td>\n<\/tr>\n<tr class=\"row-13\">\n\t<td class=\"column-1\">02\/02\/2026<\/td><td class=\"column-2\"><strong>Indica\u00e7\u00e3o 02\/2026<\/strong><br \/>\nAutoria do vereador Carlos Roberto Marques. Indica  a veda\u00e7\u00e3o entre o telhado e o madeiramento ao redor da escola municipal Quintino Vieira<\/td><td class=\"column-3\"><a href=\"https:\/\/www.cmsoledadedeminas.mg.gov.br\/v1\/wp-content\/uploads\/2026\/02\/Indicacao-02-de-2026-de-autoria-do-vereador-Carlos-Roberto-Marques.pdf\" target=\"_blank\">Download<\/a><\/td>\n<\/tr>\n<tr class=\"row-14\">\n\t<td class=\"column-1\">02\/02\/2026<\/td><td class=\"column-2\"><strong>Indica\u00e7\u00e3o 01\/2026<\/strong><br \/>\nAutoria do vereador Jorge Luiz Nogueira. Indica a capina, limpeza e manuten\u00e7\u00e3o do bueiro da Rua Jo\u00e3o Narciso dos Santos<\/td><td class=\"column-3\"><a href=\"https:\/\/www.cmsoledadedeminas.mg.gov.br\/v1\/wp-content\/uploads\/2026\/02\/Indicacao-01-de-2026-de-autoria-do-vereador-Carlos-Roberto-Marques.pdf\" target=\"_blank\">Download<\/a><\/td>\n<\/tr>\n<\/tbody>\n<\/table>\n<!-- #tablepress-17 from cache -->\t\t\t\t<\/div>\n\t\t\t\t\t<\/div>\n\t\t<\/div>\n\t\t\t\t\t<\/div>\n\t\t<\/section>\n\t\t\t\t<\/div>\n\t\t","protected":false},"excerpt":{"rendered":"<p>Home Indica\u00e7\u00f5es &#8211; 2026<\/p>\n","protected":false},"author":1,"featured_media":0,"parent":1620,"menu_order":0,"comment_status":"closed","ping_status":"closed","template":"page-templates\/no-wrapper.php","meta":{"footnotes":""},"class_list":["post-1622","page","type-page","status-publish"],"_links":{"self":[{"href":"https:\/\/www.cmsoledadedeminas.mg.gov.br\/v1\/wp-json\/wp\/v2\/pages\/1622","targetHints":{"allow":["GET"]}}],"collection":[{"href":"https:\/\/www.cmsoledadedeminas.mg.gov.br\/v1\/wp-json\/wp\/v2\/pages"}],"about":[{"href":"https:\/\/www.cmsoledadedeminas.mg.gov.br\/v1\/wp-json\/wp\/v2\/types\/page"}],"author":[{"embeddable":true,"href":"https:\/\/www.cmsoledadedeminas.mg.gov.br\/v1\/wp-json\/wp\/v2\/users\/1"}],"replies":[{"embeddable":true,"href":"https:\/\/www.cmsoledadedeminas.mg.gov.br\/v1\/wp-json\/wp\/v2\/comments?post=1622"}],"version-history":[{"count":4,"href":"https:\/\/www.cmsoledadedeminas.mg.gov.br\/v1\/wp-json\/wp\/v2\/pages\/1622\/revisions"}],"predecessor-version":[{"id":1628,"href":"https:\/\/www.cmsoledadedeminas.mg.gov.br\/v1\/wp-json\/wp\/v2\/pages\/1622\/revisions\/1628"}],"up":[{"embeddable":true,"href":"https:\/\/www.cmsoledadedeminas.mg.gov.br\/v1\/wp-json\/wp\/v2\/pages\/1620"}],"wp:attachment":[{"href":"https:\/\/www.cmsoledadedeminas.mg.gov.br\/v1\/wp-json\/wp\/v2\/media?parent=1622"}],"curies":[{"name":"wp","href":"https:\/\/api.w.org\/{rel}","templated":true}]}}