{"id":1580,"date":"2026-02-03T21:22:09","date_gmt":"2026-02-03T21:22:09","guid":{"rendered":"https:\/\/www.cmsoledadedeminas.mg.gov.br\/v1\/?page_id=1580"},"modified":"2026-02-12T18:27:51","modified_gmt":"2026-02-12T18:27:51","slug":"projetos-de-lei-2026","status":"publish","type":"page","link":"https:\/\/www.cmsoledadedeminas.mg.gov.br\/v1\/documentos\/leis\/projetos-de-leis\/projetos-de-lei-2026\/","title":{"rendered":"Projetos de Lei &#8211; 2026"},"content":{"rendered":"\t\t<div data-elementor-type=\"wp-page\" data-elementor-id=\"1580\" class=\"elementor elementor-1580\">\n\t\t\t\t\t\t<section class=\"has-el-gap el-gap-default elementor-section elementor-top-section elementor-element elementor-element-20d15ccf elementor-section-boxed elementor-section-height-default elementor-section-height-default\" data-id=\"20d15ccf\" data-element_type=\"section\">\n\t\t\t\t\t\t<div class=\"elementor-container elementor-column-gap-no\">\n\t\t\t\t\t<div class=\"elementor-column elementor-col-100 elementor-top-column elementor-element elementor-element-5e8e12b4\" data-id=\"5e8e12b4\" data-element_type=\"column\">\n\t\t\t<div class=\"elementor-widget-wrap elementor-element-populated\">\n\t\t\t\t\t\t<div class=\"elementor-element elementor-element-749d2045 elementor-widget elementor-widget-smartmag-breadcrumbs\" data-id=\"749d2045\" data-element_type=\"widget\" data-widget_type=\"smartmag-breadcrumbs.default\">\n\t\t\t\t<div class=\"elementor-widget-container\">\n\t\t\t\t\t<nav class=\"breadcrumbs ts-contain breadcrumbs-a\" id=\"breadcrumb\"><div class=\"inner ts-contain \"><span class=\"current\">Home<\/span><\/div><\/nav>\t\t\t\t<\/div>\n\t\t\t\t<\/div>\n\t\t\t\t\t<\/div>\n\t\t<\/div>\n\t\t\t\t\t<\/div>\n\t\t<\/section>\n\t\t\t\t<section class=\"has-el-gap el-gap-default elementor-section elementor-top-section elementor-element elementor-element-77a9ba19 elementor-section-boxed elementor-section-height-default elementor-section-height-default\" data-id=\"77a9ba19\" data-element_type=\"section\">\n\t\t\t\t\t\t<div class=\"elementor-container elementor-column-gap-no\">\n\t\t\t\t\t<div class=\"elementor-column elementor-col-100 elementor-top-column elementor-element elementor-element-1ec6dafd\" data-id=\"1ec6dafd\" data-element_type=\"column\">\n\t\t\t<div class=\"elementor-widget-wrap elementor-element-populated\">\n\t\t\t\t\t\t<div class=\"elementor-element elementor-element-339ef8c7 elementor-widget elementor-widget-heading\" data-id=\"339ef8c7\" data-element_type=\"widget\" data-widget_type=\"heading.default\">\n\t\t\t\t\t<h2 class=\"elementor-heading-title elementor-size-default\">Projetos de Lei - 2026<\/h2>\t\t\t\t<\/div>\n\t\t\t\t\t<\/div>\n\t\t<\/div>\n\t\t\t\t\t<\/div>\n\t\t<\/section>\n\t\t\t\t<section class=\"has-el-gap el-gap-default elementor-section elementor-top-section elementor-element elementor-element-6636950b elementor-section-boxed elementor-section-height-default elementor-section-height-default\" data-id=\"6636950b\" data-element_type=\"section\">\n\t\t\t\t\t\t<div class=\"elementor-container elementor-column-gap-no\">\n\t\t\t\t\t<div class=\"elementor-column elementor-col-100 elementor-top-column elementor-element elementor-element-30c4e2fd\" data-id=\"30c4e2fd\" data-element_type=\"column\">\n\t\t\t<div class=\"elementor-widget-wrap elementor-element-populated\">\n\t\t\t\t\t\t<div class=\"elementor-element elementor-element-57c0a875 elementor-widget elementor-widget-spacer\" data-id=\"57c0a875\" data-element_type=\"widget\" data-widget_type=\"spacer.default\">\n\t\t\t\t\t\t\t<div class=\"elementor-spacer\">\n\t\t\t<div class=\"elementor-spacer-inner\"><\/div>\n\t\t<\/div>\n\t\t\t\t\t\t<\/div>\n\t\t\t\t\t<\/div>\n\t\t<\/div>\n\t\t\t\t\t<\/div>\n\t\t<\/section>\n\t\t\t\t<section class=\"has-el-gap el-gap-default elementor-section elementor-top-section elementor-element elementor-element-65c5862e elementor-section-boxed elementor-section-height-default elementor-section-height-default\" data-id=\"65c5862e\" data-element_type=\"section\">\n\t\t\t\t\t\t<div class=\"elementor-container elementor-column-gap-no\">\n\t\t\t\t\t<div class=\"elementor-column elementor-col-100 elementor-top-column elementor-element elementor-element-fc4273c\" data-id=\"fc4273c\" data-element_type=\"column\">\n\t\t\t<div class=\"elementor-widget-wrap elementor-element-populated\">\n\t\t\t\t\t\t<div class=\"elementor-element elementor-element-2bc263a6 elementor-widget elementor-widget-html\" data-id=\"2bc263a6\" data-element_type=\"widget\" data-widget_type=\"html.default\">\n\t\t\t\t\t\n<table id=\"tablepress-15\" class=\"tablepress tablepress-id-15\">\n<thead>\n<tr class=\"row-1\">\n\t<th class=\"column-1\">Publica\u00e7\u00e3o<\/th><th class=\"column-2\">Tipo<\/th><th class=\"column-3\">Descri\u00e7\u00e3o<\/th><th class=\"column-4\">Download<\/th>\n<\/tr>\n<\/thead>\n<tbody class=\"row-striping row-hover\">\n<tr class=\"row-2\">\n\t<td class=\"column-1\">30\/03\/2026<\/td><td class=\"column-2\">Complementar<\/td><td class=\"column-3\"><strong>PROJETO DE LEI COMPLEMENTAR 06\/2026<\/strong><br \/>\nAltera a Lei Complementar n\u00ba 92, de 04 de outubro de 2023, para explicitar a participa\u00e7\u00e3o do Munic\u00edpio no programa habitacional de interesse social, disciplinar o subs\u00eddio fundi\u00e1rio municipal, aperfei\u00e7oar os crit\u00e9rios de inscri\u00e7\u00e3o, pr\u00e9-sele\u00e7\u00e3o e classifica\u00e7\u00e3o preliminar das fam\u00edlias interessadas, instituir benef\u00edcios tribut\u00e1rios correlatos e dar outras provid\u00eancias.<\/td><td class=\"column-4\"><a href=\"https:\/\/www.cmsoledadedeminas.mg.gov.br\/v1\/wp-content\/uploads\/2026\/04\/Projeto-de-Lei-Complementar-06-de-2026.pdf\" target=\"_blank\">Download<\/a><\/td>\n<\/tr>\n<tr class=\"row-3\">\n\t<td class=\"column-1\">16\/03\/2026<\/td><td class=\"column-2\">Complementar<\/td><td class=\"column-3\"><strong>Projeto de Lei Complementar 05\/2026<\/strong><br>Disp\u00f5e sobre a cria\u00e7\u00e3o dos cargos de ProcuradorGeral do Munic\u00edpio e Procurador Jur\u00eddico Adjunto do Munic\u00edpio na estrutura do Munic\u00edpio de Soledade de Minas e d\u00e1 outras provid\u00eancias.<\/td><td class=\"column-4\"><a href=\"https:\/\/www.cmsoledadedeminas.mg.gov.br\/v1\/wp-content\/uploads\/2026\/03\/Parecer-Juridico-do-Projeto-de-Lei-Complementar-05-de-2026.pdf\" target=\"_blank\">Parecer<\/a><br \/>\n<a href=\"https:\/\/www.cmsoledadedeminas.mg.gov.br\/v1\/wp-content\/uploads\/2026\/03\/Autografo-10-de-2026.pdf\" target=\"_blank\">Aut\u00f3grafo 10\/2026<\/a><br \/>\n<a href=\"https:\/\/www.cmsoledadedeminas.mg.gov.br\/v1\/wp-content\/uploads\/2026\/03\/Projeto-de-Lei-Complementar-05-de-2026.pdf\" target=\"_blank\">Projeto de Lei Complementar 05\/2026<\/a><\/td>\n<\/tr>\n<tr class=\"row-4\">\n\t<td class=\"column-1\">02\/03\/2026<\/td><td class=\"column-2\">Complementar<\/td><td class=\"column-3\"><strong>Projeto de Lei Complementar 04\/2026<\/strong><br>Acresce par\u00e1grafos ao artigo 9\u00b0 da Lei Complementar n\u00ba 0105\/2025, que: Disp\u00f5e sobre a autoriza\u00e7\u00e3o para a doa\u00e7\u00e3o de materiais de constru\u00e7\u00e3o a pessoas ou fam\u00edlias de baixa renda e d\u00e1 outras provid\u00eancias.<\/td><td class=\"column-4\"><a href=\"https:\/\/www.cmsoledadedeminas.mg.gov.br\/v1\/wp-content\/uploads\/2026\/03\/Parecer-Juridico-do-Projeto-de-Lei-Complementar-04-de-2026.pdf\" target=\"_blank\">Parecer<\/a><br \/>\n<a href=\"https:\/\/www.cmsoledadedeminas.mg.gov.br\/v1\/wp-content\/uploads\/2026\/03\/Autografo-09-de-2026.pdf\" target=\"_blank\">Aut\u00f3grafo 09\/2026<\/a><br \/>\n<a href=\"https:\/\/www.cmsoledadedeminas.mg.gov.br\/v1\/wp-content\/uploads\/2026\/03\/Projeto-de-Lei-Complementar-04-de-2026.pdf\" target=\"_blank\">Projeto de Lei Complementar 04\/2026<\/a><\/td>\n<\/tr>\n<tr class=\"row-5\">\n\t<td class=\"column-1\">02\/03\/2026<\/td><td class=\"column-2\">Complementar<\/td><td class=\"column-3\"><strong>Projeto de Lei Complementar 03\/2026<\/strong><br>Altera dispositivo da Lei Municipal n\u00b0 815\/2006, que: Disp\u00f5e sobre os principios b\u00e1sicos, a organiza\u00e7\u00e3o e a estrutura da Administra\u00e7\u00e3o Municipal de Soledade de Minas.<\/td><td class=\"column-4\"><a href=\"https:\/\/www.cmsoledadedeminas.mg.gov.br\/v1\/wp-content\/uploads\/2026\/03\/Parecer-Juridico-do-Projeto-de-Lei-Complementar-02-e-03-de-2026.pdf\" target=\"_blank\">Parecer<\/a><br \/>\n<a href=\"https:\/\/www.cmsoledadedeminas.mg.gov.br\/v1\/wp-content\/uploads\/2026\/03\/Autografo-07-de-2026.pdf\" target=\"_blank\">Aut\u00f3grafo 07\/2026<\/a><br \/>\n<a href=\"https:\/\/www.cmsoledadedeminas.mg.gov.br\/v1\/wp-content\/uploads\/2026\/03\/Projeto-de-Lei-Complementar-03-de-2026.pdf\" target=\"_blank\">Projeto de Lei Complementar 03\/2026<\/a><\/td>\n<\/tr>\n<tr class=\"row-6\">\n\t<td class=\"column-1\">02\/03\/2026<\/td><td class=\"column-2\">Complementar<\/td><td class=\"column-3\"><strong>Projeto de Lei Complementar 02\/ 2026<\/strong><br>Altera dispositivos da Lei Municipal n\u00b0 816\/2006, que: Disp\u00f5e sobre o Plano de Carreira do Magist\u00e9rio P\u00fablico Municipal de Soledade de Minas, e d\u00e1 outras provid\u00eancias.<br \/>\n<\/td><td class=\"column-4\"><a href=\"https:\/\/www.cmsoledadedeminas.mg.gov.br\/v1\/wp-content\/uploads\/2026\/03\/Parecer-Juridico-do-Projeto-de-Lei-Complementar-02-e-03-de-2026.pdf\" target=\"_blank\">Parecer<\/a><br \/>\n<a href=\"https:\/\/www.cmsoledadedeminas.mg.gov.br\/v1\/wp-content\/uploads\/2026\/03\/Autografo-08-de-2026.pdf\" target=\"_blank\">Aut\u00f3grafo 08\/2026<\/a><br \/>\n<a href=\"https:\/\/www.cmsoledadedeminas.mg.gov.br\/v1\/wp-content\/uploads\/2026\/03\/Projeto-de-Lei-Complementar-02-de-2026.pdf\" target=\"_blank\">Projeto de Lei Complementar 02\/2026<\/a><\/td>\n<\/tr>\n<tr class=\"row-7\">\n\t<td class=\"column-1\">02\/02\/2026<\/td><td class=\"column-2\">Ordin\u00e1ria<\/td><td class=\"column-3\"><strong>Projeto de Lei Ordin\u00e1ria 08\/2026<\/strong><br \/>\nAutoria do Chefe do Poder Executivo Municipal. Ementa: Disp\u00f5e sobre a cria\u00e7\u00e3o de cargos no \u00e2mbito da estrutura administrativa do Servi\u00e7o Aut\u00f4nomo de \u00c1gua e Esgoto - SAAE do Munic\u00edpio de Soledade de Minas e cont\u00e9m outras provid\u00eancias.<\/td><td class=\"column-4\"><a href=\"https:\/\/www.cmsoledadedeminas.mg.gov.br\/v1\/wp-content\/uploads\/2026\/02\/Projeto-de-Lei-Ordinaria-08-de-2026.pdf\" target=\"_blank\">Projeto de Lei Ordin\u00e1ria 08\/2026<\/a><\/td>\n<\/tr>\n<tr class=\"row-8\">\n\t<td class=\"column-1\">02\/02\/2026<\/td><td class=\"column-2\">Ordin\u00e1ria<\/td><td class=\"column-3\"><strong>Projeto de Lei Ordin\u00e1ria 07\/2026<\/strong><br \/>\nAutoria do Chefe do Poder Executivo Municipal. Ementa: Disp\u00f5e sobre o reajuste salarial dos Agentes Comunit\u00e1rios de Sa\u00fade e dos Agentes de Combate \u00e0s Endemias do Munic\u00edpio de Soledade de Minas\/MG e cont\u00e9m outras provid\u00eancias.<\/td><td class=\"column-4\"><a href=\"https:\/\/www.cmsoledadedeminas.mg.gov.br\/v1\/wp-content\/uploads\/2026\/02\/Parecer-Juridico-Proj-de-Lei-Ordinaria-07-de-2026.pdf\" target=\"_blank\">Parecer<\/a><br \/>\n<a href=\"https:\/\/www.cmsoledadedeminas.mg.gov.br\/v1\/wp-content\/uploads\/2026\/02\/Projeto-de-Lei-Ordinaria-07-de-2026.pdf\" target=\"_blank\">Projeto de Lei Ordin\u00e1ria 07\/2026<\/a><\/td>\n<\/tr>\n<tr class=\"row-9\">\n\t<td class=\"column-1\">02\/02\/2026<\/td><td class=\"column-2\">Ordin\u00e1ria<\/td><td class=\"column-3\"><strong>Projeto de Lei Ordin\u00e1ria 06\/2026<\/strong><br \/>\nAutoria do Chefe do Poder Executivo Municipal. Ementa: Disp\u00f5e sobre o reajuste salarial dos Profissionais do Magist\u00e9rio P\u00fablico Municipal e cont\u00e9m outras provid\u00eancias.<\/td><td class=\"column-4\"><a href=\"https:\/\/www.cmsoledadedeminas.mg.gov.br\/v1\/wp-content\/uploads\/2026\/02\/Parecer-Juridico-Proj-de-Lei-Ordinaria-06-de-2026.pdf\" target=\"_blank\">Parecer<\/a><br \/>\n<a href=\"https:\/\/www.cmsoledadedeminas.mg.gov.br\/v1\/wp-content\/uploads\/2026\/02\/Projeto-de-Lei-Ordinaria-06-de-2026.pdf\" target=\"_blank\">Projeto de Lei Ordin\u00e1ria 06\/2026<\/a><\/td>\n<\/tr>\n<tr class=\"row-10\">\n\t<td class=\"column-1\">02\/02\/2026<\/td><td class=\"column-2\">Ordin\u00e1ria<\/td><td class=\"column-3\"><strong>Projeto de Lei Ordin\u00e1ria 05\/2026<\/strong><br \/>\nAutoria do Chefe do Poder Executivo Municipal. Ementa: Disp\u00f5e sobre o reajuste salarial dos servidores p\u00fablicos municipais ativos e inativos e cont\u00e9m outras provid\u00eancias.<\/td><td class=\"column-4\"><a href=\"https:\/\/www.cmsoledadedeminas.mg.gov.br\/v1\/wp-content\/uploads\/2026\/02\/Parecer-Juridico-Proj-de-Lei-Ordinaria-03-e-05-de-2026.pdf\" target=\"_blank\">Parecer<\/a><br \/>\n<a href=\"https:\/\/www.cmsoledadedeminas.mg.gov.br\/v1\/wp-content\/uploads\/2026\/02\/Projeto-de-Lei-Ordinaria-05-de-2026.pdf\" target=\"_blank\">Projeto de Lei Ordin\u00e1ria 05\/2026<\/a><br \/>\n<\/td>\n<\/tr>\n<tr class=\"row-11\">\n\t<td class=\"column-1\">12\/01\/2026<\/td><td class=\"column-2\">Ordin\u00e1ria<\/td><td class=\"column-3\"><strong>Projeto de Lei Ordin\u00e1ria 04\/2026<\/strong><br \/>\nAutoria do Poder Legislativo Municipal. Ementa: Disp\u00f5e sobre a recomposi\u00e7\u00e3o dos subs\u00eddios dos agentes pol\u00edticos de Soledade de Minas e cont\u00e9m outras provid\u00eancias.<\/td><td class=\"column-4\"><a href=\"https:\/\/www.cmsoledadedeminas.mg.gov.br\/v1\/wp-content\/uploads\/2026\/02\/Parecer-Juridico-Proj-de-Lei-Ordinaria-04-de-2026.pdf\" target=\"_blank\">Parecer<\/a><br \/>\n<a href=\"https:\/\/www.cmsoledadedeminas.mg.gov.br\/v1\/wp-content\/uploads\/2026\/02\/Projeto-de-Lei-Ordinaria-04-de-2026.pdf\" target=\"_blank\">Projeto de Lei Ordin\u00e1ria 04\/2026<\/a><\/td>\n<\/tr>\n<tr class=\"row-12\">\n\t<td class=\"column-1\">12\/01\/2026<\/td><td class=\"column-2\">Ordin\u00e1ria<\/td><td class=\"column-3\"><strong>Projeto de Lei Ordin\u00e1ria 03\/2026<\/strong><br \/>\nAutoria do Poder Legislativo Municipal. Ementa: Disp\u00f5e sobre o reajuste salarial dos servidores do Poder Legislativo e cont\u00e9m outras provid\u00eancias.<\/td><td class=\"column-4\"><a href=\"https:\/\/www.cmsoledadedeminas.mg.gov.br\/v1\/wp-content\/uploads\/2026\/02\/Parecer-Juridico-Proj-de-Lei-Ordinaria-03-e-05-de-2026.pdf\" target=\"_blank\">Parecer <\/a><br \/>\n<a href=\"https:\/\/www.cmsoledadedeminas.mg.gov.br\/v1\/wp-content\/uploads\/2026\/02\/Projeto-de-Lei-Ordinaria-03-de-2026.pdf\" target=\"_blank\">Projeto de Lei Ordin\u00e1ria 03\/2026<\/a><br \/>\n<br \/>\n<\/td>\n<\/tr>\n<tr class=\"row-13\">\n\t<td class=\"column-1\">09\/01\/2026<\/td><td class=\"column-2\">Complementar<\/td><td class=\"column-3\"><strong>Projeto de Lei Complementar 01\/ 2026<\/strong><br>Autoria do Chefe do Poder Executivo Municipal. Ementa: Disp\u00f5e sobre a autoriza\u00e7\u00e3o para conceder o segundo plano de parcelamento especial a contribuintes com d\u00e9bito inscrito em d\u00edvida ativa do Munic\u00edpio de Soledade de Minas e d\u00e1 outras provid\u00eancias.<br \/>\n<\/td><td class=\"column-4\"><a href=\"https:\/\/www.cmsoledadedeminas.mg.gov.br\/v1\/wp-content\/uploads\/2026\/02\/Projeto-de-Lei-Complementar-01-de-2026.pdf\" target=\"_blank\">Projeto de Lei Complementar 01\/2026<\/a><\/td>\n<\/tr>\n<\/tbody>\n<\/table>\n\t\t\t\t<\/div>\n\t\t\t\t\t<\/div>\n\t\t<\/div>\n\t\t\t\t\t<\/div>\n\t\t<\/section>\n\t\t\t\t<\/div>\n\t\t","protected":false},"excerpt":{"rendered":"<p>Home Projetos de Lei &#8211; 2026<\/p>\n","protected":false},"author":1,"featured_media":0,"parent":1091,"menu_order":0,"comment_status":"closed","ping_status":"closed","template":"page-templates\/no-wrapper.php","meta":{"footnotes":""},"class_list":["post-1580","page","type-page","status-publish"],"_links":{"self":[{"href":"https:\/\/www.cmsoledadedeminas.mg.gov.br\/v1\/wp-json\/wp\/v2\/pages\/1580","targetHints":{"allow":["GET"]}}],"collection":[{"href":"https:\/\/www.cmsoledadedeminas.mg.gov.br\/v1\/wp-json\/wp\/v2\/pages"}],"about":[{"href":"https:\/\/www.cmsoledadedeminas.mg.gov.br\/v1\/wp-json\/wp\/v2\/types\/page"}],"author":[{"embeddable":true,"href":"https:\/\/www.cmsoledadedeminas.mg.gov.br\/v1\/wp-json\/wp\/v2\/users\/1"}],"replies":[{"embeddable":true,"href":"https:\/\/www.cmsoledadedeminas.mg.gov.br\/v1\/wp-json\/wp\/v2\/comments?post=1580"}],"version-history":[{"count":13,"href":"https:\/\/www.cmsoledadedeminas.mg.gov.br\/v1\/wp-json\/wp\/v2\/pages\/1580\/revisions"}],"predecessor-version":[{"id":1762,"href":"https:\/\/www.cmsoledadedeminas.mg.gov.br\/v1\/wp-json\/wp\/v2\/pages\/1580\/revisions\/1762"}],"up":[{"embeddable":true,"href":"https:\/\/www.cmsoledadedeminas.mg.gov.br\/v1\/wp-json\/wp\/v2\/pages\/1091"}],"wp:attachment":[{"href":"https:\/\/www.cmsoledadedeminas.mg.gov.br\/v1\/wp-json\/wp\/v2\/media?parent=1580"}],"curies":[{"name":"wp","href":"https:\/\/api.w.org\/{rel}","templated":true}]}}