{"id":1170,"date":"2026-01-30T23:21:58","date_gmt":"2026-01-30T23:21:58","guid":{"rendered":"https:\/\/www.cmsoledadedeminas.mg.gov.br\/v1\/?page_id=1170"},"modified":"2026-01-31T18:15:39","modified_gmt":"2026-01-31T18:15:39","slug":"licitacoes-2020","status":"publish","type":"page","link":"https:\/\/www.cmsoledadedeminas.mg.gov.br\/v1\/licitacoes\/licitacoes-2020\/","title":{"rendered":"Licita\u00e7\u00f5es &#8211; 2020"},"content":{"rendered":"\t\t<div data-elementor-type=\"wp-page\" data-elementor-id=\"1170\" class=\"elementor elementor-1170\">\n\t\t\t\t\t\t<section class=\"has-el-gap el-gap-default elementor-section elementor-top-section elementor-element elementor-element-49cb8061 elementor-section-boxed elementor-section-height-default elementor-section-height-default\" data-id=\"49cb8061\" data-element_type=\"section\">\n\t\t\t\t\t\t<div class=\"elementor-container elementor-column-gap-no\">\n\t\t\t\t\t<div class=\"elementor-column elementor-col-100 elementor-top-column elementor-element elementor-element-aa0668e\" data-id=\"aa0668e\" data-element_type=\"column\">\n\t\t\t<div class=\"elementor-widget-wrap elementor-element-populated\">\n\t\t\t\t\t\t<div class=\"elementor-element elementor-element-5e567db7 elementor-widget elementor-widget-smartmag-breadcrumbs\" data-id=\"5e567db7\" data-element_type=\"widget\" data-widget_type=\"smartmag-breadcrumbs.default\">\n\t\t\t\t<div class=\"elementor-widget-container\">\n\t\t\t\t\t<nav class=\"breadcrumbs ts-contain breadcrumbs-a\" id=\"breadcrumb\"><div class=\"inner ts-contain \"><span class=\"current\">Home<\/span><\/div><\/nav>\t\t\t\t<\/div>\n\t\t\t\t<\/div>\n\t\t\t\t\t<\/div>\n\t\t<\/div>\n\t\t\t\t\t<\/div>\n\t\t<\/section>\n\t\t\t\t<section class=\"has-el-gap el-gap-default elementor-section elementor-top-section elementor-element elementor-element-1f8de8d4 elementor-section-boxed elementor-section-height-default elementor-section-height-default\" data-id=\"1f8de8d4\" data-element_type=\"section\">\n\t\t\t\t\t\t<div class=\"elementor-container elementor-column-gap-no\">\n\t\t\t\t\t<div class=\"elementor-column elementor-col-100 elementor-top-column elementor-element elementor-element-12f3a565\" data-id=\"12f3a565\" data-element_type=\"column\">\n\t\t\t<div class=\"elementor-widget-wrap elementor-element-populated\">\n\t\t\t\t\t\t<div class=\"elementor-element elementor-element-71fe1d77 elementor-widget elementor-widget-heading\" data-id=\"71fe1d77\" data-element_type=\"widget\" data-widget_type=\"heading.default\">\n\t\t\t\t\t<h2 class=\"elementor-heading-title elementor-size-default\">Licita\u00e7\u00f5es - 2020<\/h2>\t\t\t\t<\/div>\n\t\t\t\t\t<\/div>\n\t\t<\/div>\n\t\t\t\t\t<\/div>\n\t\t<\/section>\n\t\t\t\t<section class=\"has-el-gap el-gap-default elementor-section elementor-top-section elementor-element elementor-element-6073fd37 elementor-section-boxed elementor-section-height-default elementor-section-height-default\" data-id=\"6073fd37\" data-element_type=\"section\">\n\t\t\t\t\t\t<div class=\"elementor-container elementor-column-gap-no\">\n\t\t\t\t\t<div class=\"elementor-column elementor-col-100 elementor-top-column elementor-element elementor-element-7156a402\" data-id=\"7156a402\" data-element_type=\"column\">\n\t\t\t<div class=\"elementor-widget-wrap elementor-element-populated\">\n\t\t\t\t\t\t<div class=\"elementor-element elementor-element-5c12eb91 elementor-widget elementor-widget-spacer\" data-id=\"5c12eb91\" data-element_type=\"widget\" data-widget_type=\"spacer.default\">\n\t\t\t\t\t\t\t<div class=\"elementor-spacer\">\n\t\t\t<div class=\"elementor-spacer-inner\"><\/div>\n\t\t<\/div>\n\t\t\t\t\t\t<\/div>\n\t\t\t\t\t<\/div>\n\t\t<\/div>\n\t\t\t\t\t<\/div>\n\t\t<\/section>\n\t\t\t\t<section class=\"has-el-gap el-gap-default elementor-section elementor-top-section elementor-element elementor-element-17c46d47 elementor-section-boxed elementor-section-height-default elementor-section-height-default\" data-id=\"17c46d47\" data-element_type=\"section\">\n\t\t\t\t\t\t<div class=\"elementor-container elementor-column-gap-no\">\n\t\t\t\t\t<div class=\"elementor-column elementor-col-100 elementor-top-column elementor-element elementor-element-4b1d0601\" data-id=\"4b1d0601\" data-element_type=\"column\">\n\t\t\t<div class=\"elementor-widget-wrap elementor-element-populated\">\n\t\t\t\t\t\t<div class=\"elementor-element elementor-element-5277f0e elementor-widget elementor-widget-html\" data-id=\"5277f0e\" data-element_type=\"widget\" data-widget_type=\"html.default\">\n\t\t\t\t\t\n<table id=\"tablepress-7\" class=\"tablepress tablepress-id-7\">\n<thead>\n<tr class=\"row-1\">\n\t<th class=\"column-1\">Publica\u00e7\u00e3o<\/th><th class=\"column-2\">Descri\u00e7\u00e3o<\/th>\n<\/tr>\n<\/thead>\n<tbody class=\"row-striping row-hover\">\n<tr class=\"row-2\">\n\t<td class=\"column-1\">01\/06\/2021<\/td><td class=\"column-2\"><strong>Dispensa Licita\u00e7\u00e3o 01 Luiz Carlos Bento<\/strong><br \/>\n<strong>Outros Documentos<\/strong><br><a href=\"https:\/\/cmsoledadedeminas.mg.gov.br\/v1\/download\/dispensas_licitacao_2020\/Dispensa-Licitacao-01-Luiz-Carlos-Bento.PDF\">Edital<\/a><br \/>\n<br \/>\n<\/td>\n<\/tr>\n<tr class=\"row-3\">\n\t<td class=\"column-1\">01\/06\/2021<\/td><td class=\"column-2\"><strong>Dispensa Licita\u00e7\u00e3o 02 Marcos Di\u00f3rio<\/strong><br \/>\n<strong>Outros Documentos<\/strong><br><a href=\"https:\/\/cmsoledadedeminas.mg.gov.br\/v1\/download\/dispensas_licitacao_2020\/Dispensa-Licitacao-02-Marcos-Diorio.PDF\">Edital<\/a><\/td>\n<\/tr>\n<tr class=\"row-4\">\n\t<td class=\"column-1\">01\/06\/2021<\/td><td class=\"column-2\"><strong>Dispensa Licita\u00e7\u00e3o 03 Jornal Panorama<\/strong><br \/>\n<strong>Outros Documentos<\/strong><br><a href=\"https:\/\/cmsoledadedeminas.mg.gov.br\/v1\/download\/dispensas_licitacao_2020\/Dispensa-Licitacao-03-Jornal-Panorama.PDF\">Edital<\/a><\/td>\n<\/tr>\n<tr class=\"row-5\">\n\t<td class=\"column-1\">01\/06\/2021<\/td><td class=\"column-2\"><strong>Licita\u00e7\u00e3o 01 Omar 2020<\/strong><br \/>\n<strong>Outros Documentos<\/strong><br><a href=\"https:\/\/cmsoledadedeminas.mg.gov.br\/v1\/download\/dispensas_licitacao_2020\/Licitacao-01Omar-2020.PDF\">Edital<\/a><br \/>\n<br \/>\n<\/td>\n<\/tr>\n<\/tbody>\n<\/table>\n<!-- #tablepress-7 from cache -->\t\t\t\t<\/div>\n\t\t\t\t\t<\/div>\n\t\t<\/div>\n\t\t\t\t\t<\/div>\n\t\t<\/section>\n\t\t\t\t<\/div>\n\t\t","protected":false},"excerpt":{"rendered":"<p>Home Licita\u00e7\u00f5es &#8211; 2020<\/p>\n","protected":false},"author":1,"featured_media":0,"parent":844,"menu_order":0,"comment_status":"closed","ping_status":"closed","template":"page-templates\/no-wrapper.php","meta":{"footnotes":""},"class_list":["post-1170","page","type-page","status-publish"],"_links":{"self":[{"href":"https:\/\/www.cmsoledadedeminas.mg.gov.br\/v1\/wp-json\/wp\/v2\/pages\/1170","targetHints":{"allow":["GET"]}}],"collection":[{"href":"https:\/\/www.cmsoledadedeminas.mg.gov.br\/v1\/wp-json\/wp\/v2\/pages"}],"about":[{"href":"https:\/\/www.cmsoledadedeminas.mg.gov.br\/v1\/wp-json\/wp\/v2\/types\/page"}],"author":[{"embeddable":true,"href":"https:\/\/www.cmsoledadedeminas.mg.gov.br\/v1\/wp-json\/wp\/v2\/users\/1"}],"replies":[{"embeddable":true,"href":"https:\/\/www.cmsoledadedeminas.mg.gov.br\/v1\/wp-json\/wp\/v2\/comments?post=1170"}],"version-history":[{"count":4,"href":"https:\/\/www.cmsoledadedeminas.mg.gov.br\/v1\/wp-json\/wp\/v2\/pages\/1170\/revisions"}],"predecessor-version":[{"id":1175,"href":"https:\/\/www.cmsoledadedeminas.mg.gov.br\/v1\/wp-json\/wp\/v2\/pages\/1170\/revisions\/1175"}],"up":[{"embeddable":true,"href":"https:\/\/www.cmsoledadedeminas.mg.gov.br\/v1\/wp-json\/wp\/v2\/pages\/844"}],"wp:attachment":[{"href":"https:\/\/www.cmsoledadedeminas.mg.gov.br\/v1\/wp-json\/wp\/v2\/media?parent=1170"}],"curies":[{"name":"wp","href":"https:\/\/api.w.org\/{rel}","templated":true}]}}